{"id":315388,"date":"2024-03-09T19:20:24","date_gmt":"2024-03-09T18:21:47","guid":{"rendered":"https:\/\/www.moskito.cz\/produkt\/coltello-sub-con-chiusura-extrema-ratio-bf2-v-stonewashed-04-1000-0147-sw\/"},"modified":"2025-05-07T11:03:24","modified_gmt":"2025-05-07T10:03:24","slug":"coltello-sub-con-chiusura-extrema-ratio-bf2-v-stonewashed-04-1000-0147-sw","status":"publish","type":"product","link":"https:\/\/www.moskito.cz\/it\/produkt\/coltello-sub-con-chiusura-extrema-ratio-bf2-v-stonewashed-04-1000-0147-sw\/","title":{"rendered":"Coltello Sub con Chiusura Extrema Ratio BF2 V STONEWASHED 04.1000.0147\/SW"},"content":{"rendered":"<p>Coltello Sub con Chiusura <strong>Extrema Ratio<\/strong> BF2 V STONEWASHED 04.1000.0147\/SW<\/p>\n<p>Questo coltello \u00e8 stato progettato e perfezionato nei minimi dettagli per il suo utilizzo primario in ambiente marino. La lama ha il filo piatto che permette un taglio simmetrico con un appoggio pi\u00f9 ampio. La punta invece \u00e8 spessa e resistente grazie alla versione tanto, permettendo una maggiore penetrazione ed un taglio pi\u00f9 pulito e preciso. Il processo di finitura stone wash ne facilita l&#8217;individuazione nell&#8217;ambiente marino. La struttura della maniglia in alluminio anodizzato anticorrosivo presenta un design fresato a cerchi concentrici e perforazioni in rilievo e antiscivolo per facilitare il risciacquo con salinit\u00e0. C&#8217;\u00e8 una piccola fessura al centro del manico che consente di stringere o allentare i piccoli anelli. Il BF2 V \u00e8 dotato di una clip a doppia faccia; regolazione arresto vite di chiusura e apertura lama; nodi alla caviglia 70 mm. con meccanismo di fissaggio; aggiustalo. La presentazione del BF2 V \u00e8 avvenuta sulla nave scuola Amerigo Vespucci.<\/p>\n<p>PESO G.: 140<br \/>\nPESO ONCE: 4,9<br \/>\nLUNGHEZZA LAMA: 6,6 cm<br \/>\nLUNGHEZZA TOTALE: 19 cm<br \/>\nSPESSORE LAMA (MM): 0,3 cm<br \/>\nMATERIALE LAMA: ACCIAIO B\u00d6HLER N690 (58HRC)<br \/>\nFINITURA LAMA: STONE WASHED<br \/>\nAFFILATURA DEL COLTELLO: BORDO PIATTO<br \/>\nMATERIALE MANIGLIA: ALLUMINIO ANODIZZATO ANTICORRODALE<br \/>\nCACCIAVITE\/TOGLIANODI MATERIALE: ACCIAIO INOSSIDABILE<\/p>\n","protected":false},"excerpt":{"rendered":"<p><strong>Con sede a Prato, in Italia, Extrema Ratio progetta e produce coltelli da combattimento, militari, da cucina, da caccia e tattici ad alte prestazioni dal 1997 e gode di una reputazione di qualit\u00e0 superiore che non \u00e8 seconda a nessuno nel settore dei coltelli militari e tattici. Trasporto gratuito.<\/strong><\/p>\n","protected":false},"featured_media":315358,"comment_status":"open","ping_status":"closed","template":"","meta":[],"pwb-brand":[3768],"product_brand":[],"product_cat":[3745,3749],"product_tag":[3755],"class_list":{"0":"post-315388","1":"product","2":"type-product","3":"status-publish","4":"has-post-thumbnail","6":"pwb-brand-rapporto-estremo","7":"product_cat-coltelli","8":"product_cat-coltelli-di-chiusura","9":"product_tag-b2b-it","11":"first","12":"instock","13":"taxable","14":"shipping-taxable","15":"purchasable","16":"product-type-simple"},"brands":[{"id":3768,"name":"Rapporto estremo","slug":"rapporto-estremo"}],"_links":{"self":[{"href":"https:\/\/www.moskito.cz\/it\/wp-json\/wp\/v2\/product\/315388","targetHints":{"allow":["GET"]}}],"collection":[{"href":"https:\/\/www.moskito.cz\/it\/wp-json\/wp\/v2\/product"}],"about":[{"href":"https:\/\/www.moskito.cz\/it\/wp-json\/wp\/v2\/types\/product"}],"replies":[{"embeddable":true,"href":"https:\/\/www.moskito.cz\/it\/wp-json\/wp\/v2\/comments?post=315388"}],"wp:featuredmedia":[{"embeddable":true,"href":"https:\/\/www.moskito.cz\/it\/wp-json\/wp\/v2\/media\/315358"}],"wp:attachment":[{"href":"https:\/\/www.moskito.cz\/it\/wp-json\/wp\/v2\/media?parent=315388"}],"wp:term":[{"taxonomy":"pwb-brand","embeddable":true,"href":"https:\/\/www.moskito.cz\/it\/wp-json\/wp\/v2\/pwb-brand?post=315388"},{"taxonomy":"product_brand","embeddable":true,"href":"https:\/\/www.moskito.cz\/it\/wp-json\/wp\/v2\/product_brand?post=315388"},{"taxonomy":"product_cat","embeddable":true,"href":"https:\/\/www.moskito.cz\/it\/wp-json\/wp\/v2\/product_cat?post=315388"},{"taxonomy":"product_tag","embeddable":true,"href":"https:\/\/www.moskito.cz\/it\/wp-json\/wp\/v2\/product_tag?post=315388"}],"curies":[{"name":"wp","href":"https:\/\/api.w.org\/{rel}","templated":true}]}}