{"id":315446,"date":"2024-03-09T20:02:43","date_gmt":"2024-03-09T19:03:32","guid":{"rendered":"https:\/\/www.moskito.cz\/produkt\/coltello-fisso-extrema-ratio-satre-expeditions-04-1000-0222-exp\/"},"modified":"2025-05-07T11:03:26","modified_gmt":"2025-05-07T10:03:26","slug":"coltello-fisso-extrema-ratio-satre-expeditions-04-1000-0222-exp","status":"publish","type":"product","link":"https:\/\/www.moskito.cz\/it\/produkt\/coltello-fisso-extrema-ratio-satre-expeditions-04-1000-0222-exp\/","title":{"rendered":"Coltello Fisso EXTREMA RATIO SATRE EXPEDITIONS 04.1000.0222\/EXP"},"content":{"rendered":"<p>Coltello Fisso <strong>EXTREMA RATIO<\/strong> SATRE EXPEDITIONS 04.1000.0222\/EXP<\/p>\n<p>La serie Expedition \u00e8 una nuova linea di strumenti progettati per i professionisti del rilevamento.<\/p>\n<p><strong>I coltelli della serie Expedition<\/strong> offrono le stesse prestazioni, affidabilit\u00e0 e alta qualit\u00e0 di tutti gli strumenti tattici che Extrema Ratio fornisce alle forze speciali militari e delle forze dell&#8217;ordine.<\/p>\n<p>Il Satre Expeditions, come il modello Satre su cui si basa, \u00e8 un coltello a lama fissa piccolo, leggero ed estremamente resistente. Per le sue propriet\u00e0 viene utilizzato in un&#8217;ampia gamma di campi e applicazioni o come elemento di un kit EDC (Every Day Carry).<\/p>\n<p>\u00c8 stato progettato in collaborazione con Daniele Dal Canto, istruttore Master Advanced. Nella modalit\u00e0 Neck Knife utilizzando paracord 550, \u00e8 possibile tenerlo attorno al collo tenendo il coltello verticalmente con il manico rivolto verso il basso.<\/p>\n<p>Gli occhielli metallici sul fodero preformato in Kydex consentono il fissaggio sia di una corda che di un porta accessori. Su www.extremaratio.com \u00e8 disponibile come opzione il sistema ULTICLIP che consente di fissare la fondina non solo alla cintura, ma anche a tasche, pantaloni, giacche, camicie e t-shirt.<\/p>\n<p>L&#8217;ULTICLIP permette di posizionare il coltello sia orizzontalmente che verticalmente, quindi pu\u00f2 essere utilizzato sia dai mancini che dai destrimani.<\/p>\n<p>La struttura scheletrata full-tang consente di personalizzare il coltello utilizzando Paracord come coprimanico.<\/p>\n<p>Satre Expedition utilizza acciaio B\u00f6hler N690 trattato termicamente a 58 HRC con brunitura MIL-C-13924 e finitura stone wash (finitura Dark Stone). Viene fornito con una fondina in kydex preformata nel colore del deserto che pu\u00f2 essere attaccata al Firesteel per accendere fuochi (fornita all&#8217;interno della scatola).<\/p>\n<p>PESO G.: 78<br \/>\nPESO ONCE: 2,75<br \/>\nLUNGHEZZA LAMA: 7 cm<br \/>\nLUNGHEZZA LAMA (POLLICI): 2,75<br \/>\nLUNGHEZZA TOTALE: 16,3 cm<br \/>\nLUNGHEZZA TOTALE (POLLICI): 6,42<br \/>\nSPESSORE LAMA (MM): 0,5 cm<br \/>\nSPESSORE LAMA (V): 0,19<br \/>\nMATERIALE LAMA: ACCIAIO B\u00d6HLER N690 (58HRC)<br \/>\nFINITURA LAMA: PIETRA SCURA<br \/>\nAFFILATURA DEL COLTELLO: BORDO PIATTO<br \/>\nMATERIALE MANICO: ACCIAIO B\u00d6HLER N690 (58HRC)<\/p>\n<p>&nbsp;<\/p>\n<p><iframe title=\"Extrema Ratio Expeditions Series\" width=\"800\" height=\"450\" src=\"https:\/\/www.youtube.com\/embed\/zzT5fOpMNQU?feature=oembed\" frameborder=\"0\" allow=\"accelerometer; autoplay; clipboard-write; encrypted-media; gyroscope; picture-in-picture; web-share\" allowfullscreen><\/iframe><\/p>\n<p>&nbsp;<\/p>\n","protected":false},"excerpt":{"rendered":"<p><strong>Con sede a Prato, in Italia, Extrema Ratio progetta e produce coltelli da combattimento, militari, da cucina, da caccia e tattici ad alte prestazioni dal 1997 e gode di una reputazione di qualit\u00e0 superiore che non \u00e8 seconda a nessuno nel settore dei coltelli militari e tattici. Trasporto gratuito.<\/strong><\/p>\n","protected":false},"featured_media":315399,"comment_status":"open","ping_status":"closed","template":"","meta":[],"pwb-brand":[3768],"product_brand":[],"product_cat":[3745,3746],"product_tag":[3755],"class_list":{"0":"post-315446","1":"product","2":"type-product","3":"status-publish","4":"has-post-thumbnail","6":"pwb-brand-rapporto-estremo","7":"product_cat-coltelli","8":"product_cat-coltelli-solidi","9":"product_tag-b2b-it","11":"first","12":"instock","13":"taxable","14":"shipping-taxable","15":"purchasable","16":"product-type-simple"},"brands":[{"id":3768,"name":"Rapporto estremo","slug":"rapporto-estremo"}],"_links":{"self":[{"href":"https:\/\/www.moskito.cz\/it\/wp-json\/wp\/v2\/product\/315446","targetHints":{"allow":["GET"]}}],"collection":[{"href":"https:\/\/www.moskito.cz\/it\/wp-json\/wp\/v2\/product"}],"about":[{"href":"https:\/\/www.moskito.cz\/it\/wp-json\/wp\/v2\/types\/product"}],"replies":[{"embeddable":true,"href":"https:\/\/www.moskito.cz\/it\/wp-json\/wp\/v2\/comments?post=315446"}],"wp:featuredmedia":[{"embeddable":true,"href":"https:\/\/www.moskito.cz\/it\/wp-json\/wp\/v2\/media\/315399"}],"wp:attachment":[{"href":"https:\/\/www.moskito.cz\/it\/wp-json\/wp\/v2\/media?parent=315446"}],"wp:term":[{"taxonomy":"pwb-brand","embeddable":true,"href":"https:\/\/www.moskito.cz\/it\/wp-json\/wp\/v2\/pwb-brand?post=315446"},{"taxonomy":"product_brand","embeddable":true,"href":"https:\/\/www.moskito.cz\/it\/wp-json\/wp\/v2\/product_brand?post=315446"},{"taxonomy":"product_cat","embeddable":true,"href":"https:\/\/www.moskito.cz\/it\/wp-json\/wp\/v2\/product_cat?post=315446"},{"taxonomy":"product_tag","embeddable":true,"href":"https:\/\/www.moskito.cz\/it\/wp-json\/wp\/v2\/product_tag?post=315446"}],"curies":[{"name":"wp","href":"https:\/\/api.w.org\/{rel}","templated":true}]}}