{"id":315766,"date":"2024-03-10T21:21:20","date_gmt":"2024-03-11T08:23:11","guid":{"rendered":"https:\/\/www.moskito.cz\/produkt\/coltello-da-tiro-microtech-hawk-karambit-266-1t\/"},"modified":"2025-05-07T11:03:35","modified_gmt":"2025-05-07T10:03:35","slug":"coltello-da-tiro-microtech-hawk-karambit-266-1t","status":"publish","type":"product","link":"https:\/\/www.moskito.cz\/it\/produkt\/coltello-da-tiro-microtech-hawk-karambit-266-1t\/","title":{"rendered":"Coltello da tiro Microtech Hawk Karambit 266-1T"},"content":{"rendered":"<p>Coltello da tiro <strong>Microtech<\/strong> Hawk Karambit 266-1T<\/p>\n<p>Il 2019 ha visto la rinascita del classico coltello automatico a pulsante Hawk. Lanciato originariamente nel 1996, questo coltello reinventa un componente classico con caratteristiche estetiche aggiornate rielaborate per una finitura pi\u00f9 liscia e una maggiore funzionalit\u00e0. Ora il Falco \u00e8 pienamente realizzato come karambit tattico con anello da mignolo. Presenta ancora la stessa efficiente lama embricata e il meccanismo di sparo automatico che lo rendono un robusto componente tattico. L&#8217;eccellente ergonomia, il rompivetro in carburo e la pedalata esattamente dove serve &#8211; nell&#8217;impugnatura anteriore e posteriore &#8211; sono evidenti al primo sguardo. Ma sono l&#8217;incredibile design del dorso, le tolleranze strette e l&#8217;azione superiore invisibile a fare la differenza. Questo coltello \u00e8 semplicemente stupendo e cattura perfettamente il famoso design Hawk.<\/p>\n<p>Specifiche<br \/>\nLunghezza lama: 10 cm<br \/>\nLunghezza da chiuso: 12,5 cm<br \/>\nLunghezza totale: 25 cm<br \/>\nMateriale lama: M390<br \/>\nStile lama: Karambit<br \/>\nAffilatura della lama: piatta<br \/>\nFinitura lama: nera<br \/>\nMateriale impugnatura: alluminio nero 6061-T6 con inserti testurizzati<br \/>\nSpessore della maniglia: 0,53&#8243;<br \/>\nMeccanismo di chiusura: pulsante<br \/>\nClip da tasca: acciaio inossidabile (apribile, indossabile a destra)<br \/>\nPeso: 5,2 once<br \/>\nProgettista: Tony Marfione<br \/>\nFabbricato negli Usa<\/p>\n<p><iframe title=\"Microtech Combat Troodon Torture Test\" width=\"800\" height=\"450\" src=\"https:\/\/www.youtube.com\/embed\/xE9TeOFYEjg?feature=oembed\" frameborder=\"0\" allow=\"accelerometer; autoplay; clipboard-write; encrypted-media; gyroscope; picture-in-picture; web-share\" allowfullscreen><\/iframe><\/p>\n<p>&nbsp;<\/p>\n","protected":false},"excerpt":{"rendered":"<p><strong>Nel corso degli anni, Microtech\u00ae Knives ha riempito i coltelli con passione e competenza per creare quasi opere d&#8217;arte che sono l&#8217;apice della funzionalit\u00e0. Tutte le parti sono prodotte negli Stati Uniti.<\/strong><br \/>\n<strong>Tutti i coltelli Microtech sono coperti da una garanzia a vita.<\/strong><\/p>\n<p><strong>Trasporto gratuito.<\/strong><\/p>\n","protected":false},"featured_media":315718,"comment_status":"open","ping_status":"closed","template":"","meta":[],"pwb-brand":[3753],"product_brand":[],"product_cat":[3745,3748],"product_tag":[3755],"class_list":{"0":"post-315766","1":"product","2":"type-product","3":"status-publish","4":"has-post-thumbnail","6":"pwb-brand-microtecnologia-it","7":"product_cat-coltelli","8":"product_cat-coltelli-da-tiro","9":"product_tag-b2b-it","11":"first","12":"instock","13":"taxable","14":"shipping-taxable","15":"purchasable","16":"product-type-simple"},"brands":[{"id":3753,"name":"Microtecnologia","slug":"microtecnologia-it"}],"_links":{"self":[{"href":"https:\/\/www.moskito.cz\/it\/wp-json\/wp\/v2\/product\/315766","targetHints":{"allow":["GET"]}}],"collection":[{"href":"https:\/\/www.moskito.cz\/it\/wp-json\/wp\/v2\/product"}],"about":[{"href":"https:\/\/www.moskito.cz\/it\/wp-json\/wp\/v2\/types\/product"}],"replies":[{"embeddable":true,"href":"https:\/\/www.moskito.cz\/it\/wp-json\/wp\/v2\/comments?post=315766"}],"wp:featuredmedia":[{"embeddable":true,"href":"https:\/\/www.moskito.cz\/it\/wp-json\/wp\/v2\/media\/315718"}],"wp:attachment":[{"href":"https:\/\/www.moskito.cz\/it\/wp-json\/wp\/v2\/media?parent=315766"}],"wp:term":[{"taxonomy":"pwb-brand","embeddable":true,"href":"https:\/\/www.moskito.cz\/it\/wp-json\/wp\/v2\/pwb-brand?post=315766"},{"taxonomy":"product_brand","embeddable":true,"href":"https:\/\/www.moskito.cz\/it\/wp-json\/wp\/v2\/product_brand?post=315766"},{"taxonomy":"product_cat","embeddable":true,"href":"https:\/\/www.moskito.cz\/it\/wp-json\/wp\/v2\/product_cat?post=315766"},{"taxonomy":"product_tag","embeddable":true,"href":"https:\/\/www.moskito.cz\/it\/wp-json\/wp\/v2\/product_tag?post=315766"}],"curies":[{"name":"wp","href":"https:\/\/api.w.org\/{rel}","templated":true}]}}