{"id":316140,"date":"2024-03-12T21:48:32","date_gmt":"2024-03-12T20:49:03","guid":{"rendered":"https:\/\/www.moskito.cz\/produkt\/coltello-da-tiro-microtech-signature-series-daytona-stonewashed-126-10rdbis\/"},"modified":"2025-05-07T11:03:45","modified_gmt":"2025-05-07T10:03:45","slug":"coltello-da-tiro-microtech-signature-series-daytona-stonewashed-126-10rdbis","status":"publish","type":"product","link":"https:\/\/www.moskito.cz\/it\/produkt\/coltello-da-tiro-microtech-signature-series-daytona-stonewashed-126-10rdbis\/","title":{"rendered":"Coltello da tiro Microtech Signature Series Daytona Stonewashed 126-10RDBIS"},"content":{"rendered":"<p>Coltello da tiro <strong>Microtech<\/strong> Signature Series Daytona Stonewashed 126-10RDBIS<\/p>\n<p><strong>Il coltello automatico Microtech<\/strong> Daytona Out-the-Front \u00e8 stato il protagonista della linea <strong>Microtech Knives<\/strong> nel 2009 e si \u00e8 rivelato un grande venditore quando \u00e8 stato disponibile. Con le dimensioni dell&#8217;85% del Microtech Ultratech, il Microtech Daytona \u00e8 realizzato con gli stessi materiali, sulle stesse macchine e con la stessa ingegnosit\u00e0 del suo predecessore. Vari inserti aggiungono classe e stile a questo coltello. <strong>Il Microtech<\/strong> Daytona \u00e8 il coltello perfetto per tutte le situazioni, qualunque sia il tuo compito di taglio, si adatta perfettamente al tuo stile di vita. Grazie all&#8217;apertura e chiusura rapida con una sola mano, il lavoro viene svolto in pochi secondi.<\/p>\n<p>Specifiche:<br \/>\nLunghezza lama: 8 cm<br \/>\nLunghezza da chiuso: 11,25 cm<br \/>\nLunghezza totale: 19 cm<br \/>\nAcciaio: M390<br \/>\nStile della lama: pugnale a doppio taglio<br \/>\nAffilatura della lama: piatta<br \/>\nTrattamento superficiale della lama: Stonewash<br \/>\nMateriale impugnatura: Alluminio rosso con inserti in bubble titanio<br \/>\nSpessore manico: 0,565&#8243;<br \/>\nMeccanismo di chiusura: scorrevole<br \/>\nClip da tasca: acciaio inossidabile (pieghevole, usura destra\/sinistra)<br \/>\nPeso: 3,53 once.<br \/>\nProgettista: Tony Marfione<br \/>\nFabbricato negli Usa<\/p>\n<p><iframe title=\"Microtech Combat Troodon Torture Test\" width=\"800\" height=\"450\" src=\"https:\/\/www.youtube.com\/embed\/xE9TeOFYEjg?feature=oembed\" frameborder=\"0\" allow=\"accelerometer; autoplay; clipboard-write; encrypted-media; gyroscope; picture-in-picture; web-share\" allowfullscreen><\/iframe><\/p>\n<p>&nbsp;<\/p>\n","protected":false},"excerpt":{"rendered":"<p><strong>Nel corso degli anni, Microtech\u00ae Knives ha riempito i coltelli con passione e competenza per creare quasi opere d&#8217;arte che sono l&#8217;apice della funzionalit\u00e0. Tutte le parti sono prodotte negli Stati Uniti.<\/strong><br \/>\n<strong>Tutti i coltelli Microtech sono garantiti a vita (min. 80.000 cicli, apertura e chiusura)<\/strong><\/p>\n<p><strong>Trasporto gratuito.<\/strong><\/p>\n","protected":false},"featured_media":316094,"comment_status":"open","ping_status":"closed","template":"","meta":[],"pwb-brand":[3753],"product_brand":[],"product_cat":[3745,3748],"product_tag":[3755],"class_list":{"0":"post-316140","1":"product","2":"type-product","3":"status-publish","4":"has-post-thumbnail","6":"pwb-brand-microtecnologia-it","7":"product_cat-coltelli","8":"product_cat-coltelli-da-tiro","9":"product_tag-b2b-it","11":"first","12":"outofstock","13":"taxable","14":"shipping-taxable","15":"purchasable","16":"product-type-simple"},"brands":[{"id":3753,"name":"Microtecnologia","slug":"microtecnologia-it"}],"_links":{"self":[{"href":"https:\/\/www.moskito.cz\/it\/wp-json\/wp\/v2\/product\/316140","targetHints":{"allow":["GET"]}}],"collection":[{"href":"https:\/\/www.moskito.cz\/it\/wp-json\/wp\/v2\/product"}],"about":[{"href":"https:\/\/www.moskito.cz\/it\/wp-json\/wp\/v2\/types\/product"}],"replies":[{"embeddable":true,"href":"https:\/\/www.moskito.cz\/it\/wp-json\/wp\/v2\/comments?post=316140"}],"wp:featuredmedia":[{"embeddable":true,"href":"https:\/\/www.moskito.cz\/it\/wp-json\/wp\/v2\/media\/316094"}],"wp:attachment":[{"href":"https:\/\/www.moskito.cz\/it\/wp-json\/wp\/v2\/media?parent=316140"}],"wp:term":[{"taxonomy":"pwb-brand","embeddable":true,"href":"https:\/\/www.moskito.cz\/it\/wp-json\/wp\/v2\/pwb-brand?post=316140"},{"taxonomy":"product_brand","embeddable":true,"href":"https:\/\/www.moskito.cz\/it\/wp-json\/wp\/v2\/product_brand?post=316140"},{"taxonomy":"product_cat","embeddable":true,"href":"https:\/\/www.moskito.cz\/it\/wp-json\/wp\/v2\/product_cat?post=316140"},{"taxonomy":"product_tag","embeddable":true,"href":"https:\/\/www.moskito.cz\/it\/wp-json\/wp\/v2\/product_tag?post=316140"}],"curies":[{"name":"wp","href":"https:\/\/api.w.org\/{rel}","templated":true}]}}