{"id":316393,"date":"2024-03-13T00:04:07","date_gmt":"2024-03-12T23:04:07","guid":{"rendered":"https:\/\/www.moskito.cz\/produkt\/coltello-di-chiusura-emerson-cqc-8\/"},"modified":"2025-05-07T11:03:53","modified_gmt":"2025-05-07T10:03:53","slug":"coltello-di-chiusura-emerson-cqc-8","status":"publish","type":"product","link":"https:\/\/www.moskito.cz\/it\/produkt\/coltello-di-chiusura-emerson-cqc-8\/","title":{"rendered":"Coltello di chiusura Emerson CQC-8"},"content":{"rendered":"<p>Coltello di chiusura <strong>Emerson<\/strong> CQC-8<\/p>\n<p>A chi non piacciono le curve? Il CQC-8 ha tutte le curve dall&#8217;inizio alla fine e si sente benissimo in mano. Questo coltello \u00e8 di natura tattica ma funzionale. Adatto per il campeggio, l&#8217;escursionismo, la caccia o il pattugliamento, il CQC-8 \u00e8 un coltello che lavora sodo, sempre e ovunque.<\/p>\n<p>Dopo tante richieste per aggiungere una modifica alla pinna al CQC-8, abbiamo finalmente finito il primo coltello.<br \/>\nQuando la lama \u00e8 in posizione aperta, la linguetta dell&#8217;aletta \u00e8 completamente nascosta. Capovolgi, saluta o sfoglia e apri questo iconico design Emerson.<\/p>\n<p><strong>Il coltello pieghevole tattico Emerson<\/strong> CQC-8 \u00e8 stato a lungo considerato uno dei migliori design da combattimento che abbiamo mai prodotto. Ergonomia e design della lama si sono uniti per creare un connubio perfetto. \u00c8 perfettamente bilanciato nell&#8217;impegno in avanti e all&#8217;indietro. \u00c8 dotato di una lama di salita semplice ma efficace abbinata alla nostra funzione brevettata Emerson Wave e ora di una pinna portante. Ha l&#8217;onore di essere nella nostra Top 3 dei coltelli pi\u00f9 popolari, insieme al Combat Karambit e al CQC-7.<\/p>\n<p>\u201cL&#8217;Emerson CQC-8 \u00e8 da anni il preferito di alcuni ambienti del famoso reggimento SAS britannico ed \u00e8 in azione sin dal conflitto in Bosnia. \u00c8 un vero veterano agguerrito che, dagli anni &#8217;80, anni hanno visto l&#8217;azione in ogni teatro. \u2013 30 anni e andiamo ancora forte!\u201d<\/p>\n<p>Acciaio: 154 CM<br \/>\nLunghezza lama: 10,7 cm<br \/>\nLunghezza dell&#8217;intero coltello: 25,8 cm<br \/>\nManiglia: G-10<br \/>\nClip nera<br \/>\nFabbricato negli Usa<\/p>\n<p>&nbsp;<\/p>\n<p><iframe title=\"CQC-8 | Know Your Emerson\" width=\"800\" height=\"450\" src=\"https:\/\/www.youtube.com\/embed\/XdEsU0Txlqw?feature=oembed\" frameborder=\"0\" allow=\"accelerometer; autoplay; clipboard-write; encrypted-media; gyroscope; picture-in-picture; web-share\" allowfullscreen><\/iframe><\/p>\n<p>&nbsp;<\/p>\n<p>&nbsp;<\/p>\n<p>&nbsp;<\/p>\n","protected":false},"excerpt":{"rendered":"<p><strong>I COLTELLI EMERSON SONO RICERCATI DAI MILITARI D&#8217;ELITE E DALLE FORZE DELL&#8217;ORDINE<\/strong><br \/>\n<strong>DA TRUPPE IN TUTTO IL MONDO E STABILISCE LO STANDARD CON CUI TUTTI GLI ALTRI COLTELLI TATTICI VENGONO GIUDICATI.<\/strong><\/p>\n<p>Trasporto gratuito.<\/p>\n","protected":false},"featured_media":316359,"comment_status":"open","ping_status":"closed","template":"","meta":[],"pwb-brand":[3783],"product_brand":[],"product_cat":[3749,3745],"product_tag":[3755],"class_list":{"0":"post-316393","1":"product","2":"type-product","3":"status-publish","4":"has-post-thumbnail","6":"pwb-brand-emerson-it","7":"product_cat-coltelli-di-chiusura","8":"product_cat-coltelli","9":"product_tag-b2b-it","11":"first","12":"outofstock","13":"taxable","14":"shipping-taxable","15":"purchasable","16":"product-type-simple"},"brands":[{"id":3783,"name":"Emerson","slug":"emerson-it"}],"_links":{"self":[{"href":"https:\/\/www.moskito.cz\/it\/wp-json\/wp\/v2\/product\/316393","targetHints":{"allow":["GET"]}}],"collection":[{"href":"https:\/\/www.moskito.cz\/it\/wp-json\/wp\/v2\/product"}],"about":[{"href":"https:\/\/www.moskito.cz\/it\/wp-json\/wp\/v2\/types\/product"}],"replies":[{"embeddable":true,"href":"https:\/\/www.moskito.cz\/it\/wp-json\/wp\/v2\/comments?post=316393"}],"wp:featuredmedia":[{"embeddable":true,"href":"https:\/\/www.moskito.cz\/it\/wp-json\/wp\/v2\/media\/316359"}],"wp:attachment":[{"href":"https:\/\/www.moskito.cz\/it\/wp-json\/wp\/v2\/media?parent=316393"}],"wp:term":[{"taxonomy":"pwb-brand","embeddable":true,"href":"https:\/\/www.moskito.cz\/it\/wp-json\/wp\/v2\/pwb-brand?post=316393"},{"taxonomy":"product_brand","embeddable":true,"href":"https:\/\/www.moskito.cz\/it\/wp-json\/wp\/v2\/product_brand?post=316393"},{"taxonomy":"product_cat","embeddable":true,"href":"https:\/\/www.moskito.cz\/it\/wp-json\/wp\/v2\/product_cat?post=316393"},{"taxonomy":"product_tag","embeddable":true,"href":"https:\/\/www.moskito.cz\/it\/wp-json\/wp\/v2\/product_tag?post=316393"}],"curies":[{"name":"wp","href":"https:\/\/api.w.org\/{rel}","templated":true}]}}