{"id":316432,"date":"2024-03-13T21:25:06","date_gmt":"2024-03-13T20:25:40","guid":{"rendered":"https:\/\/www.moskito.cz\/produkt\/coltello-di-chiusura-emerson-tko-sf\/"},"modified":"2025-05-07T11:03:54","modified_gmt":"2025-05-07T10:03:54","slug":"coltello-di-chiusura-emerson-tko-sf","status":"publish","type":"product","link":"https:\/\/www.moskito.cz\/it\/produkt\/coltello-di-chiusura-emerson-tko-sf\/","title":{"rendered":"Coltello di chiusura Emerson TKO SF"},"content":{"rendered":"<p>Coltello di chiusura <strong>Emerson<\/strong> TKO SF<\/p>\n<p>Ernest <strong>Emerson<\/strong> inizi\u00f2 a realizzare coltelli personalizzati nel suo garage nel 1979. Si afferm\u00f2 rapidamente come produttore di coltelli, grazie in egual misura alla sua esperienza come artigiano (creatore di utensili e matrici), al suo interesse artistico per il design e alla sua esperienza pratica come uno degli artigiani pi\u00f9 ricercati e rispettati al mondo. istruttori di combattimento corpo a corpo. Il lavoro di Emerson \u00e8 stato presentato ed esposto al Metropolitan Museum of Art e allo Smithsonian Museum. Sono pochi gli artisti viventi che possono affermarlo. In qualit\u00e0 di istruttore di combattimento corpo a corpo e abilit\u00e0 con le armi da taglio, il signor Emerson ha insegnato ai guerrieri pi\u00f9 elitari del mondo, dai Navy SEAL degli Stati Uniti alle guardie parlamentari di Londra e ovunque nel mezzo. \u00c8 autore di numerosi articoli, libri e video su tattica, allenamento e combattimento. Essendo uno degli istruttori pi\u00f9 ricercati al mondo, \u00e8 molto richiesto per seminari e conferenze per agenzie civili, militari e di polizia. \u00c8 membro della Martial Arts Hall of Fame insieme a nomi venerabili come Bruce Lee e Chuck Norris. In effetti, l&#8217;unico produttore di coltelli conosciuto che possiede e gestisce anche una propria struttura di allenamento \u00e8 la &#8220;Black Shamrock Combat Academy Gym&#8221; di livello mondiale a Los Angeles, California.<\/p>\n<p>Tim Kennedy me lo ha spiegato molto chiaramente. &#8220;Il design di questo coltello doveva soddisfare due requisiti fondamentali. Deve funzionare sia come strumento che come arma in un ambiente di combattimento e, in secondo luogo, deve essere un coltello che chiunque possa portare comodamente in tutte le circostanze.<\/p>\n<p>Questo mi ha dato abbastanza lavoro.<\/p>\n<p>Per iniziare a soddisfare questi requisiti, sapevo che la lama doveva essere una combinazione di utilit\u00e0, forza e arma. Il risultato \u00e8 una lama lunga 3,80 pollici per una lunghezza del tagliente affilata come un rasoio e un grande potere penetrante. \u00c8 alto 1.100 pollici nel punto pi\u00f9 largo (da bordo a retro) e spesso 1,25 pollici. Il design della lama presenta un bordo comodo ma funzionale sulla parte superiore della lama e un apri pollice per una facile apertura con una sola mano anche quando si indossano i guanti. Presenta un design a punta rialzata con una curva delicata che inizia dal pulsante del pollice e sfocia in una linea superiore lunga, aggraziata e ritagliata che crea una forte sezione trasversale all&#8217;intersezione della punta e una punta molto appuntita (&#8220;pugnalata&#8221; come la chiama Tim ) progettazione complessiva. La punta \u00e8 posizionata direttamente sulla linea centrale della lama per ottenere l&#8217;uso o il trasferimento della forza pi\u00f9 efficiente quando viene spinta in avanti. L&#8217;acciaio \u00e8 un acciaio da 1,54 cm testato in battaglia, trattato termicamente per resistere anche a una comprovata durezza Rockwell da 57 a 59, offrendoti un coltello che ha flessibilit\u00e0, durezza appena sufficienti per trattenere la lama e facilit\u00e0 di affilatura negli ambienti pi\u00f9 estremi o portatori di handicap e intolleranti . .<\/p>\n<p>Maniglia.<\/p>\n<p>Tim ha anche chiesto che il coltello fosse il pi\u00f9 comodo e sicuro possibile. L&#8217;impugnatura che ho progettato presenta il caratteristico design Emerson deep choil per evitare che la mano scivoli in avanti durante un uso estremo e due comode curve di posizionamento delle dita che terminano nella parte inferiore posteriore dell&#8217;impugnatura. \u00c8 un perfetto esempio dell&#8217;ergonomia <strong>Emerson<\/strong> , per la quale sono noti tutti i design <strong>Emerson<\/strong> . La serratura \u00e8 realizzata in titanio 6Al4V di grado aeronautico e le maniglie sono resistenti all&#8217;uso G10 con una superficie a quadretti media che \u00e8 impermeabile ad acqua, olio, carburante e altri fluidi e liquidi.<\/p>\n<p>Tim \u00e8 stato molto specifico riguardo alla dimensione complessiva del coltello in quanto si riferiva a un coltello duro\/da combattimento. Eravamo entrambi d&#8217;accordo sul fatto che un coltello, a differenza di una lama fissa, doveva essere di dimensioni tali da poter essere comodamente trasportato da un soldato, un poliziotto o un civile in qualsiasi momento, in qualsiasi momento, in qualsiasi luogo. Se un coltello \u00e8 troppo grande, troppo ingombrante o troppo pesante, \u00e8 pi\u00f9 probabile che sia nel vano portaoggetti o su uno scaffale quando dovrebbe essere in tasca quando ne hai bisogno, veloce, veloce e di fretta. Dopotutto, ricorda sempre che quando si verificano situazioni di violenza o di emergenza, non puoi scegliere, saranno loro a scegliere te. Misurando 9,0 pollici in totale e 5,530 pollici quando chiuso, il coltello \u00e8 dotato di una comoda clip da tasca, quindi dovrebbe essere sempre pronto per essere utilizzato come compagno tascabile costante.<\/p>\n<p>Quindi il design del coltello pieghevole TKF viene da due ragazzi che sanno qualcosa sui coltelli pesanti e cosa dovrebbe fare un coltello quando ne hai bisogno.<\/p>\n<p>Penso che ce l&#8217;abbiamo fatta. Sia pratico che tattico, questo design soddisfer\u00e0 le esigenze di qualsiasi soldato, marinaio, aviatore o marine, soddisfacendo al tempo stesso le esigenze di qualsiasi operatore delle forze dell&#8217;ordine, nonch\u00e9 qualsiasi esigenza di trasporto quotidiano, civile e robusto.<\/p>\n<p>Credimi sulla parola. Questo coltello diventer\u00e0 un altro iconico design di combattimento\/tattico <strong>di Emerson<\/strong> perch\u00e9, come ho gi\u00e0 detto molte volte, &#8220;non puoi battere l&#8217;esperienza&#8221;. E in questo caso, Ernest Emerson e Tim Kennedy hanno portato molte barche a questo progetto. Metterei in gioco la mia reputazione, e la mia vita, su questo coltello.<\/p>\n<p>Oh s\u00ec, \u00e8 prodotto al 100% in America&#8230; fino all&#8217;ultima vite.<\/p>\n<p>Usalo, abusalo, semplicemente non perderlo.<\/p>\n<p>Distinti saluti,<\/p>\n<p>Ernest Emerson.<\/p>\n<p>Lunghezza lama: 9,37 cm<\/p>\n<p>Lunghezza totale: 22,5 cm<\/p>\n<p>Acciaio: 154 cm<\/p>\n<p>Peso (oz) 5,36<\/p>\n<p>&nbsp;<\/p>\n<p>&nbsp;<\/p>\n","protected":false},"excerpt":{"rendered":"<p><strong>I COLTELLI EMERSON SONO RICERCATI DAI MILITARI D&#8217;ELITE E DALLE FORZE DELL&#8217;ORDINE<\/strong><br \/>\n<strong>DA TRUPPE IN TUTTO IL MONDO E STABILISCE LO STANDARD CON CUI TUTTI GLI ALTRI COLTELLI TATTICI VENGONO GIUDICATI.<\/strong><\/p>\n<p>Trasporto gratuito.<\/p>\n","protected":false},"featured_media":316419,"comment_status":"open","ping_status":"closed","template":"","meta":[],"pwb-brand":[3783],"product_brand":[],"product_cat":[3745,3749],"product_tag":[3755],"class_list":{"0":"post-316432","1":"product","2":"type-product","3":"status-publish","4":"has-post-thumbnail","6":"pwb-brand-emerson-it","7":"product_cat-coltelli","8":"product_cat-coltelli-di-chiusura","9":"product_tag-b2b-it","11":"first","12":"outofstock","13":"taxable","14":"shipping-taxable","15":"purchasable","16":"product-type-simple"},"brands":[{"id":3783,"name":"Emerson","slug":"emerson-it"}],"_links":{"self":[{"href":"https:\/\/www.moskito.cz\/it\/wp-json\/wp\/v2\/product\/316432","targetHints":{"allow":["GET"]}}],"collection":[{"href":"https:\/\/www.moskito.cz\/it\/wp-json\/wp\/v2\/product"}],"about":[{"href":"https:\/\/www.moskito.cz\/it\/wp-json\/wp\/v2\/types\/product"}],"replies":[{"embeddable":true,"href":"https:\/\/www.moskito.cz\/it\/wp-json\/wp\/v2\/comments?post=316432"}],"wp:featuredmedia":[{"embeddable":true,"href":"https:\/\/www.moskito.cz\/it\/wp-json\/wp\/v2\/media\/316419"}],"wp:attachment":[{"href":"https:\/\/www.moskito.cz\/it\/wp-json\/wp\/v2\/media?parent=316432"}],"wp:term":[{"taxonomy":"pwb-brand","embeddable":true,"href":"https:\/\/www.moskito.cz\/it\/wp-json\/wp\/v2\/pwb-brand?post=316432"},{"taxonomy":"product_brand","embeddable":true,"href":"https:\/\/www.moskito.cz\/it\/wp-json\/wp\/v2\/product_brand?post=316432"},{"taxonomy":"product_cat","embeddable":true,"href":"https:\/\/www.moskito.cz\/it\/wp-json\/wp\/v2\/product_cat?post=316432"},{"taxonomy":"product_tag","embeddable":true,"href":"https:\/\/www.moskito.cz\/it\/wp-json\/wp\/v2\/product_tag?post=316432"}],"curies":[{"name":"wp","href":"https:\/\/api.w.org\/{rel}","templated":true}]}}