{"id":317024,"date":"2023-08-11T20:09:39","date_gmt":"2024-03-14T22:00:26","guid":{"rendered":"https:\/\/www.moskito.cz\/produkt\/coltello-da-tiro-microtech-ultratech-verde-cerakote-122-1cod\/"},"modified":"2025-05-07T11:04:13","modified_gmt":"2025-05-07T10:04:13","slug":"coltello-da-tiro-microtech-ultratech-verde-cerakote-122-1cod","status":"publish","type":"product","link":"https:\/\/www.moskito.cz\/it\/produkt\/coltello-da-tiro-microtech-ultratech-verde-cerakote-122-1cod\/","title":{"rendered":"Coltello da Tiro Microtech Ultratech Verde Cerakote 122-1COD"},"content":{"rendered":"<p>Coltello da Tiro <strong>Microtech<\/strong> Ultratech Verde Cerakote 122-1COD<\/p>\n<p>Ultratech di Microtech \u00e8 uno dei modelli pi\u00f9 popolari e offre sicuramente il miglior rapporto qualit\u00e0-prezzo. Stabilir\u00e0 per sempre lo standard per tutti i coltelli anteriori. L&#8217;Ultratech \u00e8 l&#8217;originale coltello frontale a doppia azione di Microtech ed \u00e8 stato la base dell&#8217;intera linea OTF. Ha subito diverse modifiche nel corso degli anni, diventando ogni volta pi\u00f9 efficiente ed affidabile. La molla Ultratech rimane sempre in posizione di &#8220;riposo&#8221;, tranne quando \u00e8 allungata. Ci\u00f2 garantisce che la molla compressa non si affatichi, garantendo agli utenti che quando il coltello viene azionato, funzioner\u00e0 in modo efficace. Coltello Ultratech leggero con apertura e chiusura con una sola mano, forma sottile e lama affilata da bisturi lo rendono un coltello unico!<\/p>\n<p>Questo modello presenta una maniglia in alluminio 6061 con finitura Cerakote in verde con il logo Microtech Claw sul davanti. Lama rivestita in Cerakote a doppio filo in acciaio inossidabile M390 OD verde con taglienti standard. Hardware verde OD con finitura Cerakote, clip da tasca reversibile, foro per cordino e rompi-vetro. La lama ha informazioni sul modello. La clip riporta il logo Microtech, numero di serie e data di produzione.<\/p>\n<p>Paese di origine: Stati Uniti<br \/>\nMateriale manico: alluminio<br \/>\nMateriale lama: M390<br \/>\nStile della lama: pugnale a doppio taglio<br \/>\nFinitura lama: OD verde<br \/>\nTipo di bordo: standard<br \/>\nModello\/modello: Ultratech<br \/>\nTipo di coltello: OTF automatico a doppia azione<br \/>\nTipo di blocco: anteriore<br \/>\nLunghezza lama: 8,45 cm<br \/>\nLunghezza manico: 12,5 cm<br \/>\nPeso: 3,5 once<\/p>\n<p><iframe title=\"Microtech Combat Troodon Torture Test\" width=\"800\" height=\"450\" src=\"https:\/\/www.youtube.com\/embed\/xE9TeOFYEjg?feature=oembed\" frameborder=\"0\" allow=\"accelerometer; autoplay; clipboard-write; encrypted-media; gyroscope; picture-in-picture; web-share\" allowfullscreen><\/iframe><\/p>\n<p>&nbsp;<\/p>\n<p>&nbsp;<\/p>\n","protected":false},"excerpt":{"rendered":"<p><strong>Ultratech di Microtech \u00e8 uno dei modelli pi\u00f9 popolari e offre sicuramente il miglior rapporto qualit\u00e0-prezzo.<\/strong><\/p>\n<p><strong>Tutti i coltelli Microtech sono coperti da una garanzia a vita. Trasporto gratuito.<\/strong><\/p>\n","protected":false},"featured_media":317051,"comment_status":"open","ping_status":"closed","template":"","meta":[],"pwb-brand":[3753],"product_brand":[],"product_cat":[3745,3748],"product_tag":[3755],"class_list":{"0":"post-317024","1":"product","2":"type-product","3":"status-publish","4":"has-post-thumbnail","6":"pwb-brand-microtecnologia-it","7":"product_cat-coltelli","8":"product_cat-coltelli-da-tiro","9":"product_tag-b2b-it","11":"first","12":"instock","13":"taxable","14":"shipping-taxable","15":"purchasable","16":"product-type-simple"},"brands":[{"id":3753,"name":"Microtecnologia","slug":"microtecnologia-it"}],"_links":{"self":[{"href":"https:\/\/www.moskito.cz\/it\/wp-json\/wp\/v2\/product\/317024","targetHints":{"allow":["GET"]}}],"collection":[{"href":"https:\/\/www.moskito.cz\/it\/wp-json\/wp\/v2\/product"}],"about":[{"href":"https:\/\/www.moskito.cz\/it\/wp-json\/wp\/v2\/types\/product"}],"replies":[{"embeddable":true,"href":"https:\/\/www.moskito.cz\/it\/wp-json\/wp\/v2\/comments?post=317024"}],"wp:featuredmedia":[{"embeddable":true,"href":"https:\/\/www.moskito.cz\/it\/wp-json\/wp\/v2\/media\/317051"}],"wp:attachment":[{"href":"https:\/\/www.moskito.cz\/it\/wp-json\/wp\/v2\/media?parent=317024"}],"wp:term":[{"taxonomy":"pwb-brand","embeddable":true,"href":"https:\/\/www.moskito.cz\/it\/wp-json\/wp\/v2\/pwb-brand?post=317024"},{"taxonomy":"product_brand","embeddable":true,"href":"https:\/\/www.moskito.cz\/it\/wp-json\/wp\/v2\/product_brand?post=317024"},{"taxonomy":"product_cat","embeddable":true,"href":"https:\/\/www.moskito.cz\/it\/wp-json\/wp\/v2\/product_cat?post=317024"},{"taxonomy":"product_tag","embeddable":true,"href":"https:\/\/www.moskito.cz\/it\/wp-json\/wp\/v2\/product_tag?post=317024"}],"curies":[{"name":"wp","href":"https:\/\/api.w.org\/{rel}","templated":true}]}}