{"id":317120,"date":"2023-07-03T20:20:03","date_gmt":"2024-03-14T22:00:40","guid":{"rendered":"https:\/\/www.moskito.cz\/produkt\/coltello-da-tiro-microtech-ultratech-apocalyptic-122-10apmr\/"},"modified":"2025-05-07T11:04:15","modified_gmt":"2025-05-07T10:04:15","slug":"coltello-da-tiro-microtech-ultratech-apocalyptic-122-10apmr","status":"publish","type":"product","link":"https:\/\/www.moskito.cz\/it\/produkt\/coltello-da-tiro-microtech-ultratech-apocalyptic-122-10apmr\/","title":{"rendered":"Coltello da tiro Microtech Ultratech Apocalyptic 122-10APMR"},"content":{"rendered":"<p>Coltello da tiro <strong>Microtech<\/strong> Ultratech Apocalyptic 122-10APMR<\/p>\n<p>Ultratech \u00e8 l&#8217;originale coltello frontale a doppia azione Microtech. Con oltre 40.000 unit\u00e0 in circolazione dal 1999, Ultratech \u00e8 considerata leader del settore. La molla Ultratech rimane sempre in posizione di &#8220;riposo&#8221;, tranne quando \u00e8 allungata. Ci\u00f2 garantisce che la molla compressa non si affatichi, garantendo agli utenti che quando il coltello viene azionato, funzioner\u00e0 in modo efficace. Il design semplificato, la leggerezza, il funzionamento con una sola mano, la forma sottile e la lama affilata del bisturi lo rendono un coltello esclusivo per il trasporto quotidiano.<\/p>\n<p>Specifiche<br \/>\nApertura\/chiusura automatica &#8211; apertura frontale<br \/>\nAzione: Azione duello: fuoco\/ritiro automatico<br \/>\nSpessore lama: 0,31 cm<br \/>\nLunghezza lama: 8,65 cm<br \/>\nStile della lama: pugnale a doppio taglio<br \/>\nSpessore manico: 0,640&#8243;<br \/>\nMateriale impugnatura: rivestimento duro Elox in alluminio Merlot Mil-Spec 6061-T6<br \/>\nLunghezza da chiuso: 12,1 cm<br \/>\nLunghezza aperta: 21 cm<br \/>\nMateriale della clip da tasca: acciaio inossidabile 301 completamente duro<br \/>\nTomaia standard: lega AL 6061-T6<br \/>\nGrilletto: acciaio inossidabile 303<br \/>\nAcciaio: M390<br \/>\nFabbricato negli Usa<\/p>\n<p><iframe title=\"Microtech Combat Troodon Torture Test\" width=\"800\" height=\"450\" src=\"https:\/\/www.youtube.com\/embed\/xE9TeOFYEjg?feature=oembed\" frameborder=\"0\" allow=\"accelerometer; autoplay; clipboard-write; encrypted-media; gyroscope; picture-in-picture; web-share\" allowfullscreen><\/iframe><\/p>\n<p>&nbsp;<\/p>\n","protected":false},"excerpt":{"rendered":"<p>Nel corso degli anni Microtech\u00ae Knives ha riempito i coltelli di passione e maestria fino a creare quasi opere d&#8217;arte che sono l&#8217;apice della funzionalit\u00e0. Tutte le parti sono prodotte negli Stati Uniti.<br \/>\n<strong>Tutti i coltelli Microtech sono coperti da una garanzia a vita.<\/strong><\/p>\n<p><strong>Trasporto gratuito.<\/strong><\/p>\n","protected":false},"featured_media":317147,"comment_status":"open","ping_status":"closed","template":"","meta":[],"pwb-brand":[3753],"product_brand":[],"product_cat":[3748,3745],"product_tag":[3755],"class_list":{"0":"post-317120","1":"product","2":"type-product","3":"status-publish","4":"has-post-thumbnail","6":"pwb-brand-microtecnologia-it","7":"product_cat-coltelli-da-tiro","8":"product_cat-coltelli","9":"product_tag-b2b-it","11":"first","12":"instock","13":"sale","14":"taxable","15":"shipping-taxable","16":"purchasable","17":"product-type-simple"},"brands":[{"id":3753,"name":"Microtecnologia","slug":"microtecnologia-it"}],"_links":{"self":[{"href":"https:\/\/www.moskito.cz\/it\/wp-json\/wp\/v2\/product\/317120","targetHints":{"allow":["GET"]}}],"collection":[{"href":"https:\/\/www.moskito.cz\/it\/wp-json\/wp\/v2\/product"}],"about":[{"href":"https:\/\/www.moskito.cz\/it\/wp-json\/wp\/v2\/types\/product"}],"replies":[{"embeddable":true,"href":"https:\/\/www.moskito.cz\/it\/wp-json\/wp\/v2\/comments?post=317120"}],"wp:featuredmedia":[{"embeddable":true,"href":"https:\/\/www.moskito.cz\/it\/wp-json\/wp\/v2\/media\/317147"}],"wp:attachment":[{"href":"https:\/\/www.moskito.cz\/it\/wp-json\/wp\/v2\/media?parent=317120"}],"wp:term":[{"taxonomy":"pwb-brand","embeddable":true,"href":"https:\/\/www.moskito.cz\/it\/wp-json\/wp\/v2\/pwb-brand?post=317120"},{"taxonomy":"product_brand","embeddable":true,"href":"https:\/\/www.moskito.cz\/it\/wp-json\/wp\/v2\/product_brand?post=317120"},{"taxonomy":"product_cat","embeddable":true,"href":"https:\/\/www.moskito.cz\/it\/wp-json\/wp\/v2\/product_cat?post=317120"},{"taxonomy":"product_tag","embeddable":true,"href":"https:\/\/www.moskito.cz\/it\/wp-json\/wp\/v2\/product_tag?post=317120"}],"curies":[{"name":"wp","href":"https:\/\/api.w.org\/{rel}","templated":true}]}}