{"id":317679,"date":"2021-08-21T09:48:11","date_gmt":"2024-03-14T22:02:21","guid":{"rendered":"https:\/\/www.moskito.cz\/produkt\/coltello-da-tiro-microtech-ultratech-lord-red-122-1sl\/"},"modified":"2025-06-06T19:11:59","modified_gmt":"2025-06-06T18:11:59","slug":"coltello-da-tiro-microtech-ultratech-lord-red-122-1sl","status":"publish","type":"product","link":"https:\/\/www.moskito.cz\/it\/produkt\/coltello-da-tiro-microtech-ultratech-lord-red-122-1sl\/","title":{"rendered":"Coltello da tiro Microtech Ultratech Lord Red 122-1SL"},"content":{"rendered":"<p>Coltello da tiro <strong>Microtech<\/strong> Ultratech Lord Red 122-1SL.<\/p>\n<p>Ultratech stabilir\u00e0 per sempre lo standard per tutti i coltelli frontali. L&#8217;Ultratech \u00e8 l&#8217;originale coltello frontale a doppia azione di Microtech ed \u00e8 stato la base dell&#8217;intera linea OTF. Ha subito diverse modifiche nel corso degli anni, diventando ogni volta pi\u00f9 efficiente ed affidabile. Questa versione ha una struttura tri-grip migliorata sull&#8217;impugnatura e sullo scorrimento del pollice per un acquisto pi\u00f9 positivo, e una splendida lama rossa per farla sembrare una spada laser. Presenta inoltre un design ad anello bicolore molto interessante sulle viti della maniglia, sul rompivetro e sullo scorrimento del pollice. La molla Ultratech rimane sempre in posizione di &#8220;riposo&#8221;, tranne quando \u00e8 allungata. Ci\u00f2 garantisce che la molla compressa non si affatichi, garantendo agli utenti che quando il coltello viene azionato, funzioner\u00e0 in modo efficace. Il peso leggero, l&#8217;apertura e la chiusura con una sola mano, la forma sottile e la lama affilata del bisturi a doppio taglio di Ultratech lo rendono un coltello unico disponibile solo da Microtech. Questo coltello ha dimostrato pi\u00f9 e pi\u00f9 volte di resistere a qualsiasi ostacolo e questa torta \u00e8 davvero efficace.<\/p>\n<p>Lunghezza totale: 22 cm<br \/>\nLunghezza lama: 8,6 cm<br \/>\nMateriale lama: Bohler M390<br \/>\nStile della lama: pugnale<br \/>\nInserti: piatti<br \/>\nMateriale manico: alluminio<br \/>\nPeso: 3,60 once.<br \/>\nUtente: mano destra<br \/>\nClip da tasca: ribaltabile<br \/>\nTipo di coltello: OTF automatico a doppia azione<br \/>\nApertura: diapositiva con il pollice<br \/>\nMarca: MicroTech<br \/>\nModello: Ultratech<br \/>\nPaese di origine: Stati Uniti<br \/>\nMiglior utilizzo: tutti i giorni<\/p>\n<p>L&#8217;Ultratech stabilir\u00e0 per sempre lo standard per tutti i coltelli all&#8217;avanguardia. L&#8217;Ultratech \u00e8 il coltello originale a doppia azione di Microtech ed \u00e8 stato il fondamento dell&#8217;intera linea OTF. Nel corso degli anni ha subito diverse modifiche, diventando ogni volta pi\u00f9 efficiente ed affidabile. Questa versione ha la struttura tri-grip migliorata sull&#8217;impugnatura e sullo scorrimento del pollice per un acquisto pi\u00f9 positivo e una splendida lama rossa per farla sembrare una spada laser. Presenta inoltre un design ad anelli bicolore molto interessante sulle viti della maniglia, sul rompivetro e sullo scorrimento del pollice. La molla dell&#8217;Ultratech rimane sempre in posizione &#8220;a riposo&#8221;, tranne quando viene utilizzata. Ci\u00f2 garantisce che la molla compressa non si affatichi, garantendo agli utenti che quando il coltello viene azionato, funzioner\u00e0 in modo efficace. Il peso leggero dell&#8217;Ultratech, l&#8217;azione di apertura e chiusura con una sola mano, la forma sottile e la lama a doppio taglio affilata come un bisturi lo rendono un coltello unico nel suo genere, disponibile solo tramite Microtech. Questo coltello ha dimostrato pi\u00f9 e pi\u00f9 volte di poter resistere a qualsiasi ostacolo e questo \u00e8 il migliore per quanto riguarda l&#8217;aspetto, a mani basse.<br \/>\nSpecifiche<\/p>\n<p>Apertura\/chiusura automatica: apertura frontale<br \/>\nAzione: doppia azione: fuoco\/ritrazione automatici<br \/>\nAcciaio della lama: acciaio inossidabile Elmax<br \/>\nLunghezza lama: 3,46&#8243;<br \/>\nStile lama: doppio bordo, liscia<br \/>\nSpessore manico: 0,640&#8243;<br \/>\nMateriale impugnatura: alluminio testurizzato Tri-Grip 6061-T6 con anodizzazione con rivestimento duro Mil-Spec<br \/>\nLunghezza chiusa: 4,84&#8243;<br \/>\nLunghezza aperta: 8,30&#8243;<br \/>\nMateriale della clip da tasca: acciaio inossidabile 301<br \/>\nParte superiore standard: lega AL 6061-T6<br \/>\nGrilletto: acciaio inossidabile 303<br \/>\nFodero: nylon<br \/>\nRompivetro<br \/>\nProdotto negli Stati Uniti<\/p>\n<p>&nbsp;<\/p>\n","protected":false},"excerpt":{"rendered":"<p>Nel corso degli anni , Microtech\u00ae Knives ha riempito i coltelli con passione e competenza fino a creare quasi opere d&#8217;arte che sono l&#8217;apice della funzionalit\u00e0. Tutte le parti sono prodotte negli Stati Uniti.<br \/>\n<strong>Tutti i coltelli Microtech sono coperti da una garanzia a vita.<\/strong><\/p>\n<p><strong>Trasporto gratuito.<\/strong><\/p>\n","protected":false},"featured_media":317702,"comment_status":"open","ping_status":"closed","template":"","meta":[],"pwb-brand":[3753],"product_brand":[],"product_cat":[3745,3748],"product_tag":[3755],"class_list":{"0":"post-317679","1":"product","2":"type-product","3":"status-publish","4":"has-post-thumbnail","6":"pwb-brand-microtecnologia-it","7":"product_cat-coltelli","8":"product_cat-coltelli-da-tiro","9":"product_tag-b2b-it","11":"first","12":"instock","13":"taxable","14":"shipping-taxable","15":"purchasable","16":"product-type-simple"},"brands":[{"id":3753,"name":"Microtecnologia","slug":"microtecnologia-it"}],"_links":{"self":[{"href":"https:\/\/www.moskito.cz\/it\/wp-json\/wp\/v2\/product\/317679","targetHints":{"allow":["GET"]}}],"collection":[{"href":"https:\/\/www.moskito.cz\/it\/wp-json\/wp\/v2\/product"}],"about":[{"href":"https:\/\/www.moskito.cz\/it\/wp-json\/wp\/v2\/types\/product"}],"replies":[{"embeddable":true,"href":"https:\/\/www.moskito.cz\/it\/wp-json\/wp\/v2\/comments?post=317679"}],"wp:featuredmedia":[{"embeddable":true,"href":"https:\/\/www.moskito.cz\/it\/wp-json\/wp\/v2\/media\/317702"}],"wp:attachment":[{"href":"https:\/\/www.moskito.cz\/it\/wp-json\/wp\/v2\/media?parent=317679"}],"wp:term":[{"taxonomy":"pwb-brand","embeddable":true,"href":"https:\/\/www.moskito.cz\/it\/wp-json\/wp\/v2\/pwb-brand?post=317679"},{"taxonomy":"product_brand","embeddable":true,"href":"https:\/\/www.moskito.cz\/it\/wp-json\/wp\/v2\/product_brand?post=317679"},{"taxonomy":"product_cat","embeddable":true,"href":"https:\/\/www.moskito.cz\/it\/wp-json\/wp\/v2\/product_cat?post=317679"},{"taxonomy":"product_tag","embeddable":true,"href":"https:\/\/www.moskito.cz\/it\/wp-json\/wp\/v2\/product_tag?post=317679"}],"curies":[{"name":"wp","href":"https:\/\/api.w.org\/{rel}","templated":true}]}}