{"id":317700,"date":"2022-12-20T21:08:30","date_gmt":"2024-03-14T22:02:22","guid":{"rendered":"https:\/\/www.moskito.cz\/produkt\/coltello-da-tiro-microtech-ultratech-auto-otf-bronzo-122-13pu\/"},"modified":"2025-05-07T11:04:31","modified_gmt":"2025-05-07T10:04:31","slug":"coltello-da-tiro-microtech-ultratech-auto-otf-bronzo-122-13pu","status":"publish","type":"product","link":"https:\/\/www.moskito.cz\/it\/produkt\/coltello-da-tiro-microtech-ultratech-auto-otf-bronzo-122-13pu\/","title":{"rendered":"Coltello da Tiro Microtech Ultratech AUTO OTF Bronzo 122-13PU"},"content":{"rendered":"<p>Coltello da Tiro <strong>Microtech<\/strong> Ultratech AUTO OTF Bronzo 122-13PU.<\/p>\n<p>Ultratech stabilir\u00e0 per sempre lo standard per tutti i coltelli frontali. L&#8217;Ultratech \u00e8 l&#8217;originale coltello frontale a doppia azione di Microtech ed \u00e8 stato la base della sua intera linea OTF. Nel corso degli anni ha subito diverse modifiche, ognuna delle quali \u00e8 diventata pi\u00f9 efficiente ed affidabile. Questa versione ha un&#8217;impugnatura sagomata migliorata con uno scorrimento del pollice strutturato per un acquisto pi\u00f9 positivo. La molla Ultratech rimane sempre in posizione di &#8220;riposo&#8221;, tranne quando \u00e8 allungata. Ci\u00f2 garantisce che la molla compressa non si affatichi, garantendo agli utenti che funzioner\u00e0 efficacemente quando il coltello viene azionato. L&#8217;Ultratech pu\u00f2 assumere molte forme; pu\u00f2 essere rifinito con una piastra di alluminio lavorata standard o un pezzo di fibra di carbonio. La leggerezza di Ultratech, l&#8217;apertura e la chiusura con una sola mano, il design sottile e la lama affilata come un bisturi lo rendono un coltello unico disponibile solo tramite Microtech. Questo coltello ha dimostrato pi\u00f9 volte di resistere a qualsiasi ostacolo. Solo il tempo dir\u00e0 quale sar\u00e0 il prossimo passo per la linea Ultratech.<\/p>\n<p>Lunghezza totale: 22 cm<br \/>\nLunghezza lama: 8,6 cm<br \/>\nSpessore lama: 0,33 cm<br \/>\nMateriale lama: 204P<br \/>\nStile lama: punto di caduta<br \/>\nInserti: piatti<br \/>\nTipo di bordo: semplice<br \/>\nMateriale manico: alluminio<br \/>\nPeso: 3,60 once.<br \/>\nUtente: mano destra<br \/>\nClip da tasca: ribaltabile<br \/>\nTipo di coltello: OTF automatico a doppia azione<br \/>\nApertura: diapositiva con il pollice<br \/>\nMarca: MicroTech<br \/>\nModello: Ultratech<br \/>\nPaese di origine: Stati Uniti<br \/>\nMiglior utilizzo: tutti i giorni<\/p>\n<p><iframe title=\"Microtech Combat Troodon Torture Test\" width=\"800\" height=\"450\" src=\"https:\/\/www.youtube.com\/embed\/xE9TeOFYEjg?feature=oembed\" frameborder=\"0\" allow=\"accelerometer; autoplay; clipboard-write; encrypted-media; gyroscope; picture-in-picture; web-share\" allowfullscreen><\/iframe><\/p>\n<p>&nbsp;<\/p>\n","protected":false},"excerpt":{"rendered":"<p>Nel corso degli anni Microtech\u00ae Knives ha riempito i coltelli di passione e maestria fino a creare quasi opere d&#8217;arte che sono l&#8217;apice della funzionalit\u00e0. Tutte le parti sono prodotte negli Stati Uniti.<br \/>\n<strong>Tutti i coltelli Microtech sono coperti da una garanzia a vita.<\/strong><\/p>\n<p><strong>Spedizione gratuita.<\/strong><\/p>\n","protected":false},"featured_media":317719,"comment_status":"open","ping_status":"closed","template":"","meta":[],"pwb-brand":[3753],"product_brand":[],"product_cat":[3745,3748],"product_tag":[3755],"class_list":{"0":"post-317700","1":"product","2":"type-product","3":"status-publish","4":"has-post-thumbnail","6":"pwb-brand-microtecnologia-it","7":"product_cat-coltelli","8":"product_cat-coltelli-da-tiro","9":"product_tag-b2b-it","11":"first","12":"instock","13":"taxable","14":"shipping-taxable","15":"purchasable","16":"product-type-simple"},"brands":[{"id":3753,"name":"Microtecnologia","slug":"microtecnologia-it"}],"_links":{"self":[{"href":"https:\/\/www.moskito.cz\/it\/wp-json\/wp\/v2\/product\/317700","targetHints":{"allow":["GET"]}}],"collection":[{"href":"https:\/\/www.moskito.cz\/it\/wp-json\/wp\/v2\/product"}],"about":[{"href":"https:\/\/www.moskito.cz\/it\/wp-json\/wp\/v2\/types\/product"}],"replies":[{"embeddable":true,"href":"https:\/\/www.moskito.cz\/it\/wp-json\/wp\/v2\/comments?post=317700"}],"wp:featuredmedia":[{"embeddable":true,"href":"https:\/\/www.moskito.cz\/it\/wp-json\/wp\/v2\/media\/317719"}],"wp:attachment":[{"href":"https:\/\/www.moskito.cz\/it\/wp-json\/wp\/v2\/media?parent=317700"}],"wp:term":[{"taxonomy":"pwb-brand","embeddable":true,"href":"https:\/\/www.moskito.cz\/it\/wp-json\/wp\/v2\/pwb-brand?post=317700"},{"taxonomy":"product_brand","embeddable":true,"href":"https:\/\/www.moskito.cz\/it\/wp-json\/wp\/v2\/product_brand?post=317700"},{"taxonomy":"product_cat","embeddable":true,"href":"https:\/\/www.moskito.cz\/it\/wp-json\/wp\/v2\/product_cat?post=317700"},{"taxonomy":"product_tag","embeddable":true,"href":"https:\/\/www.moskito.cz\/it\/wp-json\/wp\/v2\/product_tag?post=317700"}],"curies":[{"name":"wp","href":"https:\/\/api.w.org\/{rel}","templated":true}]}}