{"id":317803,"date":"2021-09-02T21:04:30","date_gmt":"2024-03-14T22:02:38","guid":{"rendered":"https:\/\/www.moskito.cz\/produkt\/coltello-da-tiro-microtech-ultratech-apocalyptic-bronze-122-13ap\/"},"modified":"2025-05-07T11:04:33","modified_gmt":"2025-05-07T10:04:33","slug":"coltello-da-tiro-microtech-ultratech-apocalyptic-bronze-122-13ap","status":"publish","type":"product","link":"https:\/\/www.moskito.cz\/it\/produkt\/coltello-da-tiro-microtech-ultratech-apocalyptic-bronze-122-13ap\/","title":{"rendered":"Coltello da tiro Microtech Ultratech Apocalyptic Bronze 122-13AP"},"content":{"rendered":"<p>Coltello da tiro <strong>Microtech<\/strong> Ultratech Apocalyptic Bronze 122-13AP.<\/p>\n<p>Un coltello da tiro dalla parte anteriore.<br \/>\n<strong>Il coltello da tiro Ultratech<\/strong> \u00e8 dotato di doppia lama e taglienti semplici. Ha un manico in alluminio anodizzato 6061-T6 stampato con punta a sfera in acciaio inossidabile.<\/p>\n<p>Microtech ha dotato questa versione del sempre popolare coltello Ultratech D\/A OTF con un design del manico liscio e sagomato che aumenta il comfort di utilizzo. Questo modello aggiornato fornisce le stesse dimensioni, hardware e durata offerti dalla variante &#8220;Tri-Grip&#8221;, si adatta pi\u00f9 facilmente alla mano e alla tasca.<\/p>\n<p>Per chi non conosce Ultratech, si tratta di un coltello completamente automatico con un doppio meccanismo nella parte anteriore, ovvero la lama si piega e si ritrae con il pollice. Il coltello Ultratech di Microtech stabilisce lo standard per tutti i coltelli OTF.<\/p>\n<p>Lunghezza totale: 22 cm<br \/>\nLunghezza lama: 8,6 cm<br \/>\nMateriale lama: Bohler M390<br \/>\nStile della lama: pugnale<br \/>\nInserti: piatti<br \/>\nTipo di bordo: semplice<br \/>\nMateriale manico: alluminio<br \/>\nPeso: 3,60 once.<br \/>\nUtente: mano destra<br \/>\nClip da tasca: ribaltabile<br \/>\nTipo di coltello: OTF automatico a doppia azione<br \/>\nApertura: diapositiva con il pollice<br \/>\nMarca: MicroTech<br \/>\nModello: Ultratech<\/p>\n<p>Paese di origine: Stati Uniti<br \/>\nMiglior utilizzo: tutti i giorni<\/p>\n<p>L&#8217;Ultratech stabilir\u00e0 per sempre lo standard per tutti i coltelli all&#8217;avanguardia. Ultratech \u00e8 il coltello originale a doppia azione <strong>di Microtech<\/strong> ed \u00e8 stato il fondamento dell&#8217;intera linea OTF. Nel corso degli anni ha subito diverse modifiche, diventando ogni volta pi\u00f9 efficiente ed affidabile. Questa versione ha l&#8217;impugnatura sagomata migliorata con scorrimento del pollice testurizzato per un acquisto pi\u00f9 positivo. La molla dell&#8217;Ultratech rimane sempre in posizione &#8220;a riposo&#8221;, tranne quando viene utilizzata. Ci\u00f2 garantisce che la molla compressa non si affatichi, garantendo agli utenti che quando il coltello viene azionato, funzioner\u00e0 in modo efficace. L&#8217;Ultratech pu\u00f2 assumere molte forme diverse; pu\u00f2 essere sormontato da un piano in alluminio lavorato standard o da un pezzo di fibra di carbonio. Il peso leggero dell&#8217;Ultratech, l&#8217;azione di apertura e chiusura con una sola mano, la forma sottile e la lama affilata come un bisturi lo rendono un coltello unico nel suo genere, disponibile solo tramite Microtech. Questo coltello ha dimostrato pi\u00f9 volte di resistere a qualsiasi ostacolo. Solo il tempo dir\u00e0 quale sar\u00e0 il prossimo passo per la serie Ultratech.<\/p>\n<p>Specifiche<br \/>\nApertura\/chiusura automatica: apertura frontale<br \/>\nAzione: Azione duello: fuoco\/ritiro automatico<br \/>\nLama: 0,125&#8243; di spessore<br \/>\nLunghezza lama: 3,46&#8243;<br \/>\nStile della lama: pugnale a doppio taglio<br \/>\nSpessore manico: 0,640&#8243;<br \/>\nMateriale impugnatura: rivestimento duro in alluminio nero Mil-Spec 6061-T6 anodizzato<br \/>\nLunghezza chiusa: 4,84&#8243;<br \/>\nLunghezza aperta: 8,30&#8243;<br \/>\nMateriale della clip da tasca: acciaio inossidabile 301 completamente duro<br \/>\nParte superiore standard: lega AL 6061-T6<br \/>\nGrilletto: acciaio inossidabile 303<br \/>\nSi prega di notare che l&#8217;acciaio della lama non pu\u00f2 essere specificato poich\u00e9 pu\u00f2 cambiare a seconda della disponibilit\u00e0 (informazioni da Microtech)<br \/>\nProdotto negli Stati Uniti<\/p>\n","protected":false},"excerpt":{"rendered":"<p>Nel corso degli anni, Microtech\u00ae Knives ha riempito i coltelli con passione e competenza per creare quasi opere d&#8217;arte che sono l&#8217;apice della funzionalit\u00e0. Tutte le parti sono prodotte negli Stati Uniti.<br \/>\n<strong>Tutti i coltelli Microtech sono coperti da una garanzia a vita.<\/strong><\/p>\n<p><strong>Trasporto gratuito.<\/strong><\/p>\n","protected":false},"featured_media":317811,"comment_status":"open","ping_status":"closed","template":"","meta":[],"pwb-brand":[3753],"product_brand":[],"product_cat":[3745,3748],"product_tag":[3755],"class_list":{"0":"post-317803","1":"product","2":"type-product","3":"status-publish","4":"has-post-thumbnail","6":"pwb-brand-microtecnologia-it","7":"product_cat-coltelli","8":"product_cat-coltelli-da-tiro","9":"product_tag-b2b-it","11":"first","12":"outofstock","13":"taxable","14":"shipping-taxable","15":"purchasable","16":"product-type-simple"},"brands":[{"id":3753,"name":"Microtecnologia","slug":"microtecnologia-it"}],"_links":{"self":[{"href":"https:\/\/www.moskito.cz\/it\/wp-json\/wp\/v2\/product\/317803","targetHints":{"allow":["GET"]}}],"collection":[{"href":"https:\/\/www.moskito.cz\/it\/wp-json\/wp\/v2\/product"}],"about":[{"href":"https:\/\/www.moskito.cz\/it\/wp-json\/wp\/v2\/types\/product"}],"replies":[{"embeddable":true,"href":"https:\/\/www.moskito.cz\/it\/wp-json\/wp\/v2\/comments?post=317803"}],"wp:featuredmedia":[{"embeddable":true,"href":"https:\/\/www.moskito.cz\/it\/wp-json\/wp\/v2\/media\/317811"}],"wp:attachment":[{"href":"https:\/\/www.moskito.cz\/it\/wp-json\/wp\/v2\/media?parent=317803"}],"wp:term":[{"taxonomy":"pwb-brand","embeddable":true,"href":"https:\/\/www.moskito.cz\/it\/wp-json\/wp\/v2\/pwb-brand?post=317803"},{"taxonomy":"product_brand","embeddable":true,"href":"https:\/\/www.moskito.cz\/it\/wp-json\/wp\/v2\/product_brand?post=317803"},{"taxonomy":"product_cat","embeddable":true,"href":"https:\/\/www.moskito.cz\/it\/wp-json\/wp\/v2\/product_cat?post=317803"},{"taxonomy":"product_tag","embeddable":true,"href":"https:\/\/www.moskito.cz\/it\/wp-json\/wp\/v2\/product_tag?post=317803"}],"curies":[{"name":"wp","href":"https:\/\/api.w.org\/{rel}","templated":true}]}}