{"id":317809,"date":"2021-10-11T22:05:16","date_gmt":"2024-03-14T22:02:39","guid":{"rendered":"https:\/\/www.moskito.cz\/produkt\/coltello-da-tiro-microtech-ultratech-jedi-122-1jk\/"},"modified":"2025-05-07T11:04:33","modified_gmt":"2025-05-07T10:04:33","slug":"coltello-da-tiro-microtech-ultratech-jedi-122-1jk","status":"publish","type":"product","link":"https:\/\/www.moskito.cz\/it\/produkt\/coltello-da-tiro-microtech-ultratech-jedi-122-1jk\/","title":{"rendered":"Coltello da tiro Microtech ULTRATECH JEDI 122-1JK"},"content":{"rendered":"<p>Coltello da tiro <strong>Microtech<\/strong> ULTRATECH JEDI 122-1JK.<\/p>\n<p><strong>Ultratech<\/strong> \u00e8 stata senza dubbio il fiore all&#8217;occhiello di Microtech sin dal suo lancio nel 1999. Ogni coltello Microtech OTF \u00e8 dotato di meccanismi interni estremamente sofisticati che migliorano la funzionalit\u00e0 operativa e l&#8217;affidabilit\u00e0 complessive. Questa speciale edizione limitata 122-1JK presenta un manico in stile &#8220;tri-grip&#8221; parzialmente nero con hardware ad anello unico e una funzione di rottura del vetro integrata insieme a un pugnale in stile pugnale con finitura blu. La parte liscia del manico ha un design unico e la clip da tasca riporta la scritta &#8220;JK&#8221; oltre al numero di serie e alla data di produzione. Fabbricato negli Usa.<\/p>\n<p>SPECIFICHE:<\/p>\n<p>Lunghezza lama: 8,5 cm<br \/>\nLunghezza totale: 21 centimetri<br \/>\nMateriale lama: acciaio inossidabile M390<br \/>\nFinitura lama: blu<br \/>\nMateriale manico: alluminio 6061-T6<br \/>\nPeso: 3,2 once<\/p>\n<p><iframe title=\"Microtech Combat Troodon Torture Test\" width=\"800\" height=\"450\" src=\"https:\/\/www.youtube.com\/embed\/xE9TeOFYEjg?feature=oembed\" frameborder=\"0\" allow=\"accelerometer; autoplay; clipboard-write; encrypted-media; gyroscope; picture-in-picture; web-share\" allowfullscreen><\/iframe><\/p>\n<p>&nbsp;<\/p>\n<p>L&#8217; <strong>Ultratech<\/strong> \u00e8 senza dubbio il fiore all&#8217;occhiello di Microtech tra i coltelli automatici anteriori sin dalla sua introduzione nel 1999. Ogni coltello Microtech OTF \u00e8 dotato di meccanismi interni estremamente sofisticati che ne migliorano la funzionalit\u00e0 operativa e l&#8217;affidabilit\u00e0 complessive. Questo modello speciale limitato, il 122-1JK, presenta un manico nero parzialmente in stile &#8220;tri-grip&#8221; completo di hardware ad anello unico e una funzione rompi-vetro integrata insieme a una lama in stile pugnale con finitura blu. La sezione liscia del manico presenta un design unico e sulla clip da tasca si legge &#8220;JK&#8221; oltre al numero di serie e alla data di produzione. Prodotto negli Stati Uniti.<\/p>\n<p>SPECIFICHE:<\/p>\n<p>Lunghezza lama: 3,375&#8243;<br \/>\nLunghezza totale: 8,375&#8243;<br \/>\nMateriale lama: acciaio inossidabile M390<br \/>\nFinitura lama: blu<br \/>\nLunghezza della maniglia: 5&#8243;<br \/>\nMateriale manico: alluminio 6061-T6<br \/>\nPeso: 3,2 once<\/p>\n","protected":false},"excerpt":{"rendered":"<p>Nel corso degli anni , Microtech\u00ae Knives ha riempito i coltelli con passione e competenza fino a creare quasi opere d&#8217;arte che sono l&#8217;apice della funzionalit\u00e0. Tutte le parti sono prodotte negli Stati Uniti.<br \/>\n<strong>Tutti i coltelli Microtech sono garantiti a vita (min. 80.000 cicli, apertura e chiusura)<\/strong><\/p>\n<p><strong>Trasporto gratuito.<\/strong><\/p>\n","protected":false},"featured_media":317813,"comment_status":"open","ping_status":"closed","template":"","meta":[],"pwb-brand":[3753],"product_brand":[],"product_cat":[3745,3748],"product_tag":[3755],"class_list":{"0":"post-317809","1":"product","2":"type-product","3":"status-publish","4":"has-post-thumbnail","6":"pwb-brand-microtecnologia-it","7":"product_cat-coltelli","8":"product_cat-coltelli-da-tiro","9":"product_tag-b2b-it","11":"first","12":"instock","13":"taxable","14":"shipping-taxable","15":"purchasable","16":"product-type-simple"},"brands":[{"id":3753,"name":"Microtecnologia","slug":"microtecnologia-it"}],"_links":{"self":[{"href":"https:\/\/www.moskito.cz\/it\/wp-json\/wp\/v2\/product\/317809","targetHints":{"allow":["GET"]}}],"collection":[{"href":"https:\/\/www.moskito.cz\/it\/wp-json\/wp\/v2\/product"}],"about":[{"href":"https:\/\/www.moskito.cz\/it\/wp-json\/wp\/v2\/types\/product"}],"replies":[{"embeddable":true,"href":"https:\/\/www.moskito.cz\/it\/wp-json\/wp\/v2\/comments?post=317809"}],"wp:featuredmedia":[{"embeddable":true,"href":"https:\/\/www.moskito.cz\/it\/wp-json\/wp\/v2\/media\/317813"}],"wp:attachment":[{"href":"https:\/\/www.moskito.cz\/it\/wp-json\/wp\/v2\/media?parent=317809"}],"wp:term":[{"taxonomy":"pwb-brand","embeddable":true,"href":"https:\/\/www.moskito.cz\/it\/wp-json\/wp\/v2\/pwb-brand?post=317809"},{"taxonomy":"product_brand","embeddable":true,"href":"https:\/\/www.moskito.cz\/it\/wp-json\/wp\/v2\/product_brand?post=317809"},{"taxonomy":"product_cat","embeddable":true,"href":"https:\/\/www.moskito.cz\/it\/wp-json\/wp\/v2\/product_cat?post=317809"},{"taxonomy":"product_tag","embeddable":true,"href":"https:\/\/www.moskito.cz\/it\/wp-json\/wp\/v2\/product_tag?post=317809"}],"curies":[{"name":"wp","href":"https:\/\/api.w.org\/{rel}","templated":true}]}}