{"id":317940,"date":"2023-10-02T16:13:29","date_gmt":"2024-03-15T07:55:32","guid":{"rendered":"https:\/\/www.moskito.cz\/produkt\/coltello-di-chiusura-crkt-ceo-compact-7095kx\/"},"modified":"2025-06-20T08:23:04","modified_gmt":"2025-06-20T07:23:04","slug":"coltello-di-chiusura-crkt-ceo-compact-7095kx","status":"publish","type":"product","link":"https:\/\/www.moskito.cz\/it\/produkt\/coltello-di-chiusura-crkt-ceo-compact-7095kx\/","title":{"rendered":"Coltello di chiusura CRKT CEO Compact 7095KX"},"content":{"rendered":"<p><strong style=\"font-family: -apple-system, BlinkMacSystemFont, 'Segoe UI', Roboto, 'Helvetica Neue', Arial, 'Noto Sans', sans-serif, 'Apple Color Emoji', 'Segoe UI Emoji', 'Segoe UI Symbol', 'Noto Color Emoji';\">Coltello pieghevole CRKT CEO Compact 7095KX<\/strong><\/p>\n<div class=\"flex-1 overflow-hidden @container\/thread\">\n<div class=\"h-full\">\n<div class=\"react-scroll-to-bottom--css-vxybp-79elbk h-full\">\n<div class=\"react-scroll-to-bottom--css-vxybp-1n7m0yu\">\n<div class=\"flex flex-col text-sm\">\n<article class=\"w-full scroll-mb-[var(--thread-trailing-height,150px)] text-token-text-primary focus-visible:outline-2 focus-visible:outline-offset-[-4px]\" dir=\"auto\" data-testid=\"conversation-turn-11\" data-scroll-anchor=\"true\">\n<div class=\"m-auto text-base py-[18px] px-3 md:px-4 w-full md:px-5 lg:px-4 xl:px-5\">\n<div class=\"mx-auto flex flex-1 gap-4 text-base md:gap-5 lg:gap-6 md:max-w-3xl\">\n<div class=\"group\/conversation-turn relative flex w-full min-w-0 flex-col agent-turn\">\n<div class=\"flex-col gap-1 md:gap-3\">\n<div class=\"flex max-w-full flex-col flex-grow\">\n<div class=\"min-h-8 text-message flex w-full flex-col items-end gap-2 whitespace-normal break-words text-start [.text-message+&amp;]:mt-5\" dir=\"auto\" data-message-author-role=\"assistant\" data-message-id=\"c1f9f254-82fe-4936-9688-893319aa3656\" data-message-model-slug=\"gpt-4o-mini\">\n<div class=\"flex w-full flex-col gap-1 empty:hidden first:pt-[3px]\">\n<div class=\"markdown prose w-full break-words dark:prose-invert light\">\n<p><strong>Il CRKT CEO Compact 7095KX<\/strong> \u00e8 un coltello pieghevole elegante e compatto che a prima vista sembra una normale penna nel taschino della camicia. Questo modello \u00e8 pensato per chi cerca uno strumento EDC (da portare tutti i giorni) discreto ma altamente funzionale. \u00c8 progettato per soddisfare i requisiti <strong>di profilo estremamente basso<\/strong> , mantenendo al contempo un&#8217;eccellente ergonomia e usabilit\u00e0.  <\/p>\n<hr>\n<h3><strong>Propriet\u00e0 chiave:<\/strong><\/h3>\n<ul>\n<li><strong>Apertura fluida con cuscinetti a sfera IKBS\u2122<\/strong> : questo coltello \u00e8 dotato di cuscinetti a sfera IKBS\u2122 che consentono <strong>un&#8217;apertura della lama fluida e silenziosa<\/strong> , rendendolo la scelta ideale per le situazioni in cui velocit\u00e0 e discrezione sono importanti.<\/li>\n<li><strong>Apertura rapida con flipper<\/strong> : <strong>il flipper<\/strong> consente di aprire il coltello in modo rapido e semplice con una sola mano, il che \u00e8 molto pratico nell&#8217;uso quotidiano.<\/li>\n<li><strong>Acciaio 1.4116 di alta qualit\u00e0<\/strong> : la lama \u00e8 realizzata in acciaio <strong>1.4116<\/strong> , noto per la sua <strong>elevata resistenza alla corrosione<\/strong> e la facilit\u00e0 di affilatura. Questo materiale \u00e8 ideale per le comuni attivit\u00e0 di taglio e mantiene la lama affilata anche con un uso frequente. <\/li>\n<li><strong>Manico leggero e resistente<\/strong> : <strong>il manico in nylon rinforzato con fibra di vetro<\/strong> offre una combinazione di leggerezza e elevata resistenza. Nonostante il suo profilo basso, il coltello \u00e8 comodo da impugnare e sufficientemente robusto per le attivit\u00e0 quotidiane. <\/li>\n<li><strong>Chiusura facile con Liner Lock<\/strong> : <strong>il Liner Lock<\/strong> blocca saldamente la lama in posizione aperta, ma consente anche di chiuderla facilmente con una mano, il che aumenta il comfort di utilizzo.<\/li>\n<li><strong>Opzioni di trasporto<\/strong> : <strong>la clip da tasca regolabile<\/strong> consente di trasportare il coltello nella tasca sinistra o destra, garantendo comfort sia agli utenti destrimani che a quelli mancini.<\/li>\n<\/ul>\n<hr>\n<h3><strong>Specifiche:<\/strong><\/h3>\n<ul>\n<li><strong>Lunghezza lama<\/strong> : 6,62 cm<\/li>\n<li><strong>Spessore lama<\/strong> : 0,26 cm<\/li>\n<li><strong>Lunghezza totale<\/strong> : 15,55 cm<\/li>\n<li><strong>Lunghezza chiusa<\/strong> : 9,03 cm<\/li>\n<li><strong>Peso<\/strong> : 45,36 g<\/li>\n<li><strong>Materiale dell&#8217;impugnatura<\/strong> : nylon rinforzato con fibra di vetro (leggero ma resistente)<\/li>\n<li><strong>Finitura della lama<\/strong> : <strong>satinata<\/strong> : un aspetto elegante che aiuta anche la lama a resistere alla corrosione.<\/li>\n<li><strong>Blocco<\/strong> : <strong>Liner Lock<\/strong> (per il bloccaggio sicuro della lama in posizione aperta)<\/li>\n<\/ul>\n<hr>\n<h3><strong>Utilizzo:<\/strong><\/h3>\n<ul>\n<li><strong>Trasporto quotidiano (EDC)<\/strong> : questo coltello \u00e8 ideale per le attivit\u00e0 quotidiane come aprire pacchi, tagliare carta, spago o altri materiali comuni.<\/li>\n<li><strong>Ambienti d&#8217;ufficio e professionali<\/strong> : grazie al <strong>suo profilo sottile<\/strong> e al suo aspetto elegante, il CRKT CEO \u00e8 perfetto per l&#8217;uso in ufficio o durante le riunioni di lavoro in cui \u00e8 necessario uno strumento discreto ed elegante.<\/li>\n<li><strong>Utilizzo pratico in ambienti urbani<\/strong> : se stai cercando un coltello discreto ma sufficientemente robusto per attivit\u00e0 comuni come l&#8217;apertura di pacchi, confezioni o la manutenzione di oggetti domestici, il CEO Compact sar\u00e0 la scelta ideale.<\/li>\n<\/ul>\n<hr>\n<h3><strong>Conclusione:<\/strong><\/h3>\n<p><strong>Il CRKT CEO Compact 7095KX<\/strong> \u00e8 la combinazione perfetta tra eleganza e funzionalit\u00e0. Grazie <strong>al profilo pi\u00f9 basso, simile a quello di una penna,<\/strong> il coltello \u00e8 pratico da portare con s\u00e9 ogni giorno, ma abbastanza resistente per le attivit\u00e0 quotidiane. \u00c8 ideale per chi cerca uno strumento discreto ma potente, adatto all&#8217;ufficio, alle riunioni e alle attivit\u00e0 quotidiane in ambiente urbano. Grazie alla <strong>sua leggerezza<\/strong> , <strong>alla facile apertura<\/strong> e <strong>all&#8217;ottimo materiale,<\/strong> il CRKT CEO \u00e8 un&#8217;ottima scelta per chi cerca un coltello di qualit\u00e0 ed elegante per la vita di tutti i giorni.   <\/p>\n<\/div>\n<\/div>\n<\/div>\n<\/div>\n<div class=\"mb-2 flex gap-3 empty:hidden -ml-2\">\n<div class=\"items-center justify-start rounded-xl p-1 flex\">\n<div class=\"flex items-center\"><\/div>\n<\/div>\n<\/div>\n<div class=\"pr-2 lg:pr-0\"><\/div>\n<div class=\"mt-3 w-full empty:hidden\">\n<div class=\"text-center\"><\/div>\n<\/div>\n<\/div>\n<div class=\"absolute\">\n<div class=\"flex items-center justify-center\"><\/div>\n<\/div>\n<\/div>\n<\/div>\n<\/div>\n<\/article>\n<\/div>\n<\/div>\n<\/div>\n<\/div>\n<\/div>\n<div class=\"md:pt-0 dark:border-white\/20 md:border-transparent md:dark:border-transparent w-full\">\n<div>\n<div class=\"m-auto text-base px-3 md:px-4 w-full md:px-5 lg:px-4 xl:px-5\">\n<div class=\"mx-auto flex flex-1 gap-4 text-base md:gap-5 lg:gap-6 md:max-w-3xl\">\n<div class=\"flex justify-center\"><\/div>\n<\/div>\n<\/div>\n<\/div>\n<\/div>\n<p>&nbsp;<\/p>\n<p>&nbsp;<\/p>\n","protected":false},"excerpt":{"rendered":"<p><strong>Il CRKT CEO Compact 7095KX \u00e8 la combinazione perfetta tra eleganza e funzionalit\u00e0. Grazie al profilo pi\u00f9 basso, simile a quello di una penna, il coltello \u00e8 pratico da portare con s\u00e9 ogni giorno, ma abbastanza resistente per le attivit\u00e0 quotidiane. \u00c8 ideale per chi cerca uno strumento discreto ma potente, adatto all&#8217;ufficio, alle riunioni e alle attivit\u00e0 quotidiane in ambiente urbano. Grazie alla sua leggerezza, alla facile apertura e all&#8217;ottimo materiale, il CRKT CEO \u00e8 un&#8217;ottima scelta per chi cerca un coltello di qualit\u00e0 ed elegante per la vita di tutti i giorni.   <\/strong><\/p>\n<p>&nbsp;<\/p>\n","protected":false},"featured_media":317942,"comment_status":"open","ping_status":"closed","template":"","meta":[],"pwb-brand":[3763],"product_brand":[],"product_cat":[3749,3745],"product_tag":[3755],"class_list":{"0":"post-317940","1":"product","2":"type-product","3":"status-publish","4":"has-post-thumbnail","6":"pwb-brand-crkt-it","7":"product_cat-coltelli-di-chiusura","8":"product_cat-coltelli","9":"product_tag-b2b-it","11":"first","12":"instock","13":"taxable","14":"shipping-taxable","15":"purchasable","16":"product-type-simple"},"brands":[{"id":3763,"name":"CRKT","slug":"crkt-it"}],"_links":{"self":[{"href":"https:\/\/www.moskito.cz\/it\/wp-json\/wp\/v2\/product\/317940","targetHints":{"allow":["GET"]}}],"collection":[{"href":"https:\/\/www.moskito.cz\/it\/wp-json\/wp\/v2\/product"}],"about":[{"href":"https:\/\/www.moskito.cz\/it\/wp-json\/wp\/v2\/types\/product"}],"replies":[{"embeddable":true,"href":"https:\/\/www.moskito.cz\/it\/wp-json\/wp\/v2\/comments?post=317940"}],"wp:featuredmedia":[{"embeddable":true,"href":"https:\/\/www.moskito.cz\/it\/wp-json\/wp\/v2\/media\/317942"}],"wp:attachment":[{"href":"https:\/\/www.moskito.cz\/it\/wp-json\/wp\/v2\/media?parent=317940"}],"wp:term":[{"taxonomy":"pwb-brand","embeddable":true,"href":"https:\/\/www.moskito.cz\/it\/wp-json\/wp\/v2\/pwb-brand?post=317940"},{"taxonomy":"product_brand","embeddable":true,"href":"https:\/\/www.moskito.cz\/it\/wp-json\/wp\/v2\/product_brand?post=317940"},{"taxonomy":"product_cat","embeddable":true,"href":"https:\/\/www.moskito.cz\/it\/wp-json\/wp\/v2\/product_cat?post=317940"},{"taxonomy":"product_tag","embeddable":true,"href":"https:\/\/www.moskito.cz\/it\/wp-json\/wp\/v2\/product_tag?post=317940"}],"curies":[{"name":"wp","href":"https:\/\/api.w.org\/{rel}","templated":true}]}}