{"id":318406,"date":"2024-03-16T10:49:17","date_gmt":"2024-03-16T09:51:46","guid":{"rendered":"https:\/\/www.moskito.cz\/produkt\/coltello-da-tiro-microtech-makora-stonewashed-206-12odbis\/"},"modified":"2025-05-07T11:05:02","modified_gmt":"2025-05-07T10:05:02","slug":"coltello-da-tiro-microtech-makora-stonewashed-206-12odbis","status":"publish","type":"product","link":"https:\/\/www.moskito.cz\/it\/produkt\/coltello-da-tiro-microtech-makora-stonewashed-206-12odbis\/","title":{"rendered":"Coltello da tiro Microtech Makora Stonewashed 206-12ODBIS"},"content":{"rendered":"<p>Coltello da tiro <strong>Microtech<\/strong> Makora Stonewashed 206-12ODBIS<\/p>\n<p>Serie <strong>Makora<\/strong><br \/>\nQuasi 20 anni dopo la sua prima uscita, <strong>Makora<\/strong> ritorna! Questo classico coltello <strong>Microtech<\/strong> OTF \u00e8 stato ripreso con un design aggiornato e una tecnologia migliorata. Sebbene sembri molto simile al Microtech Ultratech, vanta alcune differenze sottili e alcune serie. \u00c8 un po&#8217; pi\u00f9 spesso, un po&#8217; pi\u00f9 leggero e ha una maniglia appuntita e un rompi-vetro aggiornato. Entrambi i lati dell&#8217;impugnatura con inserto in fibra di carbonio e la parte superiore e inferiore dell&#8217;impugnatura presentano fori che funzionano con le scanalature sulla base della lama per renderla pi\u00f9 funzionale sott&#8217;acqua. L&#8217;azione del coltello \u00e8 potenziata dalle parti interne di nichel e boro che riducono l&#8217;attrito e migliorano la consistenza. Questa nuova <strong>Makora<\/strong> mostra fino a che punto \u00e8 arrivata <strong>Microtech<\/strong> e dimostra il loro impegno per le proprie radici.<\/p>\n<p>Specifiche<br \/>\nLunghezza totale: 21,59 cm<br \/>\nAcciaio: M390<br \/>\nLunghezza lama: 8,25 cm<br \/>\nStile della lama: pugnale<br \/>\nFinitura: Stonewash<br \/>\nTipo di bordo: seghettato, liscio<br \/>\nMateriale manico: alluminio<br \/>\nColore: verde<br \/>\nPeso: 3,32 once<br \/>\nUtente: mano destra<br \/>\nClip da tasca: ribaltabile<br \/>\nTipo di coltello: OTF automatico a doppia azione<br \/>\nApertura: fai scorrere il pollice<br \/>\nMarca: MicroTech<br \/>\nModello: Makora<br \/>\nNumero di modello: 206-12ODBIS<br \/>\nProgettista: Microtech<br \/>\nPaese di origine: Stati Uniti<br \/>\nMigliori usi: trasporto quotidiano, tattico<\/p>\n<p><iframe title=\"Microtech Combat Troodon Torture Test\" width=\"800\" height=\"450\" src=\"https:\/\/www.youtube.com\/embed\/xE9TeOFYEjg?feature=oembed\" frameborder=\"0\" allow=\"accelerometer; autoplay; clipboard-write; encrypted-media; gyroscope; picture-in-picture; web-share\" allowfullscreen><\/iframe><\/p>\n<p>&nbsp;<\/p>\n","protected":false},"excerpt":{"rendered":"<p><strong>Nel corso degli anni, Microtech\u00ae Knives ha riempito i coltelli con passione e competenza per creare quasi opere d&#8217;arte che sono l&#8217;apice della funzionalit\u00e0. Tutte le parti sono prodotte negli Stati Uniti.<\/strong><br \/>\n<strong>Tutti i coltelli Microtech sono garantiti a vita (min. 80.000 cicli, apertura e chiusura)<\/strong><\/p>\n<p><strong>Trasporto gratuito.<\/strong><\/p>\n","protected":false},"featured_media":318382,"comment_status":"open","ping_status":"closed","template":"","meta":[],"pwb-brand":[3753],"product_brand":[],"product_cat":[3748,3745],"product_tag":[3755],"class_list":{"0":"post-318406","1":"product","2":"type-product","3":"status-publish","4":"has-post-thumbnail","6":"pwb-brand-microtecnologia-it","7":"product_cat-coltelli-da-tiro","8":"product_cat-coltelli","9":"product_tag-b2b-it","11":"first","12":"instock","13":"sale","14":"taxable","15":"shipping-taxable","16":"purchasable","17":"product-type-simple"},"brands":[{"id":3753,"name":"Microtecnologia","slug":"microtecnologia-it"}],"_links":{"self":[{"href":"https:\/\/www.moskito.cz\/it\/wp-json\/wp\/v2\/product\/318406","targetHints":{"allow":["GET"]}}],"collection":[{"href":"https:\/\/www.moskito.cz\/it\/wp-json\/wp\/v2\/product"}],"about":[{"href":"https:\/\/www.moskito.cz\/it\/wp-json\/wp\/v2\/types\/product"}],"replies":[{"embeddable":true,"href":"https:\/\/www.moskito.cz\/it\/wp-json\/wp\/v2\/comments?post=318406"}],"wp:featuredmedia":[{"embeddable":true,"href":"https:\/\/www.moskito.cz\/it\/wp-json\/wp\/v2\/media\/318382"}],"wp:attachment":[{"href":"https:\/\/www.moskito.cz\/it\/wp-json\/wp\/v2\/media?parent=318406"}],"wp:term":[{"taxonomy":"pwb-brand","embeddable":true,"href":"https:\/\/www.moskito.cz\/it\/wp-json\/wp\/v2\/pwb-brand?post=318406"},{"taxonomy":"product_brand","embeddable":true,"href":"https:\/\/www.moskito.cz\/it\/wp-json\/wp\/v2\/product_brand?post=318406"},{"taxonomy":"product_cat","embeddable":true,"href":"https:\/\/www.moskito.cz\/it\/wp-json\/wp\/v2\/product_cat?post=318406"},{"taxonomy":"product_tag","embeddable":true,"href":"https:\/\/www.moskito.cz\/it\/wp-json\/wp\/v2\/product_tag?post=318406"}],"curies":[{"name":"wp","href":"https:\/\/api.w.org\/{rel}","templated":true}]}}