{"id":318545,"date":"2024-03-16T12:47:34","date_gmt":"2024-03-16T11:49:33","guid":{"rendered":"https:\/\/www.moskito.cz\/produkt\/coltello-da-tiro-microtech-combat-troodon-apocalyptic-merlot-142-10apmr\/"},"modified":"2025-05-07T11:05:08","modified_gmt":"2025-05-07T10:05:08","slug":"coltello-da-tiro-microtech-combat-troodon-apocalyptic-merlot-142-10apmr","status":"publish","type":"product","link":"https:\/\/www.moskito.cz\/it\/produkt\/coltello-da-tiro-microtech-combat-troodon-apocalyptic-merlot-142-10apmr\/","title":{"rendered":"Coltello da tiro Microtech Combat Troodon Apocalyptic Merlot 142-10APMR"},"content":{"rendered":"<p>Coltello da tiro <strong>Microtech<\/strong> Combat Troodon Apocalyptic Merlot 142-10APMR<\/p>\n<p><strong>Il Combat Troodon<\/strong> \u00e8 un coltello frontale tattico di precisione. \u00c8 pi\u00f9 grande del 25% rispetto alla nostra ammiraglia, la Troodon. Presenta una maniglia sottile, una forma sagomata, elementi di design radicali e un sofisticato meccanismo interno che migliora la funzionalit\u00e0 operativa e l&#8217;affidabilit\u00e0 su scala pi\u00f9 ampia. Il Combat Troodon \u00e8 progettato per un&#8217;ampia gamma di applicazioni di utilit\u00e0 e combattimento ravvicinato.<br \/>\nSpecifiche:<\/p>\n<p>Azione: fuoco e tiro automatici a doppia azione<br \/>\nLunghezza totale: 19,2 cm<br \/>\nLunghezza lama: 7,5 cm<br \/>\nFrantumazione del vetro: Frantumazione del vetro con punta in tungsteno<br \/>\nManico: rivestimento duro in alluminio Mil Spec 6061-T6 Elox<br \/>\nSpessore manico: cono formato Min 0,304&#8243; Max 435&#8243;<br \/>\nAcciaio: M390<br \/>\nClip da tasca: 301 Temperato a molla, ambidestro<br \/>\nPeso: 5,3 once.<br \/>\nFabbricato negli Usa<\/p>\n<p><iframe title=\"Microtech Combat Troodon Torture Test\" width=\"800\" height=\"450\" src=\"https:\/\/www.youtube.com\/embed\/xE9TeOFYEjg?feature=oembed\" frameborder=\"0\" allow=\"accelerometer; autoplay; clipboard-write; encrypted-media; gyroscope; picture-in-picture; web-share\" allowfullscreen><\/iframe><\/p>\n<p>&nbsp;<\/p>\n","protected":false},"excerpt":{"rendered":"<div class=\"elementor-element elementor-element-bbb542b elementor-widget elementor-widget-woocommerce-product-short-description\" data-id=\"bbb542b\" data-element_type=\"widget\" data-widget_type=\"woocommerce-product-short-description.default\">\n<div class=\"elementor-widget-container\">\n<div class=\"woocommerce-product-details__short-description\">\n<p><strong>Nel corso degli anni, Microtech\u00ae Knives ha riempito i coltelli con passione e competenza per creare quasi opere d&#8217;arte che sono l&#8217;apice della funzionalit\u00e0. Tutte le parti sono prodotte negli Stati Uniti.<\/strong><br \/>\n<strong>Tutti i coltelli Microtech sono coperti da una garanzia a vita.<\/strong><\/p>\n<p><strong>Trasporto gratuito.<\/strong><\/p>\n<\/div>\n<\/div>\n<\/div>\n","protected":false},"featured_media":318494,"comment_status":"open","ping_status":"closed","template":"","meta":[],"pwb-brand":[3753],"product_brand":[],"product_cat":[3745,3748],"product_tag":[3755],"class_list":{"0":"post-318545","1":"product","2":"type-product","3":"status-publish","4":"has-post-thumbnail","6":"pwb-brand-microtecnologia-it","7":"product_cat-coltelli","8":"product_cat-coltelli-da-tiro","9":"product_tag-b2b-it","11":"first","12":"instock","13":"taxable","14":"shipping-taxable","15":"purchasable","16":"product-type-simple"},"brands":[{"id":3753,"name":"Microtecnologia","slug":"microtecnologia-it"}],"_links":{"self":[{"href":"https:\/\/www.moskito.cz\/it\/wp-json\/wp\/v2\/product\/318545","targetHints":{"allow":["GET"]}}],"collection":[{"href":"https:\/\/www.moskito.cz\/it\/wp-json\/wp\/v2\/product"}],"about":[{"href":"https:\/\/www.moskito.cz\/it\/wp-json\/wp\/v2\/types\/product"}],"replies":[{"embeddable":true,"href":"https:\/\/www.moskito.cz\/it\/wp-json\/wp\/v2\/comments?post=318545"}],"wp:featuredmedia":[{"embeddable":true,"href":"https:\/\/www.moskito.cz\/it\/wp-json\/wp\/v2\/media\/318494"}],"wp:attachment":[{"href":"https:\/\/www.moskito.cz\/it\/wp-json\/wp\/v2\/media?parent=318545"}],"wp:term":[{"taxonomy":"pwb-brand","embeddable":true,"href":"https:\/\/www.moskito.cz\/it\/wp-json\/wp\/v2\/pwb-brand?post=318545"},{"taxonomy":"product_brand","embeddable":true,"href":"https:\/\/www.moskito.cz\/it\/wp-json\/wp\/v2\/product_brand?post=318545"},{"taxonomy":"product_cat","embeddable":true,"href":"https:\/\/www.moskito.cz\/it\/wp-json\/wp\/v2\/product_cat?post=318545"},{"taxonomy":"product_tag","embeddable":true,"href":"https:\/\/www.moskito.cz\/it\/wp-json\/wp\/v2\/product_tag?post=318545"}],"curies":[{"name":"wp","href":"https:\/\/api.w.org\/{rel}","templated":true}]}}