{"id":318552,"date":"2022-04-09T10:20:35","date_gmt":"2024-03-16T11:51:48","guid":{"rendered":"https:\/\/www.moskito.cz\/produkt\/coltello-da-tiro-microtech-combat-troodon-satin-142-4bl\/"},"modified":"2025-05-07T11:05:09","modified_gmt":"2025-05-07T10:05:09","slug":"coltello-da-tiro-microtech-combat-troodon-satin-142-4bl","status":"publish","type":"product","link":"https:\/\/www.moskito.cz\/it\/produkt\/coltello-da-tiro-microtech-combat-troodon-satin-142-4bl\/","title":{"rendered":"Coltello da tiro Microtech Combat Troodon Satin 142-4BL"},"content":{"rendered":"<p>Coltello da tiro <strong>Microtech<\/strong> Combat Troodon Satin 142-4BL<\/p>\n<p><strong>Il Combat Troodon<\/strong> \u00e8 un coltello frontale tattico di precisione. \u00c8 pi\u00f9 grande del 25% rispetto alla nostra ammiraglia, la Troodon. Presenta una maniglia sottile, una forma sagomata, elementi di design radicali e un sofisticato meccanismo interno che migliora la funzionalit\u00e0 operativa e l&#8217;affidabilit\u00e0 su scala pi\u00f9 ampia. Il Combat Troodon \u00e8 progettato per un&#8217;ampia gamma di applicazioni di utilit\u00e0 e combattimento ravvicinato.<\/p>\n<p>Lunghezza totale: 19,2 cm<br \/>\nLunghezza lama: 7,5 cm<br \/>\nMateriale lama: 204P<br \/>\nStile della lama: pugnale<br \/>\nInserti: piatti<br \/>\nTipo di bordo: semplice<br \/>\nLunghezza manico: 10,63 cm<br \/>\nSpessore manico: 1,12 cm<br \/>\nMateriale manico: alluminio<br \/>\nPeso: 3,00 once<br \/>\nUtente: mano destra<br \/>\nClip da tasca: ribaltabile<br \/>\nTipo di coltello: automatico<br \/>\nApertura: diapositiva con il pollice<br \/>\nMarca: MicroTech<br \/>\nModello: Troodon<\/p>\n<p>Acciaio: M390<br \/>\nPaese di origine: Stati Uniti<br \/>\nMiglior utilizzo: tattico<br \/>\nFabbricato negli Usa<\/p>\n<p><iframe title=\"Microtech Combat Troodon Torture Test\" width=\"800\" height=\"450\" src=\"https:\/\/www.youtube.com\/embed\/xE9TeOFYEjg?feature=oembed\" frameborder=\"0\" allow=\"accelerometer; autoplay; clipboard-write; encrypted-media; gyroscope; picture-in-picture; web-share\" allowfullscreen><\/iframe><\/p>\n<p>Il <strong>Combat Troodon<\/strong> \u00e8 un coltello tattico all&#8217;avanguardia realizzato con precisione. \u00c8 pi\u00f9 grande del 25% rispetto alla nostra ammiraglia, la Troodon. Porta la maniglia snella, la forma sagomata, elementi di design radicali e un sofisticato meccanismo interno che migliora la funzionalit\u00e0 operativa e l&#8217;affidabilit\u00e0 su scala pi\u00f9 ampia. Il Combat Troodon \u00e8 progettato per un ampio spettro di applicazioni di utilit\u00e0 e di combattimento ravvicinato.<\/p>\n<p>Specifiche<br \/>\nTroodon &#8211; &#8220;Dente che ferisce&#8221;<br \/>\nAzione: fuoco e ritrazione automatici a doppia azione<br \/>\nLunghezza lama: 3,75&#8243;<br \/>\nSpessore lama: 0,095&#8243;<br \/>\nRottura del vetro: rottura del vetro con punta in tungsteno<br \/>\nManiglia: 6061-T6 alluminio Mil Spec rivestimento duro anodizzato blu<br \/>\nSpessore manico: scolpito rastremato Min 0,304&#8243; Max 435&#8243;<br \/>\nLunghezza aperta: 9,10&#8243;<br \/>\nLunghezza chiuso: 5,20&#8243;<br \/>\nClip da tasca: 301 temperato a molla, ambidestro<br \/>\nPeso: 5,3 once.<br \/>\nSi prega di notare che l&#8217;acciaio della lama non pu\u00f2 essere specificato poich\u00e9 pu\u00f2 cambiare a seconda della disponibilit\u00e0 (informazioni da Microtech)<br \/>\nProdotto negli Stati Uniti<\/p>\n","protected":false},"excerpt":{"rendered":"<p><strong>Nel corso degli anni, Microtech\u00ae Knives ha riempito i coltelli con passione e competenza per creare quasi opere d&#8217;arte che sono l&#8217;apice della funzionalit\u00e0. Tutte le parti sono prodotte negli Stati Uniti.<\/strong><br \/>\n<strong>Tutti i coltelli Microtech sono coperti da una garanzia a vita.<\/strong><\/p>\n<p><strong>Trasporto gratuito.<\/strong><\/p>\n","protected":false},"featured_media":318553,"comment_status":"open","ping_status":"closed","template":"","meta":[],"pwb-brand":[3753],"product_brand":[],"product_cat":[3745,3748],"product_tag":[3755],"class_list":{"0":"post-318552","1":"product","2":"type-product","3":"status-publish","4":"has-post-thumbnail","6":"pwb-brand-microtecnologia-it","7":"product_cat-coltelli","8":"product_cat-coltelli-da-tiro","9":"product_tag-b2b-it","11":"first","12":"instock","13":"taxable","14":"shipping-taxable","15":"purchasable","16":"product-type-simple"},"brands":[{"id":3753,"name":"Microtecnologia","slug":"microtecnologia-it"}],"_links":{"self":[{"href":"https:\/\/www.moskito.cz\/it\/wp-json\/wp\/v2\/product\/318552","targetHints":{"allow":["GET"]}}],"collection":[{"href":"https:\/\/www.moskito.cz\/it\/wp-json\/wp\/v2\/product"}],"about":[{"href":"https:\/\/www.moskito.cz\/it\/wp-json\/wp\/v2\/types\/product"}],"replies":[{"embeddable":true,"href":"https:\/\/www.moskito.cz\/it\/wp-json\/wp\/v2\/comments?post=318552"}],"wp:featuredmedia":[{"embeddable":true,"href":"https:\/\/www.moskito.cz\/it\/wp-json\/wp\/v2\/media\/318553"}],"wp:attachment":[{"href":"https:\/\/www.moskito.cz\/it\/wp-json\/wp\/v2\/media?parent=318552"}],"wp:term":[{"taxonomy":"pwb-brand","embeddable":true,"href":"https:\/\/www.moskito.cz\/it\/wp-json\/wp\/v2\/pwb-brand?post=318552"},{"taxonomy":"product_brand","embeddable":true,"href":"https:\/\/www.moskito.cz\/it\/wp-json\/wp\/v2\/product_brand?post=318552"},{"taxonomy":"product_cat","embeddable":true,"href":"https:\/\/www.moskito.cz\/it\/wp-json\/wp\/v2\/product_cat?post=318552"},{"taxonomy":"product_tag","embeddable":true,"href":"https:\/\/www.moskito.cz\/it\/wp-json\/wp\/v2\/product_tag?post=318552"}],"curies":[{"name":"wp","href":"https:\/\/api.w.org\/{rel}","templated":true}]}}