{"id":318570,"date":"2017-11-01T13:50:19","date_gmt":"2017-11-01T12:50:19","guid":{"rendered":"https:\/\/www.moskito.cz\/produkt\/affilacoltelli-vulkanus-professional-g2-in-acciaio-inox\/"},"modified":"2025-07-11T07:48:02","modified_gmt":"2025-07-11T06:48:02","slug":"affilacoltelli-vulkanus-professional-g2-in-acciaio-inox","status":"publish","type":"product","link":"https:\/\/www.moskito.cz\/it\/produkt\/affilacoltelli-vulkanus-professional-g2-in-acciaio-inox\/","title":{"rendered":"Affilacoltelli Vulkanus Professional G2 in acciaio inox"},"content":{"rendered":"<p>Affilacoltelli Vulkanus Professional G2 in acciaio inox.<\/p>\n<p>Smerigliatrice Vulkanus Professional G2, la seconda generazione della smerigliatrice collaudata \u00e8 qui. Gli inserti di riaffilatura sono stati rivisti nel materiale e nella forma in modo che la loro durata possa essere triplicata e il risultato di affilatura possa essere ancora migliore. L&#8217;angolo di messa a fuoco \u00e8 stato ampliato da 11\u00b0 a 21\u00b0. Nella nuova generazione le molle a barra sono nascoste e la loro forza di compressione \u00e8 stata notevolmente aumentata. Inoltre, gli elementi di affilatura ora sono molto pi\u00f9 facili da sostituire, se necessario.<\/p>\n<p>Affilatore pieghevole di prima classe per lame dritte e ondulate.<br \/>\nIl macinino VULKANUS \u00e8 stato inventato da Harald Stallegger di Salisburgo, che lo ha poi brevettato. Le aste in lega dura caricate a molla (carburo cementato) rimangono saldamente in contatto con qualsiasi forma della lama. Affila i coltelli da pane sia lisci che seghettati in modo semplicissimo senza graffi indesiderati.<br \/>\nLevigatrice Vulkanus Professional G2: levigatura semplice alla portata di tutti. Tutto quello che devi fare \u00e8 passare pi\u00f9 volte il coltello nell&#8217;affilatoio con la punta rivolta verso il basso, tirare senza aumentare la pressione e puoi continuare a tagliare. Il macinino funziona secondo il principio di un sistema a molla brevettato.<\/p>\n<p>Coltelli e utensili da taglio sono utilizzati da persone di tutte le culture ed epoche. Sono un simbolo di potere, sono percepiti come oggetti d&#8217;arte e strumenti multifunzionali.<br \/>\n\u00c8 sempre stato importante, o addirittura vitale, per le persone avere un coltello o un&#8217;arma con la necessaria affilatura.<br \/>\nPertanto, la professione di affilacoltelli ha sempre avuto un ruolo importante nella societ\u00e0. L&#8217;affilatura dei coltelli \u00e8 antica quanto la storia umana ed \u00e8 ancora interessante. Ci sono molte lame di coltello.<\/p>\n<p>Mentre finora l&#8217;affilatura dei coltelli \u00e8 stata lasciata in gran parte agli esperti, Vulkanus ha creato un affilatore cos\u00ec facile da usare che chiunque pu\u00f2 usarlo. Oggi, nessuna famiglia moderna dovrebbe essere sprovvista di un adeguato dispositivo per affilare i coltelli. Tuttavia, pochi dei prodotti offerti sono davvero facili. Ecco perch\u00e9 l&#8217;azienda austriaca ha attribuito grande importanza alla creazione di un dispositivo universale e facile da usare durante lo sviluppo di questo affilatore.<\/p>\n<p>Lo sviluppo dell&#8217;affilacoltelli Vulkanus si basa sull&#8217;esperienza ventennale del proprietario dell&#8217;azienda Harald Stallegger nel campo del taglio e dell&#8217;affilatura dei coltelli. Con il nuovo &#8220;Vulkanus&#8221; Stallegger ha sviluppato un affilacoltelli disponibile in diverse versioni per soddisfare le pi\u00f9 diverse esigenze. La gamma di prodotti brevettati Vulkanus, che comprende una serie di prodotti unici (per l&#8217;affilatura e l&#8217;affilatura di lame sia lisce che seghettate), ha trovato rapidamente partner di distribuzione internazionali. Oggi questi prodotti sono disponibili nei negozi specializzati di alta qualit\u00e0 in tutto il mondo.<\/p>\n<p>Essendo un&#8217;azienda a conduzione familiare, l&#8217;azienda \u00e8 abituata a lavorare in modo orientato al cliente. Questo atteggiamento \u00e8 rafforzato dalla crescita di alta qualit\u00e0 e dallo sviluppo continuo dei prodotti. INNOVAZIONE &#8211; DIRITTO &#8211; QUALIT\u00c0<\/p>\n<p>VULKANUS Dai coltelli da sushi ai coltelli da caccia e da tasca: il VULKANUS\u00ae Classic in plastica lavabile in lavastoviglie semplifica l&#8217;affilatura dei tuoi coltelli da lavoro preferiti. Basta un po&#8217; di concentrazione e pochi colpi uniformi della lama e il tuo coltello avr\u00e0 un filo ultra affilato senza intaccature o graffi.Pesce, selvaggina e verdure ne saranno la prova.<\/p>\n<p><iframe title=\"Make your blunt knife extra sharp with Vulkanus Professional.\" width=\"800\" height=\"450\" src=\"https:\/\/www.youtube.com\/embed\/agdhmQnNEmY?feature=oembed\" frameborder=\"0\" allow=\"accelerometer; autoplay; clipboard-write; encrypted-media; gyroscope; picture-in-picture; web-share\" allowfullscreen><\/iframe><\/p>\n","protected":false},"excerpt":{"rendered":"<p>Un affilacoltelli semplice e funzionale.<br \/>\nSistema di macinazione <strong>brevettato<\/strong> .<br \/>\nProdotto in <strong>Austria<\/strong> <strong>.<\/strong><\/p>\n","protected":false},"featured_media":175755,"comment_status":"open","ping_status":"closed","template":"","meta":[],"pwb-brand":[3795],"product_brand":[],"product_cat":[3734],"product_tag":[],"class_list":{"0":"post-318570","1":"product","2":"type-product","3":"status-publish","4":"has-post-thumbnail","6":"pwb-brand-vulcano","7":"product_cat-mole-e-acciai","9":"first","10":"instock","11":"taxable","12":"shipping-taxable","13":"purchasable","14":"product-type-simple"},"brands":[{"id":3795,"name":"Vulcano","slug":"vulcano"}],"_links":{"self":[{"href":"https:\/\/www.moskito.cz\/it\/wp-json\/wp\/v2\/product\/318570","targetHints":{"allow":["GET"]}}],"collection":[{"href":"https:\/\/www.moskito.cz\/it\/wp-json\/wp\/v2\/product"}],"about":[{"href":"https:\/\/www.moskito.cz\/it\/wp-json\/wp\/v2\/types\/product"}],"replies":[{"embeddable":true,"href":"https:\/\/www.moskito.cz\/it\/wp-json\/wp\/v2\/comments?post=318570"}],"wp:featuredmedia":[{"embeddable":true,"href":"https:\/\/www.moskito.cz\/it\/wp-json\/wp\/v2\/media\/175755"}],"wp:attachment":[{"href":"https:\/\/www.moskito.cz\/it\/wp-json\/wp\/v2\/media?parent=318570"}],"wp:term":[{"taxonomy":"pwb-brand","embeddable":true,"href":"https:\/\/www.moskito.cz\/it\/wp-json\/wp\/v2\/pwb-brand?post=318570"},{"taxonomy":"product_brand","embeddable":true,"href":"https:\/\/www.moskito.cz\/it\/wp-json\/wp\/v2\/product_brand?post=318570"},{"taxonomy":"product_cat","embeddable":true,"href":"https:\/\/www.moskito.cz\/it\/wp-json\/wp\/v2\/product_cat?post=318570"},{"taxonomy":"product_tag","embeddable":true,"href":"https:\/\/www.moskito.cz\/it\/wp-json\/wp\/v2\/product_tag?post=318570"}],"curies":[{"name":"wp","href":"https:\/\/api.w.org\/{rel}","templated":true}]}}