{"id":318586,"date":"2023-05-08T18:27:28","date_gmt":"2024-03-18T12:18:17","guid":{"rendered":"https:\/\/www.moskito.cz\/produkt\/coltello-fisso-lame-microtech-borka-stonewashed-201-11-sbd\/"},"modified":"2025-05-07T11:05:10","modified_gmt":"2025-05-07T10:05:10","slug":"coltello-fisso-lame-microtech-borka-stonewashed-201-11-sbd","status":"publish","type":"product","link":"https:\/\/www.moskito.cz\/it\/produkt\/coltello-fisso-lame-microtech-borka-stonewashed-201-11-sbd\/","title":{"rendered":"Coltello Fisso Lame Microtech\/Borka Stonewashed 201-11 SBD"},"content":{"rendered":"<p>Coltello Fisso <strong>Microtech<\/strong> \/Lame Borka Stonewashed 201-11 SBD<\/p>\n<p>La lama fissa SBD \u00e8 un pezzo minaccioso del coltellinaio personalizzato Sebastjan Berenji, AKA Bork, basato sul suo design SBK. Si tratta di un&#8217;evoluzione della SBK che ha preso la forma rialzata della lama persiana e l&#8217;ha sostituita con un ampio pugnale a doppio taglio, da qui la D nel nome. Presenta quattro splendidi smussi che culminano in una punta perfetta, una bella protezione per le dita e una scanalatura insanguinata con fori di alleggerimento. L&#8217;impugnatura \u00e8 realizzata in G10 splendidamente fresato per una piacevole presa ergonomica e crea una perfetta armonia tra l&#8217;utente e l&#8217;utensile. \u00c8 sagomato nei punti giusti per consentirti di indicizzare il coltello in pi\u00f9 prese. Il compatto SBD trasuda abilit\u00e0 tattica con lo stile che \u00e8 la pietra angolare delle lame Borka e viene fornito con una superficie di scorrimento in fibra di carbonio Kydex con una solida clip da cintura. Prodotto negli Stati Uniti da Microtech Knives.<\/p>\n<p>Specifiche<br \/>\nLunghezza lama: 11 cm<br \/>\nLunghezza totale: 23 cm<br \/>\nMateriale della lama: l&#8217;acciaio della lama per quest&#8217;anno sar\u00e0 M390 &#8211; fino ad esaurimento scorte, le lame possono anche essere Elmax o CTS-240P<br \/>\nStile della lama: pugnale a doppio taglio<br \/>\nAffilatura della lama: piatta<br \/>\nTrattamento superficiale della lama: Stonewash<br \/>\nMateriale manico: G10 nero fresato<br \/>\nMateriale Fodero: Finitura In Fibra Di Carbonio Kydex<br \/>\nPeso: 6,4 once<br \/>\nPeso con custodia: 10,1 once.<br \/>\nProgettista: Sebastijan Berenji<br \/>\nFabbricato negli Usa<\/p>\n<p><iframe title=\"Microtech Combat Troodon Torture Test\" width=\"800\" height=\"450\" src=\"https:\/\/www.youtube.com\/embed\/xE9TeOFYEjg?feature=oembed\" frameborder=\"0\" allow=\"accelerometer; autoplay; clipboard-write; encrypted-media; gyroscope; picture-in-picture; web-share\" referrerpolicy=\"strict-origin-when-cross-origin\" allowfullscreen><\/iframe><\/p>\n<p>&nbsp;<\/p>\n","protected":false},"excerpt":{"rendered":"<p>Nel corso degli anni, Microtech\u00ae Knives ha riempito i coltelli con passione e competenza per creare quasi opere d&#8217;arte che sono l&#8217;apice della funzionalit\u00e0. Tutte le parti sono prodotte negli Stati Uniti.<br \/>\n<strong>Tutti i coltelli Microtech sono coperti da una garanzia a vita.<\/strong><\/p>\n<p><strong>Trasporto gratuito.<\/strong><\/p>\n","protected":false},"featured_media":318591,"comment_status":"open","ping_status":"closed","template":"","meta":[],"pwb-brand":[3753],"product_brand":[],"product_cat":[3745,3746],"product_tag":[3755],"class_list":{"0":"post-318586","1":"product","2":"type-product","3":"status-publish","4":"has-post-thumbnail","6":"pwb-brand-microtecnologia-it","7":"product_cat-coltelli","8":"product_cat-coltelli-solidi","9":"product_tag-b2b-it","11":"first","12":"outofstock","13":"taxable","14":"shipping-taxable","15":"purchasable","16":"product-type-simple"},"brands":[{"id":3753,"name":"Microtecnologia","slug":"microtecnologia-it"}],"_links":{"self":[{"href":"https:\/\/www.moskito.cz\/it\/wp-json\/wp\/v2\/product\/318586","targetHints":{"allow":["GET"]}}],"collection":[{"href":"https:\/\/www.moskito.cz\/it\/wp-json\/wp\/v2\/product"}],"about":[{"href":"https:\/\/www.moskito.cz\/it\/wp-json\/wp\/v2\/types\/product"}],"replies":[{"embeddable":true,"href":"https:\/\/www.moskito.cz\/it\/wp-json\/wp\/v2\/comments?post=318586"}],"wp:featuredmedia":[{"embeddable":true,"href":"https:\/\/www.moskito.cz\/it\/wp-json\/wp\/v2\/media\/318591"}],"wp:attachment":[{"href":"https:\/\/www.moskito.cz\/it\/wp-json\/wp\/v2\/media?parent=318586"}],"wp:term":[{"taxonomy":"pwb-brand","embeddable":true,"href":"https:\/\/www.moskito.cz\/it\/wp-json\/wp\/v2\/pwb-brand?post=318586"},{"taxonomy":"product_brand","embeddable":true,"href":"https:\/\/www.moskito.cz\/it\/wp-json\/wp\/v2\/product_brand?post=318586"},{"taxonomy":"product_cat","embeddable":true,"href":"https:\/\/www.moskito.cz\/it\/wp-json\/wp\/v2\/product_cat?post=318586"},{"taxonomy":"product_tag","embeddable":true,"href":"https:\/\/www.moskito.cz\/it\/wp-json\/wp\/v2\/product_tag?post=318586"}],"curies":[{"name":"wp","href":"https:\/\/api.w.org\/{rel}","templated":true}]}}