{"id":318612,"date":"2021-09-22T13:42:30","date_gmt":"2024-03-18T12:18:23","guid":{"rendered":"https:\/\/www.moskito.cz\/produkt\/coltello-fisso-lame-microtech-borka-stonewashed-liscia-seghettata-201-12\/"},"modified":"2025-05-07T11:05:11","modified_gmt":"2025-05-07T10:05:11","slug":"coltello-fisso-lame-microtech-borka-stonewashed-liscia-seghettata-201-12","status":"publish","type":"product","link":"https:\/\/www.moskito.cz\/it\/produkt\/coltello-fisso-lame-microtech-borka-stonewashed-liscia-seghettata-201-12\/","title":{"rendered":"Coltello Fisso Lame Microtech Borka Stonewashed Liscia\/Seghettata 201-12"},"content":{"rendered":"<p>Coltello Fisso Lame <strong>Microtech<\/strong> Borka Stonewashed Liscia\/Seghettata 201-12.<\/p>\n<p>La lama fissa SBD \u00e8 un pezzo minaccioso del coltellinaio interno Sebastjan Berenji, noto anche come Borka, basato sul suo design SBK. Si tratta di un&#8217;evoluzione dell&#8217;SBK che aveva la forma alta della lama persiana e la sostitu\u00ec con una forma a pugnale largo a doppio taglio, da cui la D nel nome. Presenta quattro splendidi smussi che culminano in una punta perfetta, una bella protezione per le dita e un solco insanguinato con fori di alleggerimento. L&#8217;impugnatura \u00e8 realizzata in G10 splendidamente fresata per una piacevole presa ergonomica, creando una perfetta armonia tra l&#8217;utente e l&#8217;utensile. \u00c8 sagomato nei punti giusti, consentendoti di indicizzare il coltello in pi\u00f9 prese. Il compatto SBD trasuda abilit\u00e0 tattica con lo stile che \u00e8 un punto fermo delle lame Borka e viene fornito con una finitura ad attrito in fibra di carbonio rivestita in Kydex con Tek-Lok. Prodotto negli Stati Uniti da Microtech Knives.<br \/>\nSpecifiche<\/p>\n<p>Lunghezza lama: 11 cm<br \/>\nLunghezza totale: 22,5 cm<br \/>\nMateriale lama: M390<br \/>\nStile della lama: pugnale a doppio taglio<br \/>\nAffilatura della lama: piatta<br \/>\nTrattamento superficiale della lama: Stonewash<br \/>\nMateriale manico: G10 nero fresato<br \/>\nMateriale guaina: Kydex in fibra di carbonio<br \/>\nPeso: 6,4 once<br \/>\nPeso con fodero: 10,1 once.<br \/>\nProgettista: Sebastijan Berenji<br \/>\nFabbricato negli Usa<\/p>\n<p><iframe title=\"Microtech Combat Troodon Torture Test\" width=\"800\" height=\"450\" src=\"https:\/\/www.youtube.com\/embed\/xE9TeOFYEjg?feature=oembed\" frameborder=\"0\" allow=\"accelerometer; autoplay; clipboard-write; encrypted-media; gyroscope; picture-in-picture; web-share\" allowfullscreen><\/iframe><\/p>\n<p>&nbsp;<\/p>\n<p>Lame Borka Lama fissa SBD Double Edge, Stonewash<br \/>\nMicrotecnologia<\/p>\n<p>La lama fissa SBD \u00e8 un pezzo minaccioso del coltellinaio personalizzato Sebastijan Berenji, AKA Borka, basato sul suo design SBK. \u00c8 un&#8217;evoluzione dell&#8217;SBK, che aveva una lama persiana a forma di lama rivolta verso l&#8217;alto, sostituendola con un&#8217;ampia forma a pugnale a doppio bordo, da cui la D nel nome. Presenta quattro splendide smussature che culminano in una punta perfetta, una bella protezione per le dita e una scanalatura per il sangue con fori di alleggerimento. L&#8217;impugnatura \u00e8 realizzata in G10 splendidamente fresato per una piacevole presa ergonomica, creando la perfetta armonia tra utente e strumento. \u00c8 sagomato nei punti giusti per consentirti di indicizzare il coltello in pi\u00f9 prese. L&#8217;SBD compatto emana abilit\u00e0 tattica con lo stile che \u00e8 un punto fermo delle lame Borka ed \u00e8 disponibile in un fodero Kydex con finitura in fibra di carbonio con attrito e Tek-Lok. Prodotto negli Stati Uniti da Microtech Knives.<br \/>\nSpecifiche<\/p>\n<p>Lunghezza lama: 4,375&#8243;<br \/>\nTagliente: 4,25&#8243;<br \/>\nLunghezza impugnatura: 4,50&#8243;<br \/>\nLunghezza totale: 9,0&#8243;<br \/>\nMateriale della lama: l&#8217;acciaio della lama per quest&#8217;anno sar\u00e0 M390 &#8211; fino a esaurimento scorte di metallo, le lame possono anche essere Elmax o CTS-240P<br \/>\nSpessore lama: 0,195&#8243;<br \/>\nStile della lama: pugnale a doppio taglio<br \/>\nAffilatura della lama: piatta<br \/>\nFinitura lama: Stonewash<br \/>\nMateriale manico: G10 nero fresato<br \/>\nSpessore della maniglia: 0,68&#8243;<br \/>\nMateriale Fodero: Finitura In Fibra Di Carbonio Kydex<br \/>\nPeso: 6,4 once.<br \/>\nPeso con guaina: 10,1 once.<br \/>\nProgettista: Sebastijan Berenji<br \/>\nProdotto negli Stati Uniti<\/p>\n<p>&nbsp;<\/p>\n","protected":false},"excerpt":{"rendered":"<div class=\"elementor-element elementor-element-bbb542b elementor-widget elementor-widget-woocommerce-product-short-description\" data-id=\"bbb542b\" data-element_type=\"widget\" data-widget_type=\"woocommerce-product-short-description.default\">\n<div class=\"elementor-widget-container\">\n<div class=\"woocommerce-product-details__short-description\">\n<p>Nel corso degli anni <strong>, Microtech\u00ae Knives<\/strong> ha riempito i coltelli con passione e competenza fino a creare quasi opere d&#8217;arte che sono l&#8217;apice della funzionalit\u00e0. Tutte le parti sono prodotte negli Stati Uniti.<br \/>\n<strong>Tutti i coltelli Microtech sono coperti da una garanzia a vita.<\/strong><\/p>\n<p><strong>Trasporto gratuito.<\/strong><\/p>\n<\/div>\n<\/div>\n<\/div>\n<p>&nbsp;<\/p>\n<p>&nbsp;<\/p>\n","protected":false},"featured_media":318621,"comment_status":"open","ping_status":"closed","template":"","meta":[],"pwb-brand":[3753],"product_brand":[],"product_cat":[3746,3745],"product_tag":[3755],"class_list":{"0":"post-318612","1":"product","2":"type-product","3":"status-publish","4":"has-post-thumbnail","6":"pwb-brand-microtecnologia-it","7":"product_cat-coltelli-solidi","8":"product_cat-coltelli","9":"product_tag-b2b-it","11":"first","12":"instock","13":"taxable","14":"shipping-taxable","15":"purchasable","16":"product-type-simple"},"brands":[{"id":3753,"name":"Microtecnologia","slug":"microtecnologia-it"}],"_links":{"self":[{"href":"https:\/\/www.moskito.cz\/it\/wp-json\/wp\/v2\/product\/318612","targetHints":{"allow":["GET"]}}],"collection":[{"href":"https:\/\/www.moskito.cz\/it\/wp-json\/wp\/v2\/product"}],"about":[{"href":"https:\/\/www.moskito.cz\/it\/wp-json\/wp\/v2\/types\/product"}],"replies":[{"embeddable":true,"href":"https:\/\/www.moskito.cz\/it\/wp-json\/wp\/v2\/comments?post=318612"}],"wp:featuredmedia":[{"embeddable":true,"href":"https:\/\/www.moskito.cz\/it\/wp-json\/wp\/v2\/media\/318621"}],"wp:attachment":[{"href":"https:\/\/www.moskito.cz\/it\/wp-json\/wp\/v2\/media?parent=318612"}],"wp:term":[{"taxonomy":"pwb-brand","embeddable":true,"href":"https:\/\/www.moskito.cz\/it\/wp-json\/wp\/v2\/pwb-brand?post=318612"},{"taxonomy":"product_brand","embeddable":true,"href":"https:\/\/www.moskito.cz\/it\/wp-json\/wp\/v2\/product_brand?post=318612"},{"taxonomy":"product_cat","embeddable":true,"href":"https:\/\/www.moskito.cz\/it\/wp-json\/wp\/v2\/product_cat?post=318612"},{"taxonomy":"product_tag","embeddable":true,"href":"https:\/\/www.moskito.cz\/it\/wp-json\/wp\/v2\/product_tag?post=318612"}],"curies":[{"name":"wp","href":"https:\/\/api.w.org\/{rel}","templated":true}]}}