{"id":318635,"date":"2022-01-08T07:03:59","date_gmt":"2024-03-18T12:18:25","guid":{"rendered":"https:\/\/www.moskito.cz\/produkt\/coltello-da-tiro-microtech-stitch-borka-lame-wharncliffe-stonewash-169-12\/"},"modified":"2025-05-07T11:05:11","modified_gmt":"2025-05-07T10:05:11","slug":"coltello-da-tiro-microtech-stitch-borka-lame-wharncliffe-stonewash-169-12","status":"publish","type":"product","link":"https:\/\/www.moskito.cz\/it\/produkt\/coltello-da-tiro-microtech-stitch-borka-lame-wharncliffe-stonewash-169-12\/","title":{"rendered":"Coltello da tiro Microtech Stitch Borka Lame WHARNCLIFFE STONEWASH 169-12"},"content":{"rendered":"<p>Coltello da tiro <strong>Microtech<\/strong> Stitch Borka Lame WHARNCLIFFE STONEWASH 169-12<\/p>\n<p>Questo Stitch automatico \u00e8 una bellissima collaborazione tattica tra Tony <strong>Marfione<\/strong> e Sebastijan Berenji, noto anche come Borka, lo straordinario design di Sebastijan Stitch con lo straordinario meccanismo di apertura automatica di Tony costituisce una delle migliori collaborazioni di produzione del 2017. La lama da 8,5 cm presenta una superficie piatta e apocalittica. La maniglia \u00e8 in alluminio altamente fresato con finitura anodizzata nera Mil-Spec Hardcoat e backspacer in alluminio. La lama spara come un razzo e si blocca in modo solido, il che \u00e8 un&#8217;impresa impressionante considerando che \u00e8 AUTO. Questo \u00e8 un modello di produzione tanto atteso della famosa custom, quindi hai la possibilit\u00e0 di avere un coltello Borka per una frazione del prezzo.<\/p>\n<p>Borka Design<br \/>\nHardware Torx<br \/>\nBackspacer in alluminio testurizzato<br \/>\nSpecifiche<br \/>\nLunghezza lama: 8,5 cm<br \/>\nLunghezza manico: 12,5 cm<br \/>\nLunghezza totale: 21 centimetri<br \/>\nAcciaio: M390<br \/>\nStile della lama: punta di lancia<br \/>\nAffilatura della lama: piatta<br \/>\nTrattamento superficiale della lama: Stonewash<br \/>\nMateriale impugnatura: alluminio fresato, rivestimento duro Mil-Spec, anodizzato<br \/>\nMeccanismo di chiusura: pulsante<br \/>\nClip da tasca: acciaio inossidabile (pieghevole, destra)<br \/>\nPeso: 6,3 once.<br \/>\nDesigner: Sebastijan Berenji e Tony Marfione<br \/>\nFabbricato negli Usa<\/p>\n<p><iframe title=\"Microtech Combat Troodon Torture Test\" width=\"800\" height=\"450\" src=\"https:\/\/www.youtube.com\/embed\/xE9TeOFYEjg?feature=oembed\" frameborder=\"0\" allow=\"accelerometer; autoplay; clipboard-write; encrypted-media; gyroscope; picture-in-picture; web-share\" allowfullscreen><\/iframe><\/p>\n","protected":false},"excerpt":{"rendered":"<p>Nel corso degli anni, Microtech\u00ae Knives ha riempito i coltelli con passione e competenza per creare quasi opere d&#8217;arte che sono l&#8217;apice della funzionalit\u00e0. Tutte le parti sono prodotte negli Stati Uniti.<br \/>\n<strong>Tutti i coltelli Microtech sono coperti da una garanzia a vita.<\/strong><\/p>\n<p><strong>Trasporto gratuito.<\/strong><\/p>\n","protected":false},"featured_media":318642,"comment_status":"open","ping_status":"closed","template":"","meta":[],"pwb-brand":[3753],"product_brand":[],"product_cat":[3745,3748],"product_tag":[3755],"class_list":{"0":"post-318635","1":"product","2":"type-product","3":"status-publish","4":"has-post-thumbnail","6":"pwb-brand-microtecnologia-it","7":"product_cat-coltelli","8":"product_cat-coltelli-da-tiro","9":"product_tag-b2b-it","11":"first","12":"instock","13":"featured","14":"taxable","15":"shipping-taxable","16":"purchasable","17":"product-type-simple"},"brands":[{"id":3753,"name":"Microtecnologia","slug":"microtecnologia-it"}],"_links":{"self":[{"href":"https:\/\/www.moskito.cz\/it\/wp-json\/wp\/v2\/product\/318635","targetHints":{"allow":["GET"]}}],"collection":[{"href":"https:\/\/www.moskito.cz\/it\/wp-json\/wp\/v2\/product"}],"about":[{"href":"https:\/\/www.moskito.cz\/it\/wp-json\/wp\/v2\/types\/product"}],"replies":[{"embeddable":true,"href":"https:\/\/www.moskito.cz\/it\/wp-json\/wp\/v2\/comments?post=318635"}],"wp:featuredmedia":[{"embeddable":true,"href":"https:\/\/www.moskito.cz\/it\/wp-json\/wp\/v2\/media\/318642"}],"wp:attachment":[{"href":"https:\/\/www.moskito.cz\/it\/wp-json\/wp\/v2\/media?parent=318635"}],"wp:term":[{"taxonomy":"pwb-brand","embeddable":true,"href":"https:\/\/www.moskito.cz\/it\/wp-json\/wp\/v2\/pwb-brand?post=318635"},{"taxonomy":"product_brand","embeddable":true,"href":"https:\/\/www.moskito.cz\/it\/wp-json\/wp\/v2\/product_brand?post=318635"},{"taxonomy":"product_cat","embeddable":true,"href":"https:\/\/www.moskito.cz\/it\/wp-json\/wp\/v2\/product_cat?post=318635"},{"taxonomy":"product_tag","embeddable":true,"href":"https:\/\/www.moskito.cz\/it\/wp-json\/wp\/v2\/product_tag?post=318635"}],"curies":[{"name":"wp","href":"https:\/\/api.w.org\/{rel}","templated":true}]}}