{"id":318667,"date":"2023-02-22T21:08:19","date_gmt":"2023-02-22T20:08:19","guid":{"rendered":"https:\/\/www.moskito.cz\/produkt\/coltello-da-tiro-microtech-borka-stitch-coyote-signature-series-169-1ccs\/"},"modified":"2025-05-07T11:05:12","modified_gmt":"2025-05-07T10:05:12","slug":"coltello-da-tiro-microtech-borka-stitch-coyote-signature-series-169-1ccs","status":"publish","type":"product","link":"https:\/\/www.moskito.cz\/it\/produkt\/coltello-da-tiro-microtech-borka-stitch-coyote-signature-series-169-1ccs\/","title":{"rendered":"Coltello da tiro Microtech Borka Stitch Coyote Signature Series 169-1CCS"},"content":{"rendered":"<p>Coltello da tiro <strong>Microtech<\/strong> Borka Stitch Coyote Signature Series 169-1CCS<\/p>\n<p>Questo straordinario componente hardware utilizza il genio del design di Anthony Marfione e Sebastian Berenji di Borka Blades. Prende il design stellare di Stitch di Sebastijan e lo abbina al meccanismo automatico di prim&#8217;ordine di Tony per creare una delle peggiori collaborazioni di produzione dell&#8217;anno.<\/p>\n<p>Questo modello della serie Signature presenta una lama M390 con finitura Coyote Camo Cerakote, una molatura piatta, un bel choil per le dita grandi e una nastratura per dita e pollice per una presa superiore. Anche il manico in alluminio \u00e8 rifinito in Coyote Camo e presenta una trama fortemente fresata. Il backspacer in alluminio \u00e8 dotato anche di jimping. Come ci si aspetterebbe, questa cosa spara come un razzo e la serratura \u00e8 solida come la roccia, il che \u00e8 impressionante su questo grosso coltello! Tutto l&#8217;hardware apocalittico in bronzo, clip da tasca e foro per cordino. La clip da tasca presenta il logo Signature Series, le informazioni sul modello e il numero di serie.<\/p>\n<p>SPECIFICHE<br \/>\nPaese di origine: Stati Uniti<br \/>\nData di origine: 2023<br \/>\nMateriale lama: M390<br \/>\nMateriale manico: alluminio<br \/>\nStile lama: Wharncliffe<br \/>\nFinitura lama: Coyote Camo<br \/>\nTipo di bordo: standard<br \/>\nModello\/motivo: punto<br \/>\nTipo di blocco: blocco pulsanti<br \/>\nLunghezza lama: 9,5 cm<br \/>\nLunghezza totale: 21,5 cm<br \/>\nPeso: 6,3 once<\/p>\n<p><iframe title=\"Microtech Combat Troodon Torture Test\" width=\"800\" height=\"450\" src=\"https:\/\/www.youtube.com\/embed\/xE9TeOFYEjg?feature=oembed\" frameborder=\"0\" allow=\"accelerometer; autoplay; clipboard-write; encrypted-media; gyroscope; picture-in-picture; web-share\" allowfullscreen><\/iframe><\/p>\n<p>&nbsp;<\/p>\n","protected":false},"excerpt":{"rendered":"<p>Nel corso degli anni , Microtech\u00ae Knives ha riempito i coltelli con passione e competenza fino a creare quasi opere d&#8217;arte che sono l&#8217;apice della funzionalit\u00e0. Tutte le parti sono prodotte negli Stati Uniti.<br \/>\n<strong>Tutti i coltelli Microtech sono coperti da una garanzia a vita.<\/strong><\/p>\n<p><strong>Trasporto gratuito.<\/strong><\/p>\n","protected":false},"featured_media":318669,"comment_status":"open","ping_status":"closed","template":"","meta":[],"pwb-brand":[3753],"product_brand":[],"product_cat":[3748,3745],"product_tag":[3755],"class_list":{"0":"post-318667","1":"product","2":"type-product","3":"status-publish","4":"has-post-thumbnail","6":"pwb-brand-microtecnologia-it","7":"product_cat-coltelli-da-tiro","8":"product_cat-coltelli","9":"product_tag-b2b-it","11":"first","12":"outofstock","13":"taxable","14":"shipping-taxable","15":"purchasable","16":"product-type-simple"},"brands":[{"id":3753,"name":"Microtecnologia","slug":"microtecnologia-it"}],"_links":{"self":[{"href":"https:\/\/www.moskito.cz\/it\/wp-json\/wp\/v2\/product\/318667","targetHints":{"allow":["GET"]}}],"collection":[{"href":"https:\/\/www.moskito.cz\/it\/wp-json\/wp\/v2\/product"}],"about":[{"href":"https:\/\/www.moskito.cz\/it\/wp-json\/wp\/v2\/types\/product"}],"replies":[{"embeddable":true,"href":"https:\/\/www.moskito.cz\/it\/wp-json\/wp\/v2\/comments?post=318667"}],"wp:featuredmedia":[{"embeddable":true,"href":"https:\/\/www.moskito.cz\/it\/wp-json\/wp\/v2\/media\/318669"}],"wp:attachment":[{"href":"https:\/\/www.moskito.cz\/it\/wp-json\/wp\/v2\/media?parent=318667"}],"wp:term":[{"taxonomy":"pwb-brand","embeddable":true,"href":"https:\/\/www.moskito.cz\/it\/wp-json\/wp\/v2\/pwb-brand?post=318667"},{"taxonomy":"product_brand","embeddable":true,"href":"https:\/\/www.moskito.cz\/it\/wp-json\/wp\/v2\/product_brand?post=318667"},{"taxonomy":"product_cat","embeddable":true,"href":"https:\/\/www.moskito.cz\/it\/wp-json\/wp\/v2\/product_cat?post=318667"},{"taxonomy":"product_tag","embeddable":true,"href":"https:\/\/www.moskito.cz\/it\/wp-json\/wp\/v2\/product_tag?post=318667"}],"curies":[{"name":"wp","href":"https:\/\/api.w.org\/{rel}","templated":true}]}}