{"id":318668,"date":"2023-07-03T18:35:30","date_gmt":"2024-03-18T12:18:27","guid":{"rendered":"https:\/\/www.moskito.cz\/produkt\/coltello-da-tiro-microtech-borka-stitch-artic-camo-full-seghettato-169-3acs\/"},"modified":"2025-05-07T11:05:13","modified_gmt":"2025-05-07T10:05:13","slug":"coltello-da-tiro-microtech-borka-stitch-artic-camo-full-seghettato-169-3acs","status":"publish","type":"product","link":"https:\/\/www.moskito.cz\/it\/produkt\/coltello-da-tiro-microtech-borka-stitch-artic-camo-full-seghettato-169-3acs\/","title":{"rendered":"Coltello da tiro Microtech Borka Stitch Artic Camo Full Seghettato 169-3ACS"},"content":{"rendered":"<p>Coltello da tiro <strong>Microtech<\/strong> Borka Stitch Artic Camo Full Seghettato 169-3ACS<\/p>\n<p>Automatic Stitch \u00e8 una bellissima collaborazione tattica tra Tony Marfione e Sebastijan Berenji, AKA Borka. Prende lo straordinario design Stitch di Sebastijan e lo combina con l&#8217;incredibile apertura automatica di Tony per creare una delle collaborazioni di produzione pi\u00f9 sorprendenti del 2017. La lama con punta a lancia da 3,625&#8243; presenta una molatura piatta, una finitura mimetica urbana e una fascia per dita e pollice. per un acquisto eccellente nelle operazioni di taglio pi\u00f9 fini. La maniglia \u00e8 in alluminio pesantemente fresato con finitura anodizzata mimetica artica Mil-Spec Hardcoat e backspacer in alluminio. Spara come un razzo e si blocca in modo solido, il che \u00e8 un&#8217;impresa impressionante considerando che \u00e8 un&#8217;AUTO. Questo \u00e8 il tanto atteso modello di produzione della famosa custom, che ti d\u00e0 la possibilit\u00e0 di possedere un <strong>coltello Borka per una frazione del prezzo<\/strong> .<\/p>\n<p>Specifiche<br \/>\nLunghezza lama: 9 cm<br \/>\nLunghezza manico: 12,5 cm<br \/>\nLunghezza totale: 21,25 centimetri<br \/>\nAcciaio: M390<br \/>\nSpessore lama: 0,190&#8243;<br \/>\nStile della lama: punta di lancia<br \/>\nAffilatura della lama: piatta<br \/>\nFinitura lama: Arctic Camo<br \/>\nMateriale manico: alluminio fresato, anodizzato con rivestimento duro Mil-Spec Urban Camo<br \/>\nSpessore della maniglia: 0,62&#8243;<br \/>\nMeccanismo di chiusura: pulsante<br \/>\nClip da tasca: acciaio inossidabile (apribile, indossabile a destra)<br \/>\nPeso: 6,3 once.<br \/>\nDesigner: Sebastijan Berenji e Tony Marfione<br \/>\nFabbricato negli Usa<\/p>\n<p><iframe title=\"Microtech Combat Troodon Torture Test\" width=\"800\" height=\"450\" src=\"https:\/\/www.youtube.com\/embed\/xE9TeOFYEjg?feature=oembed\" frameborder=\"0\" allow=\"accelerometer; autoplay; clipboard-write; encrypted-media; gyroscope; picture-in-picture; web-share\" allowfullscreen><\/iframe><\/p>\n<p>&nbsp;<\/p>\n","protected":false},"excerpt":{"rendered":"<p>Nel corso degli anni, Microtech\u00ae Knives ha riempito i coltelli con passione e competenza per creare quasi opere d&#8217;arte che sono l&#8217;apice della funzionalit\u00e0. Tutte le parti sono prodotte negli Stati Uniti.<br \/>\n<strong>Tutti i coltelli Microtech sono coperti da una garanzia a vita.<\/strong><\/p>\n<p><strong>Trasporto gratuito.<\/strong><\/p>\n","protected":false},"featured_media":318671,"comment_status":"open","ping_status":"closed","template":"","meta":[],"pwb-brand":[3753],"product_brand":[],"product_cat":[3745,3748],"product_tag":[3755],"class_list":{"0":"post-318668","1":"product","2":"type-product","3":"status-publish","4":"has-post-thumbnail","6":"pwb-brand-microtecnologia-it","7":"product_cat-coltelli","8":"product_cat-coltelli-da-tiro","9":"product_tag-b2b-it","11":"first","12":"instock","13":"taxable","14":"shipping-taxable","15":"purchasable","16":"product-type-simple"},"brands":[{"id":3753,"name":"Microtecnologia","slug":"microtecnologia-it"}],"_links":{"self":[{"href":"https:\/\/www.moskito.cz\/it\/wp-json\/wp\/v2\/product\/318668","targetHints":{"allow":["GET"]}}],"collection":[{"href":"https:\/\/www.moskito.cz\/it\/wp-json\/wp\/v2\/product"}],"about":[{"href":"https:\/\/www.moskito.cz\/it\/wp-json\/wp\/v2\/types\/product"}],"replies":[{"embeddable":true,"href":"https:\/\/www.moskito.cz\/it\/wp-json\/wp\/v2\/comments?post=318668"}],"wp:featuredmedia":[{"embeddable":true,"href":"https:\/\/www.moskito.cz\/it\/wp-json\/wp\/v2\/media\/318671"}],"wp:attachment":[{"href":"https:\/\/www.moskito.cz\/it\/wp-json\/wp\/v2\/media?parent=318668"}],"wp:term":[{"taxonomy":"pwb-brand","embeddable":true,"href":"https:\/\/www.moskito.cz\/it\/wp-json\/wp\/v2\/pwb-brand?post=318668"},{"taxonomy":"product_brand","embeddable":true,"href":"https:\/\/www.moskito.cz\/it\/wp-json\/wp\/v2\/product_brand?post=318668"},{"taxonomy":"product_cat","embeddable":true,"href":"https:\/\/www.moskito.cz\/it\/wp-json\/wp\/v2\/product_cat?post=318668"},{"taxonomy":"product_tag","embeddable":true,"href":"https:\/\/www.moskito.cz\/it\/wp-json\/wp\/v2\/product_tag?post=318668"}],"curies":[{"name":"wp","href":"https:\/\/api.w.org\/{rel}","templated":true}]}}