{"id":318760,"date":"2024-03-18T13:34:09","date_gmt":"2024-03-18T12:38:14","guid":{"rendered":"https:\/\/www.moskito.cz\/produkt\/coltello-da-tiro-microtech-borka-blades-tactical-stitch-169-2t\/"},"modified":"2025-05-07T11:05:14","modified_gmt":"2025-05-07T10:05:14","slug":"coltello-da-tiro-microtech-borka-blades-tactical-stitch-169-2t","status":"publish","type":"product","link":"https:\/\/www.moskito.cz\/it\/produkt\/coltello-da-tiro-microtech-borka-blades-tactical-stitch-169-2t\/","title":{"rendered":"Coltello da tiro Microtech\/Borka Blades Tactical Stitch 169-2T"},"content":{"rendered":"<p>Coltello da tiro <strong>Microtech\/Borka<\/strong> Blades Tactical Stitch 169-2T.<\/p>\n<p>Una bellissima collaborazione tattica tra Tony Marfione e Sebastijan Berenji, AKA Borka. Prende lo straordinario design Stitch di Sebastijan e lo combina con l&#8217;incredibile apertura automatica di Tony per creare una delle collaborazioni di produzione pi\u00f9 sorprendenti del 2017. La lama a punta di lancia da 3,625&#8243; presenta una molatura piatta, una finitura apocalittica e zigrinatura sulle dita e sulla rampa del pollice. un acquisto eccellente per le operazioni di taglio pi\u00f9 fini. La maniglia \u00e8 in alluminio pesantemente fresato con finitura anodizzata nera Mil-Spec Hardcoat e backspacer in alluminio. Spara come un razzo e si blocca saldamente, il che \u00e8 un&#8217;impresa impressionante considerando che \u00e8 un&#8217;AUTO. Questo \u00e8 il tanto atteso modello di produzione della famosa custom, che ti d\u00e0 la possibilit\u00e0 di possedere un coltello Borka per una frazione del prezzo.<\/p>\n<p>Specifiche:<\/p>\n<p>Lunghezza lama: 8,5 cm<br \/>\nLunghezza manico: 12,5 cm<br \/>\nLunghezza totale: 21 centimetri<br \/>\nAcciaio: M390<br \/>\nStile della lama: punta di lancia<br \/>\nAffilatura della lama: piatta<br \/>\nFinitura lama: DLC nero<br \/>\nMateriale impugnatura: alluminio fresato, rivestimento duro anodizzato Mil-Spec<br \/>\nMeccanismo di chiusura: pulsante<br \/>\nClip da tasca: acciaio inossidabile (apribile, indossabile a destra)<br \/>\nPeso: 6,3 once.<br \/>\nDesigner: Sebastijan Berenji e Tony Marfione<br \/>\nFabbricato negli Usa<\/p>\n<p><iframe title=\"Microtech Combat Troodon Torture Test\" width=\"800\" height=\"450\" src=\"https:\/\/www.youtube.com\/embed\/xE9TeOFYEjg?feature=oembed\" frameborder=\"0\" allow=\"accelerometer; autoplay; clipboard-write; encrypted-media; gyroscope; picture-in-picture; web-share\" allowfullscreen><\/iframe><\/p>\n<p>&nbsp;<\/p>\n","protected":false},"excerpt":{"rendered":"<div class=\"elementor-element elementor-element-bbb542b elementor-widget elementor-widget-woocommerce-product-short-description\" data-id=\"bbb542b\" data-element_type=\"widget\" data-widget_type=\"woocommerce-product-short-description.default\">\n<div class=\"elementor-widget-container\">\n<div class=\"woocommerce-product-details__short-description\">\n<p><strong>Nel corso degli anni, Microtech\u00ae Knives ha riempito i coltelli con passione e competenza per creare quasi opere d&#8217;arte che sono l&#8217;apice della funzionalit\u00e0. Tutte le parti sono prodotte negli Stati Uniti.<\/strong><br \/>\n<strong>Tutti i coltelli Microtech sono coperti da una garanzia a vita.<\/strong><\/p>\n<p><strong>Trasporto gratuito.<\/strong><\/p>\n<\/div>\n<\/div>\n<\/div>\n","protected":false},"featured_media":318711,"comment_status":"open","ping_status":"closed","template":"","meta":[],"pwb-brand":[3753],"product_brand":[],"product_cat":[3748,3745],"product_tag":[3755],"class_list":{"0":"post-318760","1":"product","2":"type-product","3":"status-publish","4":"has-post-thumbnail","6":"pwb-brand-microtecnologia-it","7":"product_cat-coltelli-da-tiro","8":"product_cat-coltelli","9":"product_tag-b2b-it","11":"first","12":"outofstock","13":"taxable","14":"shipping-taxable","15":"purchasable","16":"product-type-simple"},"brands":[{"id":3753,"name":"Microtecnologia","slug":"microtecnologia-it"}],"_links":{"self":[{"href":"https:\/\/www.moskito.cz\/it\/wp-json\/wp\/v2\/product\/318760","targetHints":{"allow":["GET"]}}],"collection":[{"href":"https:\/\/www.moskito.cz\/it\/wp-json\/wp\/v2\/product"}],"about":[{"href":"https:\/\/www.moskito.cz\/it\/wp-json\/wp\/v2\/types\/product"}],"replies":[{"embeddable":true,"href":"https:\/\/www.moskito.cz\/it\/wp-json\/wp\/v2\/comments?post=318760"}],"wp:featuredmedia":[{"embeddable":true,"href":"https:\/\/www.moskito.cz\/it\/wp-json\/wp\/v2\/media\/318711"}],"wp:attachment":[{"href":"https:\/\/www.moskito.cz\/it\/wp-json\/wp\/v2\/media?parent=318760"}],"wp:term":[{"taxonomy":"pwb-brand","embeddable":true,"href":"https:\/\/www.moskito.cz\/it\/wp-json\/wp\/v2\/pwb-brand?post=318760"},{"taxonomy":"product_brand","embeddable":true,"href":"https:\/\/www.moskito.cz\/it\/wp-json\/wp\/v2\/product_brand?post=318760"},{"taxonomy":"product_cat","embeddable":true,"href":"https:\/\/www.moskito.cz\/it\/wp-json\/wp\/v2\/product_cat?post=318760"},{"taxonomy":"product_tag","embeddable":true,"href":"https:\/\/www.moskito.cz\/it\/wp-json\/wp\/v2\/product_tag?post=318760"}],"curies":[{"name":"wp","href":"https:\/\/api.w.org\/{rel}","templated":true}]}}