{"id":318837,"date":"2019-04-14T16:47:41","date_gmt":"2024-03-18T13:12:39","guid":{"rendered":"https:\/\/www.moskito.cz\/produkt\/coltello-pieghevole-in-damasco-boker-leopard-damast-iii-110239dam\/"},"modified":"2025-07-11T07:48:27","modified_gmt":"2025-07-11T06:48:27","slug":"coltello-pieghevole-in-damasco-boker-leopard-damast-iii-110239dam","status":"publish","type":"product","link":"https:\/\/www.moskito.cz\/it\/produkt\/coltello-pieghevole-in-damasco-boker-leopard-damast-iii-110239dam\/","title":{"rendered":"Coltello pieghevole in damasco B\u00f6ker Leopard-Damast III 110239DAM"},"content":{"rendered":"<p>Coltello pieghevole in damasco B\u00f6ker <strong>Leopard-Damast III<\/strong> 110239DAM.<\/p>\n<p>Molti clienti Boker hanno chiesto loro di offrire l&#8217;edizione Boker Leopard Damascus III Collection con pinne e pomello per il pollice. Questo coltello da collezione ha un bellissimo inserto in Damasco in acciaio inossidabile a 180 strati, abilmente incastonato a mano nella scala del manico. Ci\u00f2 conferisce al coltello tascabile un nuovo fascino poich\u00e9 l&#8217;inserto damascato con il suo motivo elegante si adatta molto bene alla lama Leopard Damasco forgiata a mano. Il leggendario acciaio per lame Boker \u00e8 da molti anni uno dei preferiti nella comunit\u00e0 dei coltelli. \u00c8 realizzato con la canna di un carro armato Leopard, ha 300 strati e una durezza compresa tra 61 e 63 HRC. Con clip da tasca a doppia faccia (piega\/piega). Viene fornito con custodia con cornice, certificato di autenticit\u00e0 e numero di serie individuale.<br \/>\nAcciaio di Damasco<\/p>\n<p>L&#8217;acciaio di Damasco \u00e8 il nome di un tipo di acciaio molto popolare nel Medioevo e nella prima et\u00e0 moderna. Prende il nome dalla citt\u00e0 siriana di Damasco, un ex centro commerciale di coltelli e spade con questo tipo di lama. Oggi l&#8217;acciaio di Damasco non \u00e8 ampiamente utilizzato come l&#8217;acciaio inossidabile o l&#8217;acciaio al carbonio, ma \u00e8 ancora apprezzato per il suo aspetto decorativo.<\/p>\n<p>L&#8217;acciaio di Damasco \u00e8 un acciaio composito, ovvero un acciaio costituito da due o pi\u00f9 basi di acciaio con propriet\u00e0 diverse. Il prodotto finito ha una trama chiaramente visibile di strati alternati di materiali di base. Per realizzare un composito vengono utilizzati due o pi\u00f9 tipi di acciaio per ottenere un prodotto finito che unisce i loro punti di forza. L&#8217;acciaio di Damasco \u00e8 stato sviluppato per compensare gli svantaggi dell&#8217;acciaio come materiale per realizzare spade, coltelli e altre armi. L&#8217;utilizzo di acciaio duro o morbido per realizzare lame ha portato a vantaggi e svantaggi specifici: le lame realizzate in acciaio duro sono molto resistenti e mantengono il filo a lungo, ma sono anche fragili e si rompono rapidamente. Le lame in acciaio dolce, invece, non si rompono, ma si piegano rapidamente e perdono il filo.<\/p>\n<p>La combinazione di acciaio duro e morbido tipica di Damasco d\u00e0 come risultato un prodotto finito che non si rompe (come l&#8217;acciaio dolce) pur offrendo una buona ritenzione del filo (come l&#8217;acciaio duro). I materiali di base dell&#8217;acciaio di Damasco sono solitamente saldati insieme. Gli strati di acciaio vengono saldati mediante forgiatura secondo il principio di base: gli strati di acciaio pi\u00f9 fini sono migliori e pi\u00f9 facili da unire. Non \u00e8 raro saldare diverse centinaia di strati su una singola lama.<\/p>\n<p>Oggi l&#8217;acciaio di Damasco non svolge pi\u00f9 un ruolo nella produzione delle lame a causa della disponibilit\u00e0 di prodotti mono-acciaio (realizzati con un tipo di acciaio) che offrono le stesse propriet\u00e0 che si ottengono nell&#8217;acciaio di Damasco combinando due o pi\u00f9 tipi di acciaio. L&#8217;acciaio di Damasco \u00e8 ancora apprezzato per il suo esterno decorativo e la sua lunga storia.<\/p>\n<p>Lunghezza totale: 22,5 cm<br \/>\nLunghezza lama: 9,7 cm<br \/>\nSpessore lama: 3,5 mm<br \/>\nPeso: 156 g<br \/>\nMateriale lama: acciaio damasco<\/p>\n","protected":false},"excerpt":{"rendered":"<p>B\u00f6ker Solingen Manufaktur continua la tradizione tedesca dei famosi coltelli dal 1869.<br \/>\nTrasporto gratuito.<\/p>\n","protected":false},"featured_media":318803,"comment_status":"open","ping_status":"closed","template":"","meta":[],"pwb-brand":[3798],"product_brand":[],"product_cat":[3745,3761],"product_tag":[],"class_list":{"0":"post-318837","1":"product","2":"type-product","3":"status-publish","4":"has-post-thumbnail","6":"pwb-brand-boker-it","7":"product_cat-coltelli","8":"product_cat-coltelli-damascenati","10":"first","11":"instock","12":"taxable","13":"shipping-taxable","14":"purchasable","15":"product-type-simple"},"brands":[{"id":3798,"name":"Boker","slug":"boker-it"}],"_links":{"self":[{"href":"https:\/\/www.moskito.cz\/it\/wp-json\/wp\/v2\/product\/318837","targetHints":{"allow":["GET"]}}],"collection":[{"href":"https:\/\/www.moskito.cz\/it\/wp-json\/wp\/v2\/product"}],"about":[{"href":"https:\/\/www.moskito.cz\/it\/wp-json\/wp\/v2\/types\/product"}],"replies":[{"embeddable":true,"href":"https:\/\/www.moskito.cz\/it\/wp-json\/wp\/v2\/comments?post=318837"}],"wp:featuredmedia":[{"embeddable":true,"href":"https:\/\/www.moskito.cz\/it\/wp-json\/wp\/v2\/media\/318803"}],"wp:attachment":[{"href":"https:\/\/www.moskito.cz\/it\/wp-json\/wp\/v2\/media?parent=318837"}],"wp:term":[{"taxonomy":"pwb-brand","embeddable":true,"href":"https:\/\/www.moskito.cz\/it\/wp-json\/wp\/v2\/pwb-brand?post=318837"},{"taxonomy":"product_brand","embeddable":true,"href":"https:\/\/www.moskito.cz\/it\/wp-json\/wp\/v2\/product_brand?post=318837"},{"taxonomy":"product_cat","embeddable":true,"href":"https:\/\/www.moskito.cz\/it\/wp-json\/wp\/v2\/product_cat?post=318837"},{"taxonomy":"product_tag","embeddable":true,"href":"https:\/\/www.moskito.cz\/it\/wp-json\/wp\/v2\/product_tag?post=318837"}],"curies":[{"name":"wp","href":"https:\/\/api.w.org\/{rel}","templated":true}]}}