{"id":319066,"date":"2022-12-01T21:14:21","date_gmt":"2024-03-18T13:58:07","guid":{"rendered":"https:\/\/www.moskito.cz\/produkt\/coltello-fisso-extrema-ratio-nk3-annerire\/"},"modified":"2025-05-07T11:05:21","modified_gmt":"2025-05-07T10:05:21","slug":"coltello-fisso-extrema-ratio-nk3-annerire","status":"publish","type":"product","link":"https:\/\/www.moskito.cz\/it\/produkt\/coltello-fisso-extrema-ratio-nk3-annerire\/","title":{"rendered":"Coltello Fisso Extrema Ratio NK3 Annerire"},"content":{"rendered":"<p>Coltello Fisso <strong>Extrema Ratio<\/strong> NK3 Annerire<\/p>\n<p>Questo coltello amplia la nostra serie di coltelli da collo. Viene fornito con una lama tanto in acciaio N690, una scanalatura per il sangue sulla lama e un anello sul retro del manico. Grazie al fodero in kydex, pu\u00f2 essere indossato al collo oppure, se assemblato con altri accessori speciali (da acquistare separatamente), pu\u00f2 essere agganciato ad una cintura o alla fondina con sistema MOLLE in cordura Extrema Ratio. \u00c8 disponibile nelle versioni nera, pietra e deserto. Disponibili ma non inclusi: BELT-CLIP (per agganciare la fondina alla cintura), UNDER SHIRT SYSTEM in polimero (per porto occulto).<\/p>\n<p>PESO G: 95<br \/>\nPESO ONCE: 3,35<br \/>\nLUNGHEZZA LAMA (MM): 70<br \/>\nLUNGHEZZA LAMA (POLLICI): 2,75<br \/>\nLUNGHEZZA TOTALE (MM): 172<br \/>\nLUNGHEZZA TOTALE (H): 6,77<br \/>\nSPESSORE LAMA (MM): 6,3<br \/>\nSPESSORE DELLA LAMA (POLLICI): 0,24<br \/>\nMATERIALE LAMA: ACCIAIO B\u00d6HLER N690 (58HRC)<br \/>\nFINITURA LAMA: NERA<br \/>\nGRIGLIA PRINCIPALE: PIATTA<br \/>\nMATERIALE MANICO: ACCIAIO B\u00d6HLER N690 (58HRC)<\/p>\n","protected":false},"excerpt":{"rendered":"<p>Con sede a Prato, in Italia <strong>, Extrema Ratio<\/strong> progetta e produce coltelli da combattimento, militari, da cucina, da caccia e tattici ad alte prestazioni dal 1997 e ha una reputazione di qualit\u00e0 superiore che non \u00e8 seconda a nessuno nel settore dei coltelli militari e tattici. <strong>Trasporto gratuito.<\/strong><\/p>\n","protected":false},"featured_media":319073,"comment_status":"open","ping_status":"closed","template":"","meta":[],"pwb-brand":[3768],"product_brand":[],"product_cat":[3745,3746],"product_tag":[3755],"class_list":{"0":"post-319066","1":"product","2":"type-product","3":"status-publish","4":"has-post-thumbnail","6":"pwb-brand-rapporto-estremo","7":"product_cat-coltelli","8":"product_cat-coltelli-solidi","9":"product_tag-b2b-it","11":"first","12":"instock","13":"taxable","14":"shipping-taxable","15":"purchasable","16":"product-type-simple"},"brands":[{"id":3768,"name":"Rapporto estremo","slug":"rapporto-estremo"}],"_links":{"self":[{"href":"https:\/\/www.moskito.cz\/it\/wp-json\/wp\/v2\/product\/319066","targetHints":{"allow":["GET"]}}],"collection":[{"href":"https:\/\/www.moskito.cz\/it\/wp-json\/wp\/v2\/product"}],"about":[{"href":"https:\/\/www.moskito.cz\/it\/wp-json\/wp\/v2\/types\/product"}],"replies":[{"embeddable":true,"href":"https:\/\/www.moskito.cz\/it\/wp-json\/wp\/v2\/comments?post=319066"}],"wp:featuredmedia":[{"embeddable":true,"href":"https:\/\/www.moskito.cz\/it\/wp-json\/wp\/v2\/media\/319073"}],"wp:attachment":[{"href":"https:\/\/www.moskito.cz\/it\/wp-json\/wp\/v2\/media?parent=319066"}],"wp:term":[{"taxonomy":"pwb-brand","embeddable":true,"href":"https:\/\/www.moskito.cz\/it\/wp-json\/wp\/v2\/pwb-brand?post=319066"},{"taxonomy":"product_brand","embeddable":true,"href":"https:\/\/www.moskito.cz\/it\/wp-json\/wp\/v2\/product_brand?post=319066"},{"taxonomy":"product_cat","embeddable":true,"href":"https:\/\/www.moskito.cz\/it\/wp-json\/wp\/v2\/product_cat?post=319066"},{"taxonomy":"product_tag","embeddable":true,"href":"https:\/\/www.moskito.cz\/it\/wp-json\/wp\/v2\/product_tag?post=319066"}],"curies":[{"name":"wp","href":"https:\/\/api.w.org\/{rel}","templated":true}]}}