{"id":319225,"date":"2022-02-28T22:13:16","date_gmt":"2024-03-18T14:15:01","guid":{"rendered":"https:\/\/www.moskito.cz\/produkt\/coltello-di-chiusura-giantmouse-ace-nimbus-v2-tela-naturale-micarta\/"},"modified":"2025-05-07T11:05:26","modified_gmt":"2025-05-07T10:05:26","slug":"coltello-di-chiusura-giantmouse-ace-nimbus-v2-tela-naturale-micarta","status":"publish","type":"product","link":"https:\/\/www.moskito.cz\/it\/produkt\/coltello-di-chiusura-giantmouse-ace-nimbus-v2-tela-naturale-micarta\/","title":{"rendered":"Coltello di chiusura GiantMouse ACE NIMBUS V2 &#8211; TELA NATURALE MICARTA"},"content":{"rendered":"<p>Coltello di chiusura <strong>GiantMouse<\/strong> ACE NIMBUS V2 &#8211; TELA NATURALE MICARTA.<\/p>\n<p>I COLTELLI GIUSTI.\u00ae<\/p>\n<p>L&#8217;originale ACE Nimbus \u00e8 stato creato come il compagno perfetto per l&#8217;outdoor, progettato pensando ai robusti coltelli nordici. Con la versione 2, abbiamo deciso di portare ulteriormente il concetto di design &#8220;utensile\/coltello da lavoro&#8221; arrotondando le guance per una presa pi\u00f9 ergonomica, utilizzando l&#8217;acciaio Elmax e sostituendo i cuscinetti con le nostre speciali rondelle in bronzo.<\/p>\n<p>Un coltello forte e capace con un elegante profilo della lama puuku, il Nimbus taglia come un sogno grazie alla sua affilatura completamente piatta e alla lama sottile. Una cartella dall&#8217;aspetto moderno con accesso e ottime prestazioni di taglio.<\/p>\n<p>La nostra ispirazione per l&#8217;ACE Nimbus \u00e8 venuta dalla classica motocicletta danese con lo stesso nome. La motocicletta Nimbus, originariamente progettata nel 1915 dal designer danese Peder Fisker, fu prodotta dal 1919 al 1960. In un articolo sulla Nimbus Type C del 1957, &#8220;Motorcycle Classics&#8221; scrive che la Nimbus &#8220;non \u00e8 la macchina che desideri per viaggiare lungo l&#8217;Interstate a 80 mph o sorpassare Porsche sull&#8217;Independence Pass di 12.000 piedi&#8221;. Questo era inteso come un carro attrezzi utilitario; eseguilo lentamente e funzioner\u00e0 quasi per sempre.&#8221;<\/p>\n<p>Prendendo in prestito dal design robusto e pratico della motocicletta Nimbus, questo coltello \u00e8 la nostra interpretazione di un fantastico &#8220;coltello portautensili&#8221;. Il GiantMouse ACE Nimbus \u00e8 un coltello che vorrai tenere nel cappotto invernale, nello zaino, nei jeans da lavoro o nella valigetta degli attrezzi. Il tipo di coltello che sar\u00e0 l\u00ec quando ne avrai bisogno. Questo \u00e8 un coltello che ti piacer\u00e0 usare per molti anni.<\/p>\n<p>SPECIFICHE<br \/>\nMateriali:<br \/>\nLama in acciaio: Elmax. Finitura stonewash.<br \/>\nManico: tela naturale Micarta.<br \/>\nClip: filo &#8211; bifacciale.<br \/>\nFodera: AISI 420 Temprato &#8211; Pallinato.<br \/>\nMeccanismo di rotazione: Rondelle in bronzo.<br \/>\nMeccanismo di bloccaggio: blocco del rivestimento.<\/p>\n<p>Dimensioni:<br \/>\nLunghezza lama: 3&#8243; (76,2 mm) &#8211; misurata dalla punta alla parte anteriore del telaio<br \/>\nSpessore lama: 0,138&#8243; (3,5 mm)<br \/>\nLunghezza impugnatura: 4,1875&#8243; (106,36 mm)<br \/>\nLunghezza totale: 7,25&#8243; (184,15 mm)<br \/>\nPeso: 3,8 once (107,73 g)<\/p>\n","protected":false},"excerpt":{"rendered":"<p>L&#8217;idea di <strong>GiantMouse<\/strong> \u00e8 nata durante un drink una sera all&#8217;American Knife Show 2015. I designer\/coltellini danesi Jens Ans\u00f8 e Jesper Voxnaes (Vox) hanno deciso insieme al loro amico imprenditore americano Jim Wirth di poter costruire una trappola per topi migliore. parlare. Un marchio di coltelli che riesce a fornire design di coltelli sorprendenti, con la massima qualit\u00e0 costruttiva possibile, a un prezzo ragionevole, pur rimanendo strettamente coinvolto con la sua comunit\u00e0 di clienti.<\/p>\n<p><strong>Trasporto gratuito.<\/strong><\/p>\n","protected":false},"featured_media":319234,"comment_status":"open","ping_status":"closed","template":"","meta":[],"pwb-brand":[3804],"product_brand":[],"product_cat":[3745,3749],"product_tag":[],"class_list":{"0":"post-319225","1":"product","2":"type-product","3":"status-publish","4":"has-post-thumbnail","6":"pwb-brand-mouse-gigante","7":"product_cat-coltelli","8":"product_cat-coltelli-di-chiusura","10":"first","11":"instock","12":"taxable","13":"shipping-taxable","14":"purchasable","15":"product-type-simple"},"brands":[{"id":3804,"name":"Mouse Gigante","slug":"mouse-gigante"}],"_links":{"self":[{"href":"https:\/\/www.moskito.cz\/it\/wp-json\/wp\/v2\/product\/319225","targetHints":{"allow":["GET"]}}],"collection":[{"href":"https:\/\/www.moskito.cz\/it\/wp-json\/wp\/v2\/product"}],"about":[{"href":"https:\/\/www.moskito.cz\/it\/wp-json\/wp\/v2\/types\/product"}],"replies":[{"embeddable":true,"href":"https:\/\/www.moskito.cz\/it\/wp-json\/wp\/v2\/comments?post=319225"}],"wp:featuredmedia":[{"embeddable":true,"href":"https:\/\/www.moskito.cz\/it\/wp-json\/wp\/v2\/media\/319234"}],"wp:attachment":[{"href":"https:\/\/www.moskito.cz\/it\/wp-json\/wp\/v2\/media?parent=319225"}],"wp:term":[{"taxonomy":"pwb-brand","embeddable":true,"href":"https:\/\/www.moskito.cz\/it\/wp-json\/wp\/v2\/pwb-brand?post=319225"},{"taxonomy":"product_brand","embeddable":true,"href":"https:\/\/www.moskito.cz\/it\/wp-json\/wp\/v2\/product_brand?post=319225"},{"taxonomy":"product_cat","embeddable":true,"href":"https:\/\/www.moskito.cz\/it\/wp-json\/wp\/v2\/product_cat?post=319225"},{"taxonomy":"product_tag","embeddable":true,"href":"https:\/\/www.moskito.cz\/it\/wp-json\/wp\/v2\/product_tag?post=319225"}],"curies":[{"name":"wp","href":"https:\/\/api.w.org\/{rel}","templated":true}]}}