{"id":319323,"date":"2021-04-27T20:46:28","date_gmt":"2024-03-18T14:16:17","guid":{"rendered":"https:\/\/www.moskito.cz\/produkt\/coltello-fisso-extrema-ratio-nimbus-operativo\/"},"modified":"2025-07-11T07:54:48","modified_gmt":"2025-07-11T06:54:48","slug":"coltello-fisso-extrema-ratio-nimbus-operativo","status":"publish","type":"product","link":"https:\/\/www.moskito.cz\/it\/produkt\/coltello-fisso-extrema-ratio-nimbus-operativo\/","title":{"rendered":"Coltello Fisso Extrema Ratio NIMBUS OPERATIVO"},"content":{"rendered":"<p>Coltello Fisso <strong>Extrema Ratio<\/strong> NIMBUS OPERATIVO.<\/p>\n<p>NIMBUS fu ordinato e ricevuto dal rinomato 183\u00b0. dal Reggimento Nembo (Airborne) rivisitando il noto Modello 39-09.<\/p>\n<p>Questo coltello celebra la Battaglia di Case Grizzano, avvenuta il 19 Aprile 1945 tra i paracadutisti Nembo e la 1^ Divisione tedesca Fallschirmj\u00e4ger &#8220;Green Devils&#8221;, una battaglia estremamente crudele e sanguinosa durata 12 ore.<\/p>\n<p>Nonostante la Seconda Guerra Mondiale finisse in pochi giorni e un terzo dei paracadutisti cadesse sul campo di battaglia, Nembo vinse questa feroce battaglia. Il NIMBUS \u00e8 molto pi\u00f9 di un semplice modello per celebrare un evento, il coltello \u00e8 stato sviluppato dal punto di vista tecnico per essere effettivamente utilizzato ai fini della moderna guerra da combattimento.<\/p>\n<p>Particolare attenzione \u00e8 stata prestata alle caratteristiche tecniche come dimensioni, forma e fodero Kydex per essere trasportato in modi tattici cos\u00ec diversi.<\/p>\n<p>La lama tattica \u00e8 leggera e compatta per un facile utilizzo da parte del soldato esperto.<\/p>\n<p>NIMBUS \u00e8 disponibile in tre versioni, Operativo, Ordinanza e Special Edition.<br \/>\nSCHEDA TECNICA<br \/>\npeso g: 203<br \/>\npeso once: 7,16<br \/>\nLunghezza lama (mm): 141<br \/>\nLunghezza lama (pollici): 5,55<br \/>\nLunghezza totale (mm): 263<br \/>\nLunghezza totale (in pollici): 10,35<br \/>\nSpessore lama (mm): 5<br \/>\nSpessore lama (in pollici): 0,20<br \/>\nMateriale lama: ACCIAIO B\u00f6hler N690 (58HRC)<br \/>\nFinitura lama: RISCALDAMENTO MIL-C-13924<br \/>\nGriglia principale: PIATTA<br \/>\nMateriale manico: FORPRENE<\/p>\n","protected":false},"excerpt":{"rendered":"<p>Con sede a Prato, in Italia <strong>, Extrema Ratio<\/strong> progetta e produce coltelli da combattimento, militari, da cucina, da caccia e tattici ad alte prestazioni dal 1997 e ha una reputazione di qualit\u00e0 superiore che non \u00e8 seconda a nessuno nel settore dei coltelli militari e tattici. <strong>Trasporto gratuito.<\/strong><\/p>\n","protected":false},"featured_media":402633,"comment_status":"open","ping_status":"closed","template":"","meta":[],"pwb-brand":[3768],"product_brand":[],"product_cat":[3745,3746],"product_tag":[],"class_list":{"0":"post-319323","1":"product","2":"type-product","3":"status-publish","4":"has-post-thumbnail","6":"pwb-brand-rapporto-estremo","7":"product_cat-coltelli","8":"product_cat-coltelli-solidi","10":"first","11":"instock","12":"taxable","13":"shipping-taxable","14":"purchasable","15":"product-type-simple"},"brands":[{"id":3768,"name":"Rapporto estremo","slug":"rapporto-estremo"}],"_links":{"self":[{"href":"https:\/\/www.moskito.cz\/it\/wp-json\/wp\/v2\/product\/319323","targetHints":{"allow":["GET"]}}],"collection":[{"href":"https:\/\/www.moskito.cz\/it\/wp-json\/wp\/v2\/product"}],"about":[{"href":"https:\/\/www.moskito.cz\/it\/wp-json\/wp\/v2\/types\/product"}],"replies":[{"embeddable":true,"href":"https:\/\/www.moskito.cz\/it\/wp-json\/wp\/v2\/comments?post=319323"}],"wp:featuredmedia":[{"embeddable":true,"href":"https:\/\/www.moskito.cz\/it\/wp-json\/wp\/v2\/media\/402633"}],"wp:attachment":[{"href":"https:\/\/www.moskito.cz\/it\/wp-json\/wp\/v2\/media?parent=319323"}],"wp:term":[{"taxonomy":"pwb-brand","embeddable":true,"href":"https:\/\/www.moskito.cz\/it\/wp-json\/wp\/v2\/pwb-brand?post=319323"},{"taxonomy":"product_brand","embeddable":true,"href":"https:\/\/www.moskito.cz\/it\/wp-json\/wp\/v2\/product_brand?post=319323"},{"taxonomy":"product_cat","embeddable":true,"href":"https:\/\/www.moskito.cz\/it\/wp-json\/wp\/v2\/product_cat?post=319323"},{"taxonomy":"product_tag","embeddable":true,"href":"https:\/\/www.moskito.cz\/it\/wp-json\/wp\/v2\/product_tag?post=319323"}],"curies":[{"name":"wp","href":"https:\/\/api.w.org\/{rel}","templated":true}]}}