{"id":319801,"date":"2024-03-18T16:34:42","date_gmt":"2024-03-18T15:34:42","guid":{"rendered":"https:\/\/www.moskito.cz\/produkt\/coltello-pieghevole-dachs-knives-charon-stonewash\/"},"modified":"2025-05-07T11:05:35","modified_gmt":"2025-05-07T10:05:35","slug":"coltello-pieghevole-dachs-knives-charon-stonewash","status":"publish","type":"product","link":"https:\/\/www.moskito.cz\/it\/produkt\/coltello-pieghevole-dachs-knives-charon-stonewash\/","title":{"rendered":"Coltello pieghevole Dachs Knives Charon Stonewash"},"content":{"rendered":"<p>Coltello pieghevole <strong>Dachs Knives<\/strong> Charon Stonewash<\/p>\n<p>Il coltello pieghevole Charon \u00e8 un coltello di dimensioni pi\u00f9 grandi, ma trover\u00e0 posto in tasca e diventer\u00e0 un aiuto quotidiano. Pu\u00f2 essere utilizzato nell&#8217;uso quotidiano, nella pesca, nella caccia e persino nell&#8217;uso tattico. Il coltello ha scanalature sul retro per un supporto pi\u00f9 confortevole del pollice e quindi \u00e8 possibile utilizzare una migliore tecnica di taglio.<br \/>\nIl coltello pieghevole Charon &#8211; LinerLock pu\u00f2 essere ordinato in diversi colori.<\/p>\n<p>Lunghezza aperta: 22,7 cm<br \/>\nChiuso: 12,8 cm.<br \/>\nPeso: 187 g<br \/>\nLama: acciaio inossidabile N690<br \/>\nManiglia &#8211; Fundermax<br \/>\nClip &#8211; S\u00cc<br \/>\nSuperficie &#8211; STONEWASH<br \/>\nFusibile: Linerlock, carburato<br \/>\nSistema &#8211; Cuscinetti assiali<\/p>\n","protected":false},"excerpt":{"rendered":"<p><strong>Il coltello pieghevole Charon \u00e8 un coltello di dimensioni pi\u00f9 grandi, ma trover\u00e0 posto in tasca e diventer\u00e0 un aiuto quotidiano.<\/strong><\/p>\n<p><strong>Trasporto gratuito.<\/strong><\/p>\n","protected":false},"featured_media":319785,"comment_status":"open","ping_status":"closed","template":"","meta":[],"pwb-brand":[3811],"product_brand":[],"product_cat":[3749,3745],"product_tag":[3755],"class_list":{"0":"post-319801","1":"product","2":"type-product","3":"status-publish","4":"has-post-thumbnail","6":"pwb-brand-coltelli-dachsh","7":"product_cat-coltelli-di-chiusura","8":"product_cat-coltelli","9":"product_tag-b2b-it","11":"first","12":"outofstock","13":"taxable","14":"shipping-taxable","15":"purchasable","16":"product-type-simple"},"brands":[{"id":3811,"name":"Coltelli Dachsh","slug":"coltelli-dachsh"}],"_links":{"self":[{"href":"https:\/\/www.moskito.cz\/it\/wp-json\/wp\/v2\/product\/319801","targetHints":{"allow":["GET"]}}],"collection":[{"href":"https:\/\/www.moskito.cz\/it\/wp-json\/wp\/v2\/product"}],"about":[{"href":"https:\/\/www.moskito.cz\/it\/wp-json\/wp\/v2\/types\/product"}],"replies":[{"embeddable":true,"href":"https:\/\/www.moskito.cz\/it\/wp-json\/wp\/v2\/comments?post=319801"}],"wp:featuredmedia":[{"embeddable":true,"href":"https:\/\/www.moskito.cz\/it\/wp-json\/wp\/v2\/media\/319785"}],"wp:attachment":[{"href":"https:\/\/www.moskito.cz\/it\/wp-json\/wp\/v2\/media?parent=319801"}],"wp:term":[{"taxonomy":"pwb-brand","embeddable":true,"href":"https:\/\/www.moskito.cz\/it\/wp-json\/wp\/v2\/pwb-brand?post=319801"},{"taxonomy":"product_brand","embeddable":true,"href":"https:\/\/www.moskito.cz\/it\/wp-json\/wp\/v2\/product_brand?post=319801"},{"taxonomy":"product_cat","embeddable":true,"href":"https:\/\/www.moskito.cz\/it\/wp-json\/wp\/v2\/product_cat?post=319801"},{"taxonomy":"product_tag","embeddable":true,"href":"https:\/\/www.moskito.cz\/it\/wp-json\/wp\/v2\/product_tag?post=319801"}],"curies":[{"name":"wp","href":"https:\/\/api.w.org\/{rel}","templated":true}]}}