{"id":320280,"date":"2023-11-10T14:07:13","date_gmt":"2024-03-19T13:40:47","guid":{"rendered":"https:\/\/www.moskito.cz\/produkt\/coltello-da-tiro-microtech-signature-series-combat-troodon-shadow-damascus-142-16dlctuls\/"},"modified":"2025-05-07T11:05:47","modified_gmt":"2025-05-07T10:05:47","slug":"coltello-da-tiro-microtech-signature-series-combat-troodon-shadow-damascus-142-16dlctuls","status":"publish","type":"product","link":"https:\/\/www.moskito.cz\/it\/produkt\/coltello-da-tiro-microtech-signature-series-combat-troodon-shadow-damascus-142-16dlctuls\/","title":{"rendered":"Coltello da tiro Microtech Signature Series Combat Troodon Shadow Damascus 142-16DLCTULS"},"content":{"rendered":"<p>Coltello da tiro Microtech Signature Series Combat Troodon Shadow Damascus 142-16DLCTULS<\/p>\n<p><strong>Il Combat Troodon<\/strong> \u00e8 un coltello tattico di precisione. \u00c8 pi\u00f9 grande del 25% rispetto all&#8217;ammiraglia Troodon. Presenta una maniglia sottile, una forma sagomata, elementi di design radicali e un sofisticato meccanismo interno che migliora la funzionalit\u00e0 operativa e l&#8217;affidabilit\u00e0 su scala pi\u00f9 ampia. Il Combat Troodon \u00e8 progettato per un&#8217;ampia gamma di applicazioni di utilit\u00e0 e combattimento ravvicinato. Le impugnature in alluminio includono un rompivetro, che \u00e8 un&#8217;aggiunta molto interessante, e una parte superiore in Ultem. Il coltello \u00e8 evidenziato dall&#8217;incredibile hardware dell&#8217;anello e dall&#8217;interruttore di controllo per un aspetto molto liscio, oltre ovviamente alla lama laminata in Damasco.<\/p>\n<p>Azione: fuoco e tiro automatici a doppia azione<br \/>\nAcciaio della lama: Damasco<br \/>\nStile della lama: pugnale a doppio taglio<br \/>\nLunghezza aperta: 23 cm<br \/>\nLunghezza da chiuso: 13 cm<br \/>\nManiglia: 6061-T6 alluminio Mil Spec anodizzato con rivestimento duro con parte superiore Ult<br \/>\nClip da tasca: 301 Temperato a molla, ambidestro<br \/>\nPeso: 5,4 once.<br \/>\nFabbricato negli Usa<\/p>\n<p><iframe title=\"Microtech Combat Troodon Torture Test\" width=\"800\" height=\"450\" src=\"https:\/\/www.youtube.com\/embed\/xE9TeOFYEjg?feature=oembed\" frameborder=\"0\" allow=\"accelerometer; autoplay; clipboard-write; encrypted-media; gyroscope; picture-in-picture; web-share\" allowfullscreen><\/iframe><\/p>\n<p>&nbsp;<\/p>\n<p>&nbsp;<\/p>\n","protected":false},"excerpt":{"rendered":"<p><strong>Nel corso degli anni, Microtech\u00ae Knives ha riempito i coltelli con passione e competenza per creare quasi opere d&#8217;arte che sono l&#8217;apice della funzionalit\u00e0. Tutte le parti sono prodotte negli Stati Uniti.<\/strong><br \/>\n<strong>Tutti i coltelli Microtech sono coperti da una garanzia a vita.<\/strong><\/p>\n<p><strong>Trasporto gratuito.<\/strong><\/p>\n","protected":false},"featured_media":320284,"comment_status":"open","ping_status":"closed","template":"","meta":[],"pwb-brand":[3753],"product_brand":[],"product_cat":[3745,3748],"product_tag":[3755],"class_list":{"0":"post-320280","1":"product","2":"type-product","3":"status-publish","4":"has-post-thumbnail","6":"pwb-brand-microtecnologia-it","7":"product_cat-coltelli","8":"product_cat-coltelli-da-tiro","9":"product_tag-b2b-it","11":"first","12":"outofstock","13":"taxable","14":"shipping-taxable","15":"purchasable","16":"product-type-simple"},"brands":[{"id":3753,"name":"Microtecnologia","slug":"microtecnologia-it"}],"_links":{"self":[{"href":"https:\/\/www.moskito.cz\/it\/wp-json\/wp\/v2\/product\/320280","targetHints":{"allow":["GET"]}}],"collection":[{"href":"https:\/\/www.moskito.cz\/it\/wp-json\/wp\/v2\/product"}],"about":[{"href":"https:\/\/www.moskito.cz\/it\/wp-json\/wp\/v2\/types\/product"}],"replies":[{"embeddable":true,"href":"https:\/\/www.moskito.cz\/it\/wp-json\/wp\/v2\/comments?post=320280"}],"wp:featuredmedia":[{"embeddable":true,"href":"https:\/\/www.moskito.cz\/it\/wp-json\/wp\/v2\/media\/320284"}],"wp:attachment":[{"href":"https:\/\/www.moskito.cz\/it\/wp-json\/wp\/v2\/media?parent=320280"}],"wp:term":[{"taxonomy":"pwb-brand","embeddable":true,"href":"https:\/\/www.moskito.cz\/it\/wp-json\/wp\/v2\/pwb-brand?post=320280"},{"taxonomy":"product_brand","embeddable":true,"href":"https:\/\/www.moskito.cz\/it\/wp-json\/wp\/v2\/product_brand?post=320280"},{"taxonomy":"product_cat","embeddable":true,"href":"https:\/\/www.moskito.cz\/it\/wp-json\/wp\/v2\/product_cat?post=320280"},{"taxonomy":"product_tag","embeddable":true,"href":"https:\/\/www.moskito.cz\/it\/wp-json\/wp\/v2\/product_tag?post=320280"}],"curies":[{"name":"wp","href":"https:\/\/api.w.org\/{rel}","templated":true}]}}