{"id":320353,"date":"2023-10-21T11:14:18","date_gmt":"2024-03-19T13:52:55","guid":{"rendered":"https:\/\/www.moskito.cz\/produkt\/coltello-chiudibile-microtech-anax-titanium-blue-carbon-190c-7cfiti\/"},"modified":"2025-05-07T11:05:50","modified_gmt":"2025-05-07T10:05:50","slug":"coltello-chiudibile-microtech-anax-titanium-blue-carbon-190c-7cfiti","status":"publish","type":"product","link":"https:\/\/www.moskito.cz\/it\/produkt\/coltello-chiudibile-microtech-anax-titanium-blue-carbon-190c-7cfiti\/","title":{"rendered":"Coltello Chiudibile Microtech Anax Titanium Blue Carbon 190C-7CFITI"},"content":{"rendered":"<p>Coltello Chiudibile <strong>Microtech<\/strong> Anax Titanium Blue Carbon 190C-7CFITI<\/p>\n<p>Progettato da Microtech e prodotto da Rike Knife, <strong>l&#8217;Anax<\/strong> \u00e8 ancora un pezzo completamente integrale. Ha una dimensione della lama e un rapporto larghezza-impugnatura sorprendenti e offre molta potenza di taglio in un pacchetto sottile, sottile ma robusto. La forma della lama con punto di caduta \u00e8 eccellente: fornisce molta pancia per affettare e ha una punta eccezionalmente forte per una potenza di taglio. \u00c8 realizzato in acciaio inossidabile M390, esteticamente bello come qualsiasi lama. La dimensione <strong>Anax<\/strong> \u00e8 ideale se preferisci una lama EDC pi\u00f9 grande che pu\u00f2 facilmente flettersi in un ruolo tattico. Il manico \u00e8 un unico pezzo solido di titanio accentuato da un inserto in fibra di carbonio di dimensioni di presentazione. Tutto in questo coltello grida qualit\u00e0 ed \u00e8 quello che vorrai portare con te ogni giorno; sicuramente diventer\u00e0 uno dei preferiti della collezione in pochissimo tempo. Viene fornito con una coppia di cavi rimovibili e punte per pin e hardware.<\/p>\n<p>Lunghezza totale: 21,8 centimetri<br \/>\nLunghezza lama: 9,4 cm<br \/>\nSpessore lama: 0,4 cm<br \/>\nAcciaio lama: M390<br \/>\nTrattamento superficiale lama: DLC<br \/>\nMateriale impugnatura: impugnatura in titanio 6AL-4V, inserto in fibra di carbonio,<br \/>\nPeso: 5,0 once<\/p>\n<p><iframe title=\"Microtech Combat Troodon Torture Test\" width=\"800\" height=\"450\" src=\"https:\/\/www.youtube.com\/embed\/xE9TeOFYEjg?feature=oembed\" frameborder=\"0\" allow=\"accelerometer; autoplay; clipboard-write; encrypted-media; gyroscope; picture-in-picture; web-share\" allowfullscreen><\/iframe><\/p>\n<p>&nbsp;<\/p>\n","protected":false},"excerpt":{"rendered":"<div class=\"elementor-element elementor-element-bbb542b elementor-widget elementor-widget-woocommerce-product-short-description\" data-id=\"bbb542b\" data-element_type=\"widget\" data-widget_type=\"woocommerce-product-short-description.default\">\n<div class=\"elementor-widget-container\">\n<div class=\"woocommerce-product-details__short-description\">\n<p><strong>Nel corso degli anni, Microtech\u00ae Knives ha riempito i coltelli con passione e competenza per creare quasi opere d&#8217;arte che sono l&#8217;apice della funzionalit\u00e0. Tutte le parti sono prodotte negli Stati Uniti.<\/strong><br \/>\n<strong>Tutti i coltelli Microtech sono garantiti a vita (min. 80.000 cicli, apertura e chiusura)<\/strong><\/p>\n<p><strong>Trasporto gratuito.<\/strong><\/p>\n<\/div>\n<\/div>\n<\/div>\n","protected":false},"featured_media":320354,"comment_status":"open","ping_status":"closed","template":"","meta":[],"pwb-brand":[3753],"product_brand":[],"product_cat":[3745,3749],"product_tag":[3755],"class_list":{"0":"post-320353","1":"product","2":"type-product","3":"status-publish","4":"has-post-thumbnail","6":"pwb-brand-microtecnologia-it","7":"product_cat-coltelli","8":"product_cat-coltelli-di-chiusura","9":"product_tag-b2b-it","11":"first","12":"instock","13":"taxable","14":"shipping-taxable","15":"purchasable","16":"product-type-simple"},"brands":[{"id":3753,"name":"Microtecnologia","slug":"microtecnologia-it"}],"_links":{"self":[{"href":"https:\/\/www.moskito.cz\/it\/wp-json\/wp\/v2\/product\/320353","targetHints":{"allow":["GET"]}}],"collection":[{"href":"https:\/\/www.moskito.cz\/it\/wp-json\/wp\/v2\/product"}],"about":[{"href":"https:\/\/www.moskito.cz\/it\/wp-json\/wp\/v2\/types\/product"}],"replies":[{"embeddable":true,"href":"https:\/\/www.moskito.cz\/it\/wp-json\/wp\/v2\/comments?post=320353"}],"wp:featuredmedia":[{"embeddable":true,"href":"https:\/\/www.moskito.cz\/it\/wp-json\/wp\/v2\/media\/320354"}],"wp:attachment":[{"href":"https:\/\/www.moskito.cz\/it\/wp-json\/wp\/v2\/media?parent=320353"}],"wp:term":[{"taxonomy":"pwb-brand","embeddable":true,"href":"https:\/\/www.moskito.cz\/it\/wp-json\/wp\/v2\/pwb-brand?post=320353"},{"taxonomy":"product_brand","embeddable":true,"href":"https:\/\/www.moskito.cz\/it\/wp-json\/wp\/v2\/product_brand?post=320353"},{"taxonomy":"product_cat","embeddable":true,"href":"https:\/\/www.moskito.cz\/it\/wp-json\/wp\/v2\/product_cat?post=320353"},{"taxonomy":"product_tag","embeddable":true,"href":"https:\/\/www.moskito.cz\/it\/wp-json\/wp\/v2\/product_tag?post=320353"}],"curies":[{"name":"wp","href":"https:\/\/api.w.org\/{rel}","templated":true}]}}