{"id":320456,"date":"2023-07-05T10:10:58","date_gmt":"2023-07-05T09:10:58","guid":{"rendered":"https:\/\/www.moskito.cz\/produkt\/coltello-pieghevole-spyderco-manix-2-leggero-c101pcbl2\/"},"modified":"2024-03-19T15:19:19","modified_gmt":"2024-03-19T14:19:19","slug":"coltello-pieghevole-spyderco-manix-2-leggero-c101pcbl2","status":"publish","type":"product","link":"https:\/\/www.moskito.cz\/it\/produkt\/coltello-pieghevole-spyderco-manix-2-leggero-c101pcbl2\/","title":{"rendered":"Coltello pieghevole Spyderco Manix 2 leggero C101PCBL2"},"content":{"rendered":"<p>Coltello pieghevole <strong>Spyderco<\/strong> Manix 2 leggero C101PCBL2<\/p>\n<p>Questa espressione d&#8217;\u00e9lite del Manix 2 Lightweight combina i vantaggi di risparmio di peso, prestazioni di taglio complete e resistenza del meccanismo di bloccaggio con cuscinetto a sfera con la migliore ritenzione del bordo e resistenza alla corrosione del CPM-SPY27. Dopo anni di utilizzo dei migliori materiali offerti dai principali produttori di acciaio a livello mondiale, Spyderco ha deciso che era giunto il momento di crearne di propri. Lavorando a stretto contatto con Crucible Industries, hanno sviluppato CPM-SPY27, un acciaio inossidabile per la metallurgia delle particelle contenente una miscela brevettata di leghe, tra cui vanadio, molibdeno, niobio, azoto e cobalto. Migliorata con gli effetti rinforzanti del cobalto e del processo all&#8217;avanguardia Crucible Particle Metallurgy, questa straordinaria composizione \u00e8 prodotta esclusivamente per Spyderco e sar\u00e0 presente su modelli selezionati fabbricati negli Stati Uniti. Ogni coltello realizzato con questo acciaio presenter\u00e0 anche un caratteristico colore del manico blu cobalto per enfatizzare il suo pedigree d&#8217;\u00e9lite.<\/p>\n<p>L&#8217;impugnatura leggera Manix 2 \u00e8 stampata ad iniezione in copolimero rinforzato con fibra di vetro blu cobalto (FRCP) e presenta il caratteristico modello di testurizzazione bidirezionale di Spyderco per garantire una presa sicura in tutte le condizioni ambientali. Il leggero manico FRCP ha ridotto il peso complessivo del coltello a sole 3 once, il 42% pi\u00f9 leggero del Manix 2 con manico G10. La clip in filo a doppia faccia consente di indossarla comodamente sia a destra che a sinistra, mentre l&#8217;ampio foro per cordino consente un facile fissaggio di ciondoli e cordini.<\/p>\n<p>Il collegamento della lama e dell&#8217;impugnatura \u00e8 il meccanismo brevettato di blocco del cuscinetto a sfera di Spyderco. Questo lucchetto ad alta resistenza \u00e8 costituito da un cuscinetto a sfera incorporato in una &#8220;gabbia&#8221; polimerica resistente. Quando la lama \u00e8 aperta, una molla di compressione spinge la gabbia in avanti per incuneare il cuscinetto a sfere tra la rampa della lama e il telaio in acciaio ancorato tra le met\u00e0 dell&#8217;impugnatura. Tirando indietro il cuscinetto a sfera nella gabbia si rilascia il blocco e la lama si chiude dolcemente mantenendo le dita a una distanza di sicurezza dal bordo affilato.<br \/>\nSpecifiche<\/p>\n<p>Lunghezza lama: 8,6 cm<br \/>\nTagliente: 7,3 cm<br \/>\nLunghezza da chiuso: 11,8 cm<br \/>\nLunghezza totale: 20,4 cm<br \/>\nMateriale lama: acciaio inossidabile CPM-SPY27<br \/>\nSpessore lama: 0,32 cm<br \/>\nStile lama: forma a foglia<br \/>\nAffilatura della lama: completamente piatta<br \/>\nTrattamento superficiale della lama: satinato<br \/>\nMateriale manico: FRCP blu cobalto (copolimero rinforzato con fibra di vetro)<br \/>\nSpessore della maniglia: 0,510&#8243; (13,0 mm)<br \/>\nMateriale inserto: acciaio inossidabile<br \/>\nMeccanismo di chiusura: serratura con cuscinetto a sfera<br \/>\nGruppo perno: rondelle<br \/>\nClip da tasca: acciaio inossidabile (pieghevole, usura destra\/sinistra)<br \/>\nPeso: 3,0 once (85g)<br \/>\nFabbricato negli Usa<\/p>\n<p>&nbsp;<\/p>\n<p>&nbsp;<\/p>\n","protected":false},"excerpt":{"rendered":"<p>Questa espressione d&#8217;\u00e9lite del Manix 2 Lightweight combina i vantaggi di risparmio di peso, prestazioni di taglio complete e resistenza del meccanismo di bloccaggio con cuscinetto a sfera con la migliore ritenzione del bordo e resistenza alla corrosione del CPM-SPY27.<\/p>\n","protected":false},"featured_media":320457,"comment_status":"open","ping_status":"closed","template":"","meta":[],"pwb-brand":[3774],"product_brand":[],"product_cat":[3749,3745],"product_tag":[3755],"class_list":{"0":"post-320456","1":"product","2":"type-product","3":"status-publish","4":"has-post-thumbnail","6":"pwb-brand-spyderco-it","7":"product_cat-coltelli-di-chiusura","8":"product_cat-coltelli","9":"product_tag-b2b-it","11":"first","12":"instock","13":"taxable","14":"shipping-taxable","15":"purchasable","16":"product-type-simple"},"brands":[{"id":3774,"name":"Spyderco","slug":"spyderco-it"}],"_links":{"self":[{"href":"https:\/\/www.moskito.cz\/it\/wp-json\/wp\/v2\/product\/320456","targetHints":{"allow":["GET"]}}],"collection":[{"href":"https:\/\/www.moskito.cz\/it\/wp-json\/wp\/v2\/product"}],"about":[{"href":"https:\/\/www.moskito.cz\/it\/wp-json\/wp\/v2\/types\/product"}],"replies":[{"embeddable":true,"href":"https:\/\/www.moskito.cz\/it\/wp-json\/wp\/v2\/comments?post=320456"}],"wp:featuredmedia":[{"embeddable":true,"href":"https:\/\/www.moskito.cz\/it\/wp-json\/wp\/v2\/media\/320457"}],"wp:attachment":[{"href":"https:\/\/www.moskito.cz\/it\/wp-json\/wp\/v2\/media?parent=320456"}],"wp:term":[{"taxonomy":"pwb-brand","embeddable":true,"href":"https:\/\/www.moskito.cz\/it\/wp-json\/wp\/v2\/pwb-brand?post=320456"},{"taxonomy":"product_brand","embeddable":true,"href":"https:\/\/www.moskito.cz\/it\/wp-json\/wp\/v2\/product_brand?post=320456"},{"taxonomy":"product_cat","embeddable":true,"href":"https:\/\/www.moskito.cz\/it\/wp-json\/wp\/v2\/product_cat?post=320456"},{"taxonomy":"product_tag","embeddable":true,"href":"https:\/\/www.moskito.cz\/it\/wp-json\/wp\/v2\/product_tag?post=320456"}],"curies":[{"name":"wp","href":"https:\/\/api.w.org\/{rel}","templated":true}]}}