{"id":320635,"date":"2023-11-13T17:12:19","date_gmt":"2024-03-19T15:22:04","guid":{"rendered":"https:\/\/www.moskito.cz\/produkt\/coltello-da-tiro-microtech-signature-series-ultratech-sandtrooper-sandtrooper-hellhound-119-1setsads\/"},"modified":"2025-05-07T11:05:56","modified_gmt":"2025-05-07T10:05:56","slug":"coltello-da-tiro-microtech-signature-series-ultratech-sandtrooper-sandtrooper-hellhound-119-1setsads","status":"publish","type":"product","link":"https:\/\/www.moskito.cz\/it\/produkt\/coltello-da-tiro-microtech-signature-series-ultratech-sandtrooper-sandtrooper-hellhound-119-1setsads\/","title":{"rendered":"Coltello da tiro Microtech Signature Series Ultratech Sandtrooper Sandtrooper Hellhound 119-1SETSADS"},"content":{"rendered":"<p>Coltello da tiro <strong>Microtech<\/strong> Signature Series Ultratech Sandtrooper Sandtrooper Hellhound 119-1SETSADS<\/p>\n<p><strong>Ultratech<\/strong> stabilir\u00e0 per sempre lo standard per tutti i coltelli frontali. L&#8217;Ultratech \u00e8 l&#8217;originale coltello frontale a doppia azione di Microtech ed \u00e8 stato la base dell&#8217;intera linea OTF. Ha subito diverse modifiche nel corso degli anni, diventando ogni volta pi\u00f9 efficiente ed affidabile. Questa versione ha una struttura tri-grip migliorata sulla diapositiva del pollice per un acquisto pi\u00f9 positivo e una lama e un manico in sabbia bianca che chiamano questo modello Sandtrooper. Ha anche un bellissimo logo Imperial Crest sulla clip da tasca, che era il simbolo dei sei raggi dell&#8217;Impero Galattico di Sheev Palpatine. La molla Ultratech rimane sempre in posizione di &#8220;riposo&#8221;, tranne quando \u00e8 allungata. Ci\u00f2 garantisce che la molla compressa non si affatichi, garantendo agli utenti che quando il coltello viene azionato, funzioner\u00e0 in modo efficace. La leggera apertura e chiusura con una sola mano, il design sottile e la lama affilata come un bisturi di Ultratech lo rendono un coltello unico disponibile solo tramite Microtech. Questo coltello ha dimostrato pi\u00f9 volte di resistere a qualsiasi ostacolo.<br \/>\nSpecifiche:<\/p>\n<p>Apertura\/chiusura automatica &#8211; apertura frontale<br \/>\nAzione: doppia azione: fuoco\/ritiro automatico<br \/>\nStili di lama: Hellhound Tanto e Warhound<br \/>\nFinitura lama: Sandtrooper<br \/>\nAcciaio: M390<br \/>\nMateriale impugnatura: alluminio anodizzato con rivestimento duro Mil-Spec bianco 6061-T6, incisione profonda<br \/>\nLunghezza lama: 8,45 cm<br \/>\nLunghezza manico: 12,5 cm<br \/>\nMateriale della clip da tasca: acciaio inossidabile 301<br \/>\nTomaia standard: lega AL 6061-T6<br \/>\nGrilletto: acciaio inossidabile 303<br \/>\nPeso: 3,4 once.<br \/>\nRompivetro<br \/>\nFabbricato negli Usa<\/p>\n<p><iframe title=\"Microtech Combat Troodon Torture Test\" width=\"800\" height=\"450\" src=\"https:\/\/www.youtube.com\/embed\/xE9TeOFYEjg?feature=oembed\" frameborder=\"0\" allow=\"accelerometer; autoplay; clipboard-write; encrypted-media; gyroscope; picture-in-picture; web-share\" allowfullscreen><\/iframe><\/p>\n<p>&nbsp;<\/p>\n<p>&nbsp;<\/p>\n","protected":false},"excerpt":{"rendered":"<p><strong>Ultratech di Microtech \u00e8 uno dei modelli pi\u00f9 popolari e offre sicuramente il miglior rapporto qualit\u00e0-prezzo.<\/strong><\/p>\n<p><strong>Tutti i coltelli Microtech sono coperti da una garanzia a vita.<\/strong><\/p>\n<p><strong>Trasporto gratuito.<\/strong><\/p>\n","protected":false},"featured_media":320636,"comment_status":"open","ping_status":"closed","template":"","meta":[],"pwb-brand":[3753],"product_brand":[],"product_cat":[3745,3748],"product_tag":[3755],"class_list":{"0":"post-320635","1":"product","2":"type-product","3":"status-publish","4":"has-post-thumbnail","6":"pwb-brand-microtecnologia-it","7":"product_cat-coltelli","8":"product_cat-coltelli-da-tiro","9":"product_tag-b2b-it","11":"first","12":"outofstock","13":"taxable","14":"shipping-taxable","15":"purchasable","16":"product-type-simple"},"brands":[{"id":3753,"name":"Microtecnologia","slug":"microtecnologia-it"}],"_links":{"self":[{"href":"https:\/\/www.moskito.cz\/it\/wp-json\/wp\/v2\/product\/320635","targetHints":{"allow":["GET"]}}],"collection":[{"href":"https:\/\/www.moskito.cz\/it\/wp-json\/wp\/v2\/product"}],"about":[{"href":"https:\/\/www.moskito.cz\/it\/wp-json\/wp\/v2\/types\/product"}],"replies":[{"embeddable":true,"href":"https:\/\/www.moskito.cz\/it\/wp-json\/wp\/v2\/comments?post=320635"}],"wp:featuredmedia":[{"embeddable":true,"href":"https:\/\/www.moskito.cz\/it\/wp-json\/wp\/v2\/media\/320636"}],"wp:attachment":[{"href":"https:\/\/www.moskito.cz\/it\/wp-json\/wp\/v2\/media?parent=320635"}],"wp:term":[{"taxonomy":"pwb-brand","embeddable":true,"href":"https:\/\/www.moskito.cz\/it\/wp-json\/wp\/v2\/pwb-brand?post=320635"},{"taxonomy":"product_brand","embeddable":true,"href":"https:\/\/www.moskito.cz\/it\/wp-json\/wp\/v2\/product_brand?post=320635"},{"taxonomy":"product_cat","embeddable":true,"href":"https:\/\/www.moskito.cz\/it\/wp-json\/wp\/v2\/product_cat?post=320635"},{"taxonomy":"product_tag","embeddable":true,"href":"https:\/\/www.moskito.cz\/it\/wp-json\/wp\/v2\/product_tag?post=320635"}],"curies":[{"name":"wp","href":"https:\/\/api.w.org\/{rel}","templated":true}]}}