{"id":320651,"date":"2023-11-13T16:48:05","date_gmt":"2024-03-19T15:22:50","guid":{"rendered":"https:\/\/www.moskito.cz\/produkt\/coltello-da-tiro-microtech-special-bounty-hunter-ultratech-123-11bh\/"},"modified":"2025-05-07T11:05:57","modified_gmt":"2025-05-07T10:05:57","slug":"coltello-da-tiro-microtech-special-bounty-hunter-ultratech-123-11bh","status":"publish","type":"product","link":"https:\/\/www.moskito.cz\/it\/produkt\/coltello-da-tiro-microtech-special-bounty-hunter-ultratech-123-11bh\/","title":{"rendered":"Coltello da tiro Microtech Special Bounty Hunter Ultratech 123-11BH"},"content":{"rendered":"<p>Coltello da tiro <strong>Microtech<\/strong> Special Bounty Hunter Ultratech 123-11BH<\/p>\n<p>Ultratech stabilir\u00e0 per sempre lo standard per tutti i coltelli frontali. L&#8217;Ultratech \u00e8 l&#8217;originale coltello frontale a doppia azione di Microtech ed \u00e8 stato la base dell&#8217;intera linea OTF. Ha subito diverse modifiche nel corso degli anni, diventando ogni volta pi\u00f9 efficiente ed affidabile. Questa versione presenta una texture tri-grip migliorata sulla diapositiva del pollice per un acquisto pi\u00f9 positivo e un&#8217;impugnatura verde apocalittica con hardware rosso che conferisce a questo modello il soprannome di Bounty Hunter aka Boba Fett. Ha anche un bellissimo logo Mythosaur sulla clip da tasca che era il simbolo del teschio dei Veri Mandaloriani. La molla Ultratech rimane sempre in posizione di &#8220;riposo&#8221;, tranne quando \u00e8 allungata. Ci\u00f2 garantisce che la molla compressa non si affatichi, garantendo agli utenti che quando il coltello viene azionato, funzioner\u00e0 in modo efficace. La leggera apertura e chiusura con una sola mano, la forma sottile e la lama affilata come un bisturi di Ultratech lo rendono un coltello unico disponibile solo da Microtech. Questo coltello ha dimostrato pi\u00f9 e pi\u00f9 volte di resistere a qualsiasi ostacolo ed \u00e8 secondo noi il pi\u00f9 desiderabile della linea Star Wars Ultratech.<\/p>\n<p>Specifiche:<\/p>\n<p>Apertura\/chiusura automatica &#8211; apertura frontale<br \/>\nAzione: doppia azione: fuoco\/ritiro automatico<br \/>\nStile lama: Tanto a bordo singolo, parte seghettata<br \/>\nMateriale impugnatura: alluminio 6061-T6 con rivestimento duro anodizzato apocalittico verde Mil-Spec<br \/>\nLunghezza lama: 8,45 cm Acciaio: M390<br \/>\nLunghezza manico: 12,5 cm<br \/>\nMateriale della clip da tasca: acciaio inossidabile 301<br \/>\nTomaia standard: lega AL 6061-T6<br \/>\nGrilletto: acciaio inossidabile 303<br \/>\nRompivetro<br \/>\nFabbricato negli Usa<\/p>\n<p><iframe title=\"Microtech Combat Troodon Torture Test\" width=\"800\" height=\"450\" src=\"https:\/\/www.youtube.com\/embed\/xE9TeOFYEjg?feature=oembed\" frameborder=\"0\" allow=\"accelerometer; autoplay; clipboard-write; encrypted-media; gyroscope; picture-in-picture; web-share\" allowfullscreen><\/iframe><\/p>\n<p>&nbsp;<\/p>\n<p>&nbsp;<\/p>\n","protected":false},"excerpt":{"rendered":"<p><strong>Ultratech di Microtech \u00e8 uno dei modelli pi\u00f9 popolari e offre sicuramente il miglior rapporto qualit\u00e0-prezzo.<\/strong><\/p>\n<p><strong>Tutti i coltelli Microtech sono coperti da una garanzia a vita. <\/strong><\/p>\n<p><strong>Trasporto gratuito.<\/strong><\/p>\n","protected":false},"featured_media":320665,"comment_status":"open","ping_status":"closed","template":"","meta":[],"pwb-brand":[3753],"product_brand":[],"product_cat":[3745,3748],"product_tag":[3755],"class_list":{"0":"post-320651","1":"product","2":"type-product","3":"status-publish","4":"has-post-thumbnail","6":"pwb-brand-microtecnologia-it","7":"product_cat-coltelli","8":"product_cat-coltelli-da-tiro","9":"product_tag-b2b-it","11":"first","12":"outofstock","13":"taxable","14":"shipping-taxable","15":"purchasable","16":"product-type-simple"},"brands":[{"id":3753,"name":"Microtecnologia","slug":"microtecnologia-it"}],"_links":{"self":[{"href":"https:\/\/www.moskito.cz\/it\/wp-json\/wp\/v2\/product\/320651","targetHints":{"allow":["GET"]}}],"collection":[{"href":"https:\/\/www.moskito.cz\/it\/wp-json\/wp\/v2\/product"}],"about":[{"href":"https:\/\/www.moskito.cz\/it\/wp-json\/wp\/v2\/types\/product"}],"replies":[{"embeddable":true,"href":"https:\/\/www.moskito.cz\/it\/wp-json\/wp\/v2\/comments?post=320651"}],"wp:featuredmedia":[{"embeddable":true,"href":"https:\/\/www.moskito.cz\/it\/wp-json\/wp\/v2\/media\/320665"}],"wp:attachment":[{"href":"https:\/\/www.moskito.cz\/it\/wp-json\/wp\/v2\/media?parent=320651"}],"wp:term":[{"taxonomy":"pwb-brand","embeddable":true,"href":"https:\/\/www.moskito.cz\/it\/wp-json\/wp\/v2\/pwb-brand?post=320651"},{"taxonomy":"product_brand","embeddable":true,"href":"https:\/\/www.moskito.cz\/it\/wp-json\/wp\/v2\/product_brand?post=320651"},{"taxonomy":"product_cat","embeddable":true,"href":"https:\/\/www.moskito.cz\/it\/wp-json\/wp\/v2\/product_cat?post=320651"},{"taxonomy":"product_tag","embeddable":true,"href":"https:\/\/www.moskito.cz\/it\/wp-json\/wp\/v2\/product_tag?post=320651"}],"curies":[{"name":"wp","href":"https:\/\/api.w.org\/{rel}","templated":true}]}}