{"id":320733,"date":"2023-11-08T16:12:51","date_gmt":"2024-03-19T15:22:59","guid":{"rendered":"https:\/\/www.moskito.cz\/produkt\/coltello-da-tiro-microtech-utx-85-clone-trooper-232-1co\/"},"modified":"2025-05-07T11:06:01","modified_gmt":"2025-05-07T10:06:01","slug":"coltello-da-tiro-microtech-utx-85-clone-trooper-232-1co","status":"publish","type":"product","link":"https:\/\/www.moskito.cz\/it\/produkt\/coltello-da-tiro-microtech-utx-85-clone-trooper-232-1co\/","title":{"rendered":"Coltello da tiro Microtech UTX-85 Clone Trooper 232-1CO"},"content":{"rendered":"<p>Coltello da tiro <strong>Microtech<\/strong> UTX-85 Clone Trooper 232-1CO<\/p>\n<p>Il Microtech UTX-85 \u00e8 un coltello di medie dimensioni della gamma Ultratech. Questo modello \u00e8 progettato con un telaio modellato per la massima aderenza, usabilit\u00e0 e comfort. Presenta toppe di texture lungo la colonna vertebrale nei punti giusti per garantire la massima aderenza quando ne hai bisogno. Questi coltelli Microtech sono inoltre dotati di un comodo interruttore di accensione e di un rompivetro in carburo di tungsteno testato in battaglia.<\/p>\n<p>Il Microtech UTX-85 offre le stesse grandi prestazioni dell&#8217;Ultratech, ma \u00e8 stato ridotto dell&#8217;85% per coloro che preferiscono un coltello pi\u00f9 piccolo e pi\u00f9 nascosto. Questa \u00e8 un&#8217;ottima scelta per gli utenti che cercano un OTF a doppia azione pi\u00f9 leggero e pi\u00f9 piccolo con le stesse grandi prestazioni dell&#8217;Ultratech a grandezza naturale.<\/p>\n<p>Lunghezza totale: 19,1 cm<br \/>\nLunghezza da chiuso: 11,1 cm<br \/>\nLunghezza lama: 7,9 cm<br \/>\nSpessore lama: 0,32 cm<br \/>\nStile bordo: semplice<br \/>\nMateriale manico: Clone Trooper alluminio<br \/>\nSpessore manico: 1,2 cm<br \/>\nClip da tasca: ribaltabile<br \/>\nPeso: 82,22 grammi<br \/>\nRif. produttore N.: 232-1CO<br \/>\nPaese di origine: Stati Uniti<\/p>\n<p><iframe title=\"Microtech Combat Troodon Torture Test\" width=\"800\" height=\"450\" src=\"https:\/\/www.youtube.com\/embed\/xE9TeOFYEjg?feature=oembed\" frameborder=\"0\" allow=\"accelerometer; autoplay; clipboard-write; encrypted-media; gyroscope; picture-in-picture; web-share\" allowfullscreen><\/iframe><\/p>\n<p>&nbsp;<\/p>\n","protected":false},"excerpt":{"rendered":"<div class=\"elementor-element elementor-element-bbb542b elementor-widget elementor-widget-woocommerce-product-short-description\" data-id=\"bbb542b\" data-element_type=\"widget\" data-widget_type=\"woocommerce-product-short-description.default\">\n<div class=\"elementor-widget-container\">\n<div class=\"woocommerce-product-details__short-description\">\n<p><strong>Ultratech di Microtech \u00e8 uno dei modelli pi\u00f9 popolari e offre sicuramente il miglior rapporto qualit\u00e0-prezzo.<\/strong><\/p>\n<p><strong>Tutti i coltelli Microtech sono coperti da una garanzia a vita. <\/strong><\/p>\n<p><strong>Trasporto gratuito.<\/strong><\/p>\n<\/div>\n<\/div>\n<\/div>\n","protected":false},"featured_media":320749,"comment_status":"open","ping_status":"closed","template":"","meta":[],"pwb-brand":[3753],"product_brand":[],"product_cat":[3745,3748],"product_tag":[3755],"class_list":{"0":"post-320733","1":"product","2":"type-product","3":"status-publish","4":"has-post-thumbnail","6":"pwb-brand-microtecnologia-it","7":"product_cat-coltelli","8":"product_cat-coltelli-da-tiro","9":"product_tag-b2b-it","11":"first","12":"instock","13":"taxable","14":"shipping-taxable","15":"purchasable","16":"product-type-simple"},"brands":[{"id":3753,"name":"Microtecnologia","slug":"microtecnologia-it"}],"_links":{"self":[{"href":"https:\/\/www.moskito.cz\/it\/wp-json\/wp\/v2\/product\/320733","targetHints":{"allow":["GET"]}}],"collection":[{"href":"https:\/\/www.moskito.cz\/it\/wp-json\/wp\/v2\/product"}],"about":[{"href":"https:\/\/www.moskito.cz\/it\/wp-json\/wp\/v2\/types\/product"}],"replies":[{"embeddable":true,"href":"https:\/\/www.moskito.cz\/it\/wp-json\/wp\/v2\/comments?post=320733"}],"wp:featuredmedia":[{"embeddable":true,"href":"https:\/\/www.moskito.cz\/it\/wp-json\/wp\/v2\/media\/320749"}],"wp:attachment":[{"href":"https:\/\/www.moskito.cz\/it\/wp-json\/wp\/v2\/media?parent=320733"}],"wp:term":[{"taxonomy":"pwb-brand","embeddable":true,"href":"https:\/\/www.moskito.cz\/it\/wp-json\/wp\/v2\/pwb-brand?post=320733"},{"taxonomy":"product_brand","embeddable":true,"href":"https:\/\/www.moskito.cz\/it\/wp-json\/wp\/v2\/product_brand?post=320733"},{"taxonomy":"product_cat","embeddable":true,"href":"https:\/\/www.moskito.cz\/it\/wp-json\/wp\/v2\/product_cat?post=320733"},{"taxonomy":"product_tag","embeddable":true,"href":"https:\/\/www.moskito.cz\/it\/wp-json\/wp\/v2\/product_tag?post=320733"}],"curies":[{"name":"wp","href":"https:\/\/api.w.org\/{rel}","templated":true}]}}