{"id":320775,"date":"2023-10-26T14:30:44","date_gmt":"2024-03-19T15:23:01","guid":{"rendered":"https:\/\/www.moskito.cz\/produkt\/coltello-da-tiro-microtech-ultratech-stonewashed-pink-123-11pk\/"},"modified":"2025-05-07T11:06:02","modified_gmt":"2025-05-07T10:06:02","slug":"coltello-da-tiro-microtech-ultratech-stonewashed-pink-123-11pk","status":"publish","type":"product","link":"https:\/\/www.moskito.cz\/it\/produkt\/coltello-da-tiro-microtech-ultratech-stonewashed-pink-123-11pk\/","title":{"rendered":"Coltello da tiro Microtech Ultratech Stonewashed Pink 123-11PK"},"content":{"rendered":"<p>Coltello da tiro <strong>Microtech<\/strong> Ultratech Stonewashed Pink 123-11PK<\/p>\n<p>Ultratech stabilir\u00e0 per sempre lo standard per tutti i coltelli frontali. L&#8217;Ultratech \u00e8 l&#8217;originale coltello frontale a doppia azione di Microtech ed \u00e8 stato la base della sua intera linea OTF. Nel corso degli anni ha subito diverse modifiche, ognuna delle quali \u00e8 diventata pi\u00f9 efficiente ed affidabile. Questa versione ha un&#8217;impugnatura sagomata migliorata con uno scorrimento del pollice strutturato per un acquisto pi\u00f9 positivo. La molla Ultratech rimane sempre in posizione di &#8220;riposo&#8221;, tranne quando \u00e8 allungata. Ci\u00f2 garantisce che la molla compressa non si affatichi, garantendo agli utenti che funzioner\u00e0 efficacemente quando il coltello viene azionato. <strong>L&#8217;Ultratech<\/strong> pu\u00f2 assumere molte forme; pu\u00f2 essere rifinito con una piastra di alluminio lavorata standard o un pezzo di fibra di carbonio. L&#8217;apertura e la chiusura leggere con una sola mano, il design sottile e la lama affilata come un bisturi <strong>di Ultratech<\/strong> lo rendono un coltello unico disponibile solo da Microtech. Questo coltello ha dimostrato pi\u00f9 volte di resistere a qualsiasi ostacolo. Solo il tempo dir\u00e0 quale sar\u00e0 il prossimo passo per la linea <strong>Ultratech<\/strong> .<\/p>\n<p>Specifiche:<br \/>\nApertura\/chiusura automatica &#8211; apertura frontale<br \/>\nAzione: doppia azione: fuoco\/ritiro automatico<br \/>\nStile lama: Tanto<br \/>\nMateriale impugnatura: alluminio 6061-T6 con anodizzazione rosa Mil-Spec Hard Coat<br \/>\nSpessore lama: 0,3 cm<br \/>\nLunghezza lama: 8,65 cm<br \/>\nLunghezza da chiuso: 12,1 cm<br \/>\nLunghezza da aperto: 20,75 cm<br \/>\nMateriale della clip da tasca: acciaio inossidabile 301 completamente duro<br \/>\nTomaia standard: lega AL 6061-T6<br \/>\nGrilletto: acciaio inossidabile 303<br \/>\nPeso: 3,40 once.<br \/>\nAcciaio: M390<br \/>\nFabbricato negli Usa<\/p>\n<p><iframe title=\"Microtech Combat Troodon Torture Test\" width=\"800\" height=\"450\" src=\"https:\/\/www.youtube.com\/embed\/xE9TeOFYEjg?feature=oembed\" frameborder=\"0\" allow=\"accelerometer; autoplay; clipboard-write; encrypted-media; gyroscope; picture-in-picture; web-share\" allowfullscreen><\/iframe><\/p>\n<p>&nbsp;<\/p>\n","protected":false},"excerpt":{"rendered":"<p><strong>Nel corso degli anni, Microtech\u00ae Knives ha riempito i coltelli con passione e competenza per creare quasi opere d&#8217;arte che sono l&#8217;apice della funzionalit\u00e0. Tutte le parti sono prodotte negli Stati Uniti.<\/strong><br \/>\n<strong>Tutti i coltelli Microtech sono coperti da una garanzia a vita.<\/strong><\/p>\n<p><strong>Trasporto gratuito.<\/strong><\/p>\n","protected":false},"featured_media":320781,"comment_status":"open","ping_status":"closed","template":"","meta":[],"pwb-brand":[3753],"product_brand":[],"product_cat":[3745,3748],"product_tag":[3755],"class_list":{"0":"post-320775","1":"product","2":"type-product","3":"status-publish","4":"has-post-thumbnail","6":"pwb-brand-microtecnologia-it","7":"product_cat-coltelli","8":"product_cat-coltelli-da-tiro","9":"product_tag-b2b-it","11":"first","12":"instock","13":"taxable","14":"shipping-taxable","15":"purchasable","16":"product-type-simple"},"brands":[{"id":3753,"name":"Microtecnologia","slug":"microtecnologia-it"}],"_links":{"self":[{"href":"https:\/\/www.moskito.cz\/it\/wp-json\/wp\/v2\/product\/320775","targetHints":{"allow":["GET"]}}],"collection":[{"href":"https:\/\/www.moskito.cz\/it\/wp-json\/wp\/v2\/product"}],"about":[{"href":"https:\/\/www.moskito.cz\/it\/wp-json\/wp\/v2\/types\/product"}],"replies":[{"embeddable":true,"href":"https:\/\/www.moskito.cz\/it\/wp-json\/wp\/v2\/comments?post=320775"}],"wp:featuredmedia":[{"embeddable":true,"href":"https:\/\/www.moskito.cz\/it\/wp-json\/wp\/v2\/media\/320781"}],"wp:attachment":[{"href":"https:\/\/www.moskito.cz\/it\/wp-json\/wp\/v2\/media?parent=320775"}],"wp:term":[{"taxonomy":"pwb-brand","embeddable":true,"href":"https:\/\/www.moskito.cz\/it\/wp-json\/wp\/v2\/pwb-brand?post=320775"},{"taxonomy":"product_brand","embeddable":true,"href":"https:\/\/www.moskito.cz\/it\/wp-json\/wp\/v2\/product_brand?post=320775"},{"taxonomy":"product_cat","embeddable":true,"href":"https:\/\/www.moskito.cz\/it\/wp-json\/wp\/v2\/product_cat?post=320775"},{"taxonomy":"product_tag","embeddable":true,"href":"https:\/\/www.moskito.cz\/it\/wp-json\/wp\/v2\/product_tag?post=320775"}],"curies":[{"name":"wp","href":"https:\/\/api.w.org\/{rel}","templated":true}]}}