{"id":320783,"date":"2023-11-10T15:22:55","date_gmt":"2024-03-19T15:23:02","guid":{"rendered":"https:\/\/www.moskito.cz\/produkt\/coltello-da-tiro-microtech-utx-85-halloween-serie-231-1hws\/"},"modified":"2025-05-07T11:06:02","modified_gmt":"2025-05-07T10:06:02","slug":"coltello-da-tiro-microtech-utx-85-halloween-serie-231-1hws","status":"publish","type":"product","link":"https:\/\/www.moskito.cz\/it\/produkt\/coltello-da-tiro-microtech-utx-85-halloween-serie-231-1hws\/","title":{"rendered":"Coltello da tiro Microtech UTX-85 HALLOWEEN SERIE 231-1HWS"},"content":{"rendered":"<p>Coltello da tiro <strong>Microtech<\/strong> UTX-85 HALLOWEEN SERIE 231-1HWS<\/p>\n<p>Il Microtech UTX-85 \u00e8 una versione pi\u00f9 piccola del 15% dell&#8217;amato Ultratech . Vanta la stessa azione scattante e affidabile, i materiali di prima qualit\u00e0 e l&#8217;estetica generale del suo fratello maggiore, ma in un formato pi\u00f9 corto. Microtech seleziona materiali della lama che offrono la migliore ritenzione del filo, tenacit\u00e0 e resistenza alla corrosione, rendendo questo coltello automatico a doppia azione OTF un piacere con cui lavorare. Puoi fare affidamento su di esso in situazioni di autodifesa e uso intensivo di EDC. Qualunque cosa accada, l&#8217;UTX-85 ti copre le spalle.<\/p>\n<p>Microtech UTX-85 \u00e8 disponibile in una variet\u00e0 di colori, forme di lame e finiture.<\/p>\n<p>Azione: doppia azione: fuoco automatico\/ritrazione automatica<br \/>\nLunghezza totale: 18,75 cm<br \/>\nLunghezza lama: 7,81 cm<br \/>\nTagliente: 7,17 cm<br \/>\nSpessore lama: 0,32 cm<br \/>\nMateriale lama: Bohler M390<br \/>\nStile lama: Drop Point &#8211; FINITURA NERA<br \/>\nTelaio: lega AL 6061-T6, rivestimento duro Mil-Spec arancione anodizzato &#8211; GRAVINY BAT<br \/>\nMateriale manico: alluminio<br \/>\nClip da tasca: acciaio inossidabile 301 &#8211; INCISIONE JACK-O-LANTERN<br \/>\nTomaia standard: lega AL 6061-T6<br \/>\nGrilletto: acciaio inossidabile 303<br \/>\nPeso: 2,8 once.<br \/>\nFabbricato negli Usa<\/p>\n<p><iframe title=\"Microtech Combat Troodon Torture Test\" width=\"800\" height=\"450\" src=\"https:\/\/www.youtube.com\/embed\/xE9TeOFYEjg?feature=oembed\" frameborder=\"0\" allow=\"accelerometer; autoplay; clipboard-write; encrypted-media; gyroscope; picture-in-picture; web-share\" allowfullscreen><\/iframe><\/p>\n<p>&nbsp;<\/p>\n<p>&nbsp;<\/p>\n<p>&nbsp;<\/p>\n","protected":false},"excerpt":{"rendered":"<p><strong>Nel corso degli anni, Microtech\u00ae Knives ha riempito i coltelli con passione e competenza per creare quasi opere d&#8217;arte che sono l&#8217;apice della funzionalit\u00e0. Tutte le parti sono prodotte negli Stati Uniti.<\/strong><br \/>\n<strong>Tutti i coltelli Microtech sono coperti da una garanzia a vita.<\/strong><\/p>\n<p><strong>Trasporto gratuito.<\/strong><\/p>\n","protected":false},"featured_media":320799,"comment_status":"open","ping_status":"closed","template":"","meta":[],"pwb-brand":[3753],"product_brand":[],"product_cat":[3745,3748],"product_tag":[3755],"class_list":{"0":"post-320783","1":"product","2":"type-product","3":"status-publish","4":"has-post-thumbnail","6":"pwb-brand-microtecnologia-it","7":"product_cat-coltelli","8":"product_cat-coltelli-da-tiro","9":"product_tag-b2b-it","11":"first","12":"outofstock","13":"taxable","14":"shipping-taxable","15":"purchasable","16":"product-type-simple"},"brands":[{"id":3753,"name":"Microtecnologia","slug":"microtecnologia-it"}],"_links":{"self":[{"href":"https:\/\/www.moskito.cz\/it\/wp-json\/wp\/v2\/product\/320783","targetHints":{"allow":["GET"]}}],"collection":[{"href":"https:\/\/www.moskito.cz\/it\/wp-json\/wp\/v2\/product"}],"about":[{"href":"https:\/\/www.moskito.cz\/it\/wp-json\/wp\/v2\/types\/product"}],"replies":[{"embeddable":true,"href":"https:\/\/www.moskito.cz\/it\/wp-json\/wp\/v2\/comments?post=320783"}],"wp:featuredmedia":[{"embeddable":true,"href":"https:\/\/www.moskito.cz\/it\/wp-json\/wp\/v2\/media\/320799"}],"wp:attachment":[{"href":"https:\/\/www.moskito.cz\/it\/wp-json\/wp\/v2\/media?parent=320783"}],"wp:term":[{"taxonomy":"pwb-brand","embeddable":true,"href":"https:\/\/www.moskito.cz\/it\/wp-json\/wp\/v2\/pwb-brand?post=320783"},{"taxonomy":"product_brand","embeddable":true,"href":"https:\/\/www.moskito.cz\/it\/wp-json\/wp\/v2\/product_brand?post=320783"},{"taxonomy":"product_cat","embeddable":true,"href":"https:\/\/www.moskito.cz\/it\/wp-json\/wp\/v2\/product_cat?post=320783"},{"taxonomy":"product_tag","embeddable":true,"href":"https:\/\/www.moskito.cz\/it\/wp-json\/wp\/v2\/product_tag?post=320783"}],"curies":[{"name":"wp","href":"https:\/\/api.w.org\/{rel}","templated":true}]}}