{"id":320972,"date":"2023-10-17T14:21:38","date_gmt":"2024-03-19T17:32:08","guid":{"rendered":"https:\/\/www.moskito.cz\/produkt\/coltello-da-tiro-microtech-combat-troodon-143-1bl\/"},"modified":"2025-05-07T11:06:07","modified_gmt":"2025-05-07T10:06:07","slug":"coltello-da-tiro-microtech-combat-troodon-143-1bl","status":"publish","type":"product","link":"https:\/\/www.moskito.cz\/it\/produkt\/coltello-da-tiro-microtech-combat-troodon-143-1bl\/","title":{"rendered":"Coltello da tiro Microtech Combat Troodon 143-1BL"},"content":{"rendered":"<p>Coltello da tiro <strong>Microtech<\/strong> Combat Troodon 143-1BL<\/p>\n<p>Un coltello da tiro dalla parte anteriore.<\/p>\n<p>Coltello da tiro <strong>Microtech<\/strong> Combat Troodon 143-1T: questo Troodon da combattimento ha una lama nera e liscia. Manico in alluminio con punta sferica in acciaio inox.<br \/>\nIl coltello OTF di produzione pi\u00f9 grande di Microtech prende il nome dal dinosauro Troodon. Combat Troodon \u00e8 una versione davvero grande del popolare Troodon. Nonostante le sue dimensioni, la maniglia \u00e8 sottile e comoda.<\/p>\n<p>Lunghezza lama: 9,5 cm<br \/>\nSpessore lama: 0,33 cm<br \/>\nMateriale lama: M390<br \/>\nStile lama: punto di caduta<br \/>\nInserti: piatti<br \/>\nFinitura: nera<br \/>\nTipo di bordo: semplice<br \/>\nLunghezza manico: 13,3 cm<br \/>\nSpessore manico: 1,4 cm<br \/>\nMateriale manico: alluminio<\/p>\n<p>Manico: rivestimento duro Elox in alluminio blu Mil Spec 6061-T6<br \/>\nClip da tasca: 301 Temperato a molla, ambidestro<br \/>\nPeso: 5,3 once.<\/p>\n<p><iframe title=\"Microtech Combat Troodon Torture Test\" width=\"800\" height=\"450\" src=\"https:\/\/www.youtube.com\/embed\/xE9TeOFYEjg?feature=oembed\" frameborder=\"0\" allow=\"accelerometer; autoplay; clipboard-write; encrypted-media; gyroscope; picture-in-picture; web-share\" allowfullscreen><\/iframe><\/p>\n<p>&nbsp;<\/p>\n<p>&nbsp;<\/p>\n","protected":false},"excerpt":{"rendered":"<p><strong>Nel corso degli anni, Microtech\u00ae Knives ha riempito i coltelli con passione e competenza per creare quasi opere d&#8217;arte che sono l&#8217;apice della funzionalit\u00e0. Tutte le parti sono prodotte negli Stati Uniti.<\/strong><br \/>\n<strong>Tutti i coltelli Microtech sono coperti da una garanzia a vita.<\/strong><\/p>\n<p><strong>Spedizione gratuita.<\/strong><\/p>\n","protected":false},"featured_media":320992,"comment_status":"open","ping_status":"closed","template":"","meta":[],"pwb-brand":[3753],"product_brand":[],"product_cat":[3745,3748],"product_tag":[3755],"class_list":{"0":"post-320972","1":"product","2":"type-product","3":"status-publish","4":"has-post-thumbnail","6":"pwb-brand-microtecnologia-it","7":"product_cat-coltelli","8":"product_cat-coltelli-da-tiro","9":"product_tag-b2b-it","11":"first","12":"instock","13":"taxable","14":"shipping-taxable","15":"purchasable","16":"product-type-simple"},"brands":[{"id":3753,"name":"Microtecnologia","slug":"microtecnologia-it"}],"_links":{"self":[{"href":"https:\/\/www.moskito.cz\/it\/wp-json\/wp\/v2\/product\/320972","targetHints":{"allow":["GET"]}}],"collection":[{"href":"https:\/\/www.moskito.cz\/it\/wp-json\/wp\/v2\/product"}],"about":[{"href":"https:\/\/www.moskito.cz\/it\/wp-json\/wp\/v2\/types\/product"}],"replies":[{"embeddable":true,"href":"https:\/\/www.moskito.cz\/it\/wp-json\/wp\/v2\/comments?post=320972"}],"wp:featuredmedia":[{"embeddable":true,"href":"https:\/\/www.moskito.cz\/it\/wp-json\/wp\/v2\/media\/320992"}],"wp:attachment":[{"href":"https:\/\/www.moskito.cz\/it\/wp-json\/wp\/v2\/media?parent=320972"}],"wp:term":[{"taxonomy":"pwb-brand","embeddable":true,"href":"https:\/\/www.moskito.cz\/it\/wp-json\/wp\/v2\/pwb-brand?post=320972"},{"taxonomy":"product_brand","embeddable":true,"href":"https:\/\/www.moskito.cz\/it\/wp-json\/wp\/v2\/product_brand?post=320972"},{"taxonomy":"product_cat","embeddable":true,"href":"https:\/\/www.moskito.cz\/it\/wp-json\/wp\/v2\/product_cat?post=320972"},{"taxonomy":"product_tag","embeddable":true,"href":"https:\/\/www.moskito.cz\/it\/wp-json\/wp\/v2\/product_tag?post=320972"}],"curies":[{"name":"wp","href":"https:\/\/api.w.org\/{rel}","templated":true}]}}