{"id":320976,"date":"2023-10-11T13:55:03","date_gmt":"2024-03-19T17:32:08","guid":{"rendered":"https:\/\/www.moskito.cz\/produkt\/coltello-da-tiro-microtech-ultratech-shadow-frag-122-3ut-dsh\/"},"modified":"2025-05-07T11:06:07","modified_gmt":"2025-05-07T10:06:07","slug":"coltello-da-tiro-microtech-ultratech-shadow-frag-122-3ut-dsh","status":"publish","type":"product","link":"https:\/\/www.moskito.cz\/it\/produkt\/coltello-da-tiro-microtech-ultratech-shadow-frag-122-3ut-dsh\/","title":{"rendered":"Coltello da tiro Microtech Ultratech Shadow Frag 122-3UT-DSH"},"content":{"rendered":"<p>Coltello da tiro <strong>Microtech<\/strong> Ultratech Shadow Frag 122-3UT-DSH<\/p>\n<p><strong>Ultratech<\/strong> stabilir\u00e0 per sempre lo standard per tutti i coltelli frontali. L&#8217;Ultratech \u00e8 l&#8217;originale coltello frontale a doppia azione di Microtech ed \u00e8 stato la base dell&#8217;intera linea OTF. Ha subito diverse modifiche nel corso degli anni, diventando ogni volta pi\u00f9 efficiente ed affidabile. Questa versione ha un&#8217;impugnatura sagomata migliorata con uno scorrimento del pollice strutturato per un acquisto pi\u00f9 positivo. La molla Ultratech rimane sempre in posizione di &#8220;riposo&#8221;, tranne quando \u00e8 allungata. Ci\u00f2 garantisce che la molla compressa non si affatichi, garantendo agli utenti che quando il coltello viene azionato, funzioner\u00e0 in modo efficace. L&#8217;Ultratech pu\u00f2 assumere molte forme diverse; pu\u00f2 essere rifinito con una piastra di alluminio lavorata standard o un pezzo di fibra di carbonio. Il peso leggero, l&#8217;apertura e la chiusura con una sola mano, la forma sottile e la lama affilata come un bisturi lo rendono un coltello unico disponibile solo da Microtech. Questo coltello ha dimostrato pi\u00f9 volte di resistere a qualsiasi ostacolo. Solo il tempo dir\u00e0 quale sar\u00e0 il prossimo passo per la linea Ultratech.<br \/>\nSpecifiche<\/p>\n<p>Apertura\/chiusura automatica &#8211; apertura frontale<br \/>\nAzione: doppia azione: fuoco\/ritiro automatico<br \/>\nAcciaio: M390<br \/>\nStile della lama: pugnale a doppio taglio<br \/>\nMateriale impugnatura: Frag Milled 6061-T6 con anodizzazione nera con rivestimento duro Mil-Spec e interni in nichel boro<br \/>\nLunghezza totale: 22 cm<br \/>\nLunghezza lama: 8,6 cm<br \/>\nSpessore lama: 0,33 cm<br \/>\nMateriale della clip da tasca: acciaio inossidabile 301 completamente duro<br \/>\nTomaia standard: lega AL 6061-T6<br \/>\nGrilletto: acciaio inossidabile 303<br \/>\nRompivetro<br \/>\nFabbricato negli Usa<\/p>\n<p>&nbsp;<\/p>\n","protected":false},"excerpt":{"rendered":"<div class=\"elementor-element elementor-element-bbb542b elementor-widget elementor-widget-woocommerce-product-short-description\" data-id=\"bbb542b\" data-element_type=\"widget\" data-widget_type=\"woocommerce-product-short-description.default\">\n<div class=\"elementor-widget-container\">\n<div class=\"woocommerce-product-details__short-description\">\n<p><strong>Nel corso degli anni, Microtech\u00ae Knives ha riempito i coltelli con passione e competenza per creare quasi opere d&#8217;arte che sono l&#8217;apice della funzionalit\u00e0. Tutte le parti sono prodotte negli Stati Uniti.<\/strong><br \/>\n<strong>Tutti i coltelli Microtech sono coperti da una garanzia a vita.<\/strong><\/p>\n<p><strong>Trasporto gratuito.<\/strong><\/p>\n<\/div>\n<\/div>\n<\/div>\n","protected":false},"featured_media":320993,"comment_status":"open","ping_status":"closed","template":"","meta":[],"pwb-brand":[3753],"product_brand":[],"product_cat":[3745,3748],"product_tag":[3755],"class_list":{"0":"post-320976","1":"product","2":"type-product","3":"status-publish","4":"has-post-thumbnail","6":"pwb-brand-microtecnologia-it","7":"product_cat-coltelli","8":"product_cat-coltelli-da-tiro","9":"product_tag-b2b-it","11":"first","12":"outofstock","13":"taxable","14":"shipping-taxable","15":"purchasable","16":"product-type-simple"},"brands":[{"id":3753,"name":"Microtecnologia","slug":"microtecnologia-it"}],"_links":{"self":[{"href":"https:\/\/www.moskito.cz\/it\/wp-json\/wp\/v2\/product\/320976","targetHints":{"allow":["GET"]}}],"collection":[{"href":"https:\/\/www.moskito.cz\/it\/wp-json\/wp\/v2\/product"}],"about":[{"href":"https:\/\/www.moskito.cz\/it\/wp-json\/wp\/v2\/types\/product"}],"replies":[{"embeddable":true,"href":"https:\/\/www.moskito.cz\/it\/wp-json\/wp\/v2\/comments?post=320976"}],"wp:featuredmedia":[{"embeddable":true,"href":"https:\/\/www.moskito.cz\/it\/wp-json\/wp\/v2\/media\/320993"}],"wp:attachment":[{"href":"https:\/\/www.moskito.cz\/it\/wp-json\/wp\/v2\/media?parent=320976"}],"wp:term":[{"taxonomy":"pwb-brand","embeddable":true,"href":"https:\/\/www.moskito.cz\/it\/wp-json\/wp\/v2\/pwb-brand?post=320976"},{"taxonomy":"product_brand","embeddable":true,"href":"https:\/\/www.moskito.cz\/it\/wp-json\/wp\/v2\/product_brand?post=320976"},{"taxonomy":"product_cat","embeddable":true,"href":"https:\/\/www.moskito.cz\/it\/wp-json\/wp\/v2\/product_cat?post=320976"},{"taxonomy":"product_tag","embeddable":true,"href":"https:\/\/www.moskito.cz\/it\/wp-json\/wp\/v2\/product_tag?post=320976"}],"curies":[{"name":"wp","href":"https:\/\/api.w.org\/{rel}","templated":true}]}}