{"id":321028,"date":"2023-10-12T18:53:18","date_gmt":"2024-03-19T17:32:17","guid":{"rendered":"https:\/\/www.moskito.cz\/produkt\/coltello-da-tiro-microtech-ludt-apocalyptic-135-10apod\/"},"modified":"2025-05-07T11:06:09","modified_gmt":"2025-05-07T10:06:09","slug":"coltello-da-tiro-microtech-ludt-apocalyptic-135-10apod","status":"publish","type":"product","link":"https:\/\/www.moskito.cz\/it\/produkt\/coltello-da-tiro-microtech-ludt-apocalyptic-135-10apod\/","title":{"rendered":"Coltello da tiro Microtech LUDT Apocalyptic 135-10APOD"},"content":{"rendered":"<p>Coltello da tiro <strong>Microtech<\/strong> LUDT Apocalyptic 135-10APOD<\/p>\n<p><strong>Il LUDT<\/strong> \u00e8 una versione grande del coltello Underwater Demolition Team. A met\u00e0 degli anni &#8217;90 Negli anni successivi raggiunse il mercato dei coltelli e divenne rapidamente uno dei coltelli pi\u00f9 venduti nella storia di Microtech. Nel corso degli anni, <strong>LUDT<\/strong> \u00e8 stata modellata e modificata per soddisfare il mercato in continua evoluzione. LUDT \u00e8 stato interrotto dalla linea Microtech per un po&#8217;, quindi siamo lieti di riaverlo.<\/p>\n<p>La lama 135-10 <strong>LUDT<\/strong> presenta dorso coronato, guida per pollice e punta rinforzata per la massima efficienza di penetrazione senza compromettere la punta. La finitura apocalittica della lama \u00e8 estremamente resistente e l&#8217;impugnatura verde OD la rende un componente ideale per l&#8217;EDC. La maniglia \u00e8 realizzata in alluminio aeronautico fresato per resistenza e leggerezza. \u00c8 ergonomica, velocissima e semplicemente una straordinaria lama a tutto tondo. Questo coltello \u00e8 stato provato pi\u00f9 volte e siamo molto felici di tornarci di nuovo. Include cordino e viti antimanomissione.<\/p>\n<p>Specifiche<br \/>\nApertura automatica &#8211; apertura laterale<br \/>\nAcciaio: M390<br \/>\nLunghezza lama: 8,42 cm<br \/>\nSpessore lama: 0,31 cm<br \/>\nStile lama: punto di caduta apocalittico a bordo singolo<br \/>\nMateriale manico: alluminio OD Green 6061-T6<br \/>\nLunghezza da chiuso: 12 cm<br \/>\nLunghezza aperta: 20 cm<br \/>\nMateriale della clip da tasca: acciaio inossidabile 301<br \/>\nFabbricato negli Usa<\/p>\n<p><iframe title=\"Microtech Combat Troodon Torture Test\" width=\"800\" height=\"450\" src=\"https:\/\/www.youtube.com\/embed\/xE9TeOFYEjg?feature=oembed\" frameborder=\"0\" allow=\"accelerometer; autoplay; clipboard-write; encrypted-media; gyroscope; picture-in-picture; web-share\" allowfullscreen><\/iframe><\/p>\n<p>&nbsp;<\/p>\n","protected":false},"excerpt":{"rendered":"<p><strong>Nel corso degli anni, Microtech\u00ae Knives ha riempito i coltelli con passione e competenza per creare quasi opere d&#8217;arte che sono l&#8217;apice della funzionalit\u00e0. Tutte le parti sono prodotte negli Stati Uniti.<\/strong><br \/>\n<strong>Tutti i coltelli Microtech sono coperti da una garanzia a vita.<\/strong><\/p>\n<p><strong>Trasporto gratuito.<\/strong><\/p>\n","protected":false},"featured_media":321041,"comment_status":"open","ping_status":"closed","template":"","meta":[],"pwb-brand":[3753],"product_brand":[],"product_cat":[3745,3748],"product_tag":[3755],"class_list":{"0":"post-321028","1":"product","2":"type-product","3":"status-publish","4":"has-post-thumbnail","6":"pwb-brand-microtecnologia-it","7":"product_cat-coltelli","8":"product_cat-coltelli-da-tiro","9":"product_tag-b2b-it","11":"first","12":"outofstock","13":"taxable","14":"shipping-taxable","15":"purchasable","16":"product-type-simple"},"brands":[{"id":3753,"name":"Microtecnologia","slug":"microtecnologia-it"}],"_links":{"self":[{"href":"https:\/\/www.moskito.cz\/it\/wp-json\/wp\/v2\/product\/321028","targetHints":{"allow":["GET"]}}],"collection":[{"href":"https:\/\/www.moskito.cz\/it\/wp-json\/wp\/v2\/product"}],"about":[{"href":"https:\/\/www.moskito.cz\/it\/wp-json\/wp\/v2\/types\/product"}],"replies":[{"embeddable":true,"href":"https:\/\/www.moskito.cz\/it\/wp-json\/wp\/v2\/comments?post=321028"}],"wp:featuredmedia":[{"embeddable":true,"href":"https:\/\/www.moskito.cz\/it\/wp-json\/wp\/v2\/media\/321041"}],"wp:attachment":[{"href":"https:\/\/www.moskito.cz\/it\/wp-json\/wp\/v2\/media?parent=321028"}],"wp:term":[{"taxonomy":"pwb-brand","embeddable":true,"href":"https:\/\/www.moskito.cz\/it\/wp-json\/wp\/v2\/pwb-brand?post=321028"},{"taxonomy":"product_brand","embeddable":true,"href":"https:\/\/www.moskito.cz\/it\/wp-json\/wp\/v2\/product_brand?post=321028"},{"taxonomy":"product_cat","embeddable":true,"href":"https:\/\/www.moskito.cz\/it\/wp-json\/wp\/v2\/product_cat?post=321028"},{"taxonomy":"product_tag","embeddable":true,"href":"https:\/\/www.moskito.cz\/it\/wp-json\/wp\/v2\/product_tag?post=321028"}],"curies":[{"name":"wp","href":"https:\/\/api.w.org\/{rel}","templated":true}]}}