{"id":321093,"date":"2023-10-11T14:35:57","date_gmt":"2024-03-19T17:32:21","guid":{"rendered":"https:\/\/www.moskito.cz\/produkt\/coltello-da-tiro-microtech-ultratech-od-green-123-3od\/"},"modified":"2025-05-07T11:06:11","modified_gmt":"2025-05-07T10:06:11","slug":"coltello-da-tiro-microtech-ultratech-od-green-123-3od","status":"publish","type":"product","link":"https:\/\/www.moskito.cz\/it\/produkt\/coltello-da-tiro-microtech-ultratech-od-green-123-3od\/","title":{"rendered":"Coltello da tiro Microtech Ultratech OD Green 123-3OD"},"content":{"rendered":"<p>Coltello da tiro <strong>Microtech<\/strong> Ultratech OD Green 123-3OD<\/p>\n<p>Come modello di punta della linea OTF di Microtech, Ultratech\u00ae stabilisce lo standard per la tecnologia OTF. La tecnologia brevettata consente alla molla del grilletto di essere a riposo sia in posizione aperta che chiusa, riducendo drasticamente l&#8217;usura dei meccanismi di sparo interni. La maniglia del telaio sagomato offre una sensazione pi\u00f9 leggera ed ergonomica ed \u00e8 dotata di una superficie liscia e piatta. Il Microtech Ultratech \u00e8 il primo coltello automatico OTF (dalla parte anteriore) realizzato da Microtech Knives. Presenta una lama da 3,4&#8243; con una variet\u00e0 di finiture e stili di lama. L&#8217;Ultratech \u00e8 dotato di un manico liscio in alluminio 6061-T6 anodizzato da 5&#8243; con clip da tasca, rompi-vetro e hardware in acciaio inossidabile. Pollice scorrevole a doppia azione per accensione e retrazione automatica.<\/p>\n<p>Lunghezza totale: 21 centimetri<br \/>\nLama: <span id=\"cwos\" class=\"qv3Wpe\">8,5<\/span> cm, nera, Tanto, completamente seghettata<br \/>\nManiglia: alluminio verde OD<br \/>\nPeso: 3,6 once<\/p>\n<p>Acciaio: M390<br \/>\nApertura: cursore del pollice<br \/>\nTipo: OTF doppia azione, automatico<br \/>\nFabbricato negli Usa<br \/>\nModello: 123-3OD<\/p>\n<p>&nbsp;<\/p>\n<p><iframe title=\"Microtech Combat Troodon Torture Test\" width=\"800\" height=\"450\" src=\"https:\/\/www.youtube.com\/embed\/xE9TeOFYEjg?feature=oembed\" frameborder=\"0\" allow=\"accelerometer; autoplay; clipboard-write; encrypted-media; gyroscope; picture-in-picture; web-share\" allowfullscreen><\/iframe><\/p>\n<p>&nbsp;<\/p>\n","protected":false},"excerpt":{"rendered":"<div class=\"elementor-element elementor-element-bbb542b elementor-widget elementor-widget-woocommerce-product-short-description\" data-id=\"bbb542b\" data-element_type=\"widget\" data-widget_type=\"woocommerce-product-short-description.default\">\n<div class=\"elementor-widget-container\">\n<div class=\"woocommerce-product-details__short-description\">\n<p><strong>Nel corso degli anni, Microtech\u00ae Knives ha riempito i coltelli con passione e competenza per creare quasi opere d&#8217;arte che sono l&#8217;apice della funzionalit\u00e0. Tutte le parti sono prodotte negli Stati Uniti.<\/strong><br \/>\n<strong>Tutti i coltelli Microtech sono coperti da una garanzia a vita.<\/strong><\/p>\n<p><strong>Trasporto gratuito.<\/strong><\/p>\n<\/div>\n<\/div>\n<\/div>\n","protected":false},"featured_media":321108,"comment_status":"open","ping_status":"closed","template":"","meta":[],"pwb-brand":[3753],"product_brand":[],"product_cat":[3745,3748],"product_tag":[3755],"class_list":{"0":"post-321093","1":"product","2":"type-product","3":"status-publish","4":"has-post-thumbnail","6":"pwb-brand-microtecnologia-it","7":"product_cat-coltelli","8":"product_cat-coltelli-da-tiro","9":"product_tag-b2b-it","11":"first","12":"instock","13":"taxable","14":"shipping-taxable","15":"purchasable","16":"product-type-simple"},"brands":[{"id":3753,"name":"Microtecnologia","slug":"microtecnologia-it"}],"_links":{"self":[{"href":"https:\/\/www.moskito.cz\/it\/wp-json\/wp\/v2\/product\/321093","targetHints":{"allow":["GET"]}}],"collection":[{"href":"https:\/\/www.moskito.cz\/it\/wp-json\/wp\/v2\/product"}],"about":[{"href":"https:\/\/www.moskito.cz\/it\/wp-json\/wp\/v2\/types\/product"}],"replies":[{"embeddable":true,"href":"https:\/\/www.moskito.cz\/it\/wp-json\/wp\/v2\/comments?post=321093"}],"wp:featuredmedia":[{"embeddable":true,"href":"https:\/\/www.moskito.cz\/it\/wp-json\/wp\/v2\/media\/321108"}],"wp:attachment":[{"href":"https:\/\/www.moskito.cz\/it\/wp-json\/wp\/v2\/media?parent=321093"}],"wp:term":[{"taxonomy":"pwb-brand","embeddable":true,"href":"https:\/\/www.moskito.cz\/it\/wp-json\/wp\/v2\/pwb-brand?post=321093"},{"taxonomy":"product_brand","embeddable":true,"href":"https:\/\/www.moskito.cz\/it\/wp-json\/wp\/v2\/product_brand?post=321093"},{"taxonomy":"product_cat","embeddable":true,"href":"https:\/\/www.moskito.cz\/it\/wp-json\/wp\/v2\/product_cat?post=321093"},{"taxonomy":"product_tag","embeddable":true,"href":"https:\/\/www.moskito.cz\/it\/wp-json\/wp\/v2\/product_tag?post=321093"}],"curies":[{"name":"wp","href":"https:\/\/api.w.org\/{rel}","templated":true}]}}