{"id":321109,"date":"2023-10-11T13:15:50","date_gmt":"2024-03-19T17:32:21","guid":{"rendered":"https:\/\/www.moskito.cz\/produkt\/coltello-da-tiro-microtech-makora-206-1tbis\/"},"modified":"2025-05-07T11:06:11","modified_gmt":"2025-05-07T10:06:11","slug":"coltello-da-tiro-microtech-makora-206-1tbis","status":"publish","type":"product","link":"https:\/\/www.moskito.cz\/it\/produkt\/coltello-da-tiro-microtech-makora-206-1tbis\/","title":{"rendered":"Coltello da tiro Microtech Makora 206-1TBIS"},"content":{"rendered":"<p>Coltello da tiro <strong>Microtech<\/strong> Makora 206-1TBIS<\/p>\n<p>Il concetto Makora si \u00e8 evoluto dal famoso design Microtech Ultratech . \u00c8 stato testato nella pratica e provato per diversi anni. Questo design include molte funzionalit\u00e0 richieste e specificate dagli utenti che preferiscono questo strumento altamente efficace rispetto a qualsiasi altro. La molla Makora rimane sempre nella posizione di &#8220;riposo&#8221;, tranne quando \u00e8 estesa. Nessuna fatica sulla molla compressa quando il coltello non \u00e8 in uso, questo d\u00e0 agli utenti la sicurezza e la certezza che quando viene premuto il rilascio, il coltello funzioner\u00e0. Altre caratteristiche includono apertura e chiusura rapide ed efficienti con una sola mano, lama in acciaio di alta qualit\u00e0, clip da tasca a doppia faccia e viti antimanomissione.<\/p>\n<p>Specifiche<br \/>\nLunghezza lama: 8,25 cm<br \/>\nTagliente: 7,81 cm<br \/>\nLunghezza da chiuso: 12,81 cm<br \/>\nLunghezza totale: 21,3 cm<br \/>\nAcciaio: M390<br \/>\nSpessore lama: 0,31 cm<br \/>\nStile della lama: pugnale a doppio taglio<br \/>\nAffilatura della lama: piatta<br \/>\nFinitura lama: nera<br \/>\nMateriale impugnatura: alluminio aeronautico nero con inserti di trazione neri<br \/>\nSpessore manico: 1,38 cm<br \/>\nMeccanismo di chiusura: scorrevole<br \/>\nClip da tasca: Titanio (pieghevole, usura destra\/sinistra)<br \/>\nPeso: 3,32 once.<br \/>\nProgettista: Tony Marfione<br \/>\nNichel-boro interno<br \/>\nFabbricato negli Usa<\/p>\n<p><iframe title=\"Microtech Combat Troodon Torture Test\" width=\"800\" height=\"450\" src=\"https:\/\/www.youtube.com\/embed\/xE9TeOFYEjg?feature=oembed\" frameborder=\"0\" allow=\"accelerometer; autoplay; clipboard-write; encrypted-media; gyroscope; picture-in-picture; web-share\" allowfullscreen><\/iframe><\/p>\n<p>&nbsp;<\/p>\n","protected":false},"excerpt":{"rendered":"<div class=\"elementor-element elementor-element-bbb542b elementor-widget elementor-widget-woocommerce-product-short-description\" data-id=\"bbb542b\" data-element_type=\"widget\" data-widget_type=\"woocommerce-product-short-description.default\">\n<div class=\"elementor-widget-container\">\n<div class=\"woocommerce-product-details__short-description\">\n<p><strong>Nel corso degli anni, Microtech\u00ae Knives ha riempito i coltelli con passione e competenza per creare quasi opere d&#8217;arte che sono l&#8217;apice della funzionalit\u00e0. Tutte le parti sono prodotte negli Stati Uniti.<\/strong><br \/>\n<strong>Tutti i coltelli Microtech sono garantiti a vita (min. 80.000 cicli, apertura e chiusura)<\/strong><\/p>\n<p><strong>Trasporto gratuito.<\/strong><\/p>\n<\/div>\n<\/div>\n<\/div>\n","protected":false},"featured_media":321115,"comment_status":"open","ping_status":"closed","template":"","meta":[],"pwb-brand":[3753],"product_brand":[],"product_cat":[3745,3748],"product_tag":[3755],"class_list":{"0":"post-321109","1":"product","2":"type-product","3":"status-publish","4":"has-post-thumbnail","6":"pwb-brand-microtecnologia-it","7":"product_cat-coltelli","8":"product_cat-coltelli-da-tiro","9":"product_tag-b2b-it","11":"first","12":"instock","13":"taxable","14":"shipping-taxable","15":"purchasable","16":"product-type-simple"},"brands":[{"id":3753,"name":"Microtecnologia","slug":"microtecnologia-it"}],"_links":{"self":[{"href":"https:\/\/www.moskito.cz\/it\/wp-json\/wp\/v2\/product\/321109","targetHints":{"allow":["GET"]}}],"collection":[{"href":"https:\/\/www.moskito.cz\/it\/wp-json\/wp\/v2\/product"}],"about":[{"href":"https:\/\/www.moskito.cz\/it\/wp-json\/wp\/v2\/types\/product"}],"replies":[{"embeddable":true,"href":"https:\/\/www.moskito.cz\/it\/wp-json\/wp\/v2\/comments?post=321109"}],"wp:featuredmedia":[{"embeddable":true,"href":"https:\/\/www.moskito.cz\/it\/wp-json\/wp\/v2\/media\/321115"}],"wp:attachment":[{"href":"https:\/\/www.moskito.cz\/it\/wp-json\/wp\/v2\/media?parent=321109"}],"wp:term":[{"taxonomy":"pwb-brand","embeddable":true,"href":"https:\/\/www.moskito.cz\/it\/wp-json\/wp\/v2\/pwb-brand?post=321109"},{"taxonomy":"product_brand","embeddable":true,"href":"https:\/\/www.moskito.cz\/it\/wp-json\/wp\/v2\/product_brand?post=321109"},{"taxonomy":"product_cat","embeddable":true,"href":"https:\/\/www.moskito.cz\/it\/wp-json\/wp\/v2\/product_cat?post=321109"},{"taxonomy":"product_tag","embeddable":true,"href":"https:\/\/www.moskito.cz\/it\/wp-json\/wp\/v2\/product_tag?post=321109"}],"curies":[{"name":"wp","href":"https:\/\/api.w.org\/{rel}","templated":true}]}}