{"id":321186,"date":"2023-10-17T19:59:56","date_gmt":"2024-03-19T17:32:26","guid":{"rendered":"https:\/\/www.moskito.cz\/produkt\/coltello-da-tiro-microtech-utx-70-bounty-hunter-apocalyptic-149-10bh\/"},"modified":"2025-05-07T11:06:15","modified_gmt":"2025-05-07T10:06:15","slug":"coltello-da-tiro-microtech-utx-70-bounty-hunter-apocalyptic-149-10bh","status":"publish","type":"product","link":"https:\/\/www.moskito.cz\/it\/produkt\/coltello-da-tiro-microtech-utx-70-bounty-hunter-apocalyptic-149-10bh\/","title":{"rendered":"Coltello da tiro Microtech UTX-70 Bounty Hunter Apocalyptic 149-10BH"},"content":{"rendered":"<p>Coltello da tiro <strong>Microtech<\/strong> UTX-70 Bounty Hunter Apocalyptic 149-10BH<\/p>\n<p><strong>L&#8217;UTX-70<\/strong> \u00e8 la combinazione perfetta di dimensioni compatte e grandi prestazioni. Con dimensioni pari al 70%, UltratechUTX-70 \u00e8 realizzato con gli stessi materiali, sulle stesse macchine e con la stessa ingegnosit\u00e0 del suo predecessore. <strong>L&#8217;UTX-70<\/strong> \u00e8 il coltello perfetto per tutte le situazioni, qualunque sia il tuo compito di taglio, si adatter\u00e0 perfettamente al tuo stile di vita. Grazie all&#8217;apertura e chiusura rapida con una sola mano, il lavoro viene svolto in pochi secondi. Questa versione ha una lama apocalittica collassata scura e un manico verde apocalittico con hardware rosso, dando a questo modello il soprannome di Bounty Hunter aka Boba Fett. Ha anche un bellissimo logo Mythosaur sulla clip da tasca che era il simbolo del teschio dei Veri Mandaloriani. Dotato di una clip da tasca a doppia faccia e di dimensioni compatte, \u00e8 la scelta perfetta per l&#8217;uso e il trasporto quotidiano.<\/p>\n<p>Specifiche<br \/>\nAzione: doppia azione: fuoco automatico\/ritrazione automatica<br \/>\nLunghezza lama: 6 cm<br \/>\nStile lama: Tanto<br \/>\nTelaio: rivestimento duro in lega Mil-Spec 6061-T6 AL anodizzato, verde apocalittico<br \/>\nSpessore manico: 0,77 cm<br \/>\nLunghezza da chiuso: 8 cm<br \/>\nLunghezza totale: 14 cm<br \/>\nClip da tasca: acciaio inossidabile 301 completamente duro<br \/>\nTomaia standard: lega AL 6061-T6<br \/>\nGrilletto: acciaio inossidabile 303<br \/>\nPeso: 1,2 once<br \/>\nAcciaio: M390<br \/>\nFabbricato negli Usa<\/p>\n","protected":false},"excerpt":{"rendered":"<p><strong>Nel corso degli anni Microtech\u00ae Knives ha riempito i coltelli di passione e maestria fino a creare quasi opere d&#8217;arte che sono l&#8217;apice della funzionalit\u00e0. Tutte le parti sono prodotte negli Stati Uniti. Tutte le parti sono prodotte negli Stati Uniti.<\/strong><br \/>\n<strong>Tutti i coltelli Microtech sono coperti da una garanzia a vita.<\/strong><\/p>\n<p><strong>Trasporto gratuito.<\/strong><\/p>\n","protected":false},"featured_media":321199,"comment_status":"open","ping_status":"closed","template":"","meta":[],"pwb-brand":[3753],"product_brand":[],"product_cat":[3748,3745],"product_tag":[3755],"class_list":{"0":"post-321186","1":"product","2":"type-product","3":"status-publish","4":"has-post-thumbnail","6":"pwb-brand-microtecnologia-it","7":"product_cat-coltelli-da-tiro","8":"product_cat-coltelli","9":"product_tag-b2b-it","11":"first","12":"outofstock","13":"taxable","14":"shipping-taxable","15":"purchasable","16":"product-type-simple"},"brands":[{"id":3753,"name":"Microtecnologia","slug":"microtecnologia-it"}],"_links":{"self":[{"href":"https:\/\/www.moskito.cz\/it\/wp-json\/wp\/v2\/product\/321186","targetHints":{"allow":["GET"]}}],"collection":[{"href":"https:\/\/www.moskito.cz\/it\/wp-json\/wp\/v2\/product"}],"about":[{"href":"https:\/\/www.moskito.cz\/it\/wp-json\/wp\/v2\/types\/product"}],"replies":[{"embeddable":true,"href":"https:\/\/www.moskito.cz\/it\/wp-json\/wp\/v2\/comments?post=321186"}],"wp:featuredmedia":[{"embeddable":true,"href":"https:\/\/www.moskito.cz\/it\/wp-json\/wp\/v2\/media\/321199"}],"wp:attachment":[{"href":"https:\/\/www.moskito.cz\/it\/wp-json\/wp\/v2\/media?parent=321186"}],"wp:term":[{"taxonomy":"pwb-brand","embeddable":true,"href":"https:\/\/www.moskito.cz\/it\/wp-json\/wp\/v2\/pwb-brand?post=321186"},{"taxonomy":"product_brand","embeddable":true,"href":"https:\/\/www.moskito.cz\/it\/wp-json\/wp\/v2\/product_brand?post=321186"},{"taxonomy":"product_cat","embeddable":true,"href":"https:\/\/www.moskito.cz\/it\/wp-json\/wp\/v2\/product_cat?post=321186"},{"taxonomy":"product_tag","embeddable":true,"href":"https:\/\/www.moskito.cz\/it\/wp-json\/wp\/v2\/product_tag?post=321186"}],"curies":[{"name":"wp","href":"https:\/\/api.w.org\/{rel}","templated":true}]}}