{"id":321311,"date":"2023-09-13T18:25:11","date_gmt":"2024-03-19T17:33:06","guid":{"rendered":"https:\/\/www.moskito.cz\/produkt\/coltello-da-tiro-microtech-utx-85-cerakote-od-green-232-1cod\/"},"modified":"2025-05-07T11:06:21","modified_gmt":"2025-05-07T10:06:21","slug":"coltello-da-tiro-microtech-utx-85-cerakote-od-green-232-1cod","status":"publish","type":"product","link":"https:\/\/www.moskito.cz\/it\/produkt\/coltello-da-tiro-microtech-utx-85-cerakote-od-green-232-1cod\/","title":{"rendered":"Coltello da tiro Microtech UTX-85 Cerakote OD Green 232-1COD"},"content":{"rendered":"<p>Coltello da tiro <strong>Microtech<\/strong> UTX-85 Cerakote OD Green 232-1COD<\/p>\n<p>Microtech ha aggiornato e migliorato il modello UTX-85. Presenta un&#8217;ergonomia migliorata, superfici della maniglia arrotondate e toppe scanalate sui lati per garantire un&#8217;ottima presa. Il pulsante di accensione \u00e8 stato riprogettato per aumentare la superficie di contatto per un impegno efficace, e il rompivetro ha una punta sferica incorporata nella base a triangolo per migliorarne l&#8217;usura quotidiana. L&#8217;UTX-85 si basa sulla piattaforma Ultratech ed \u00e8 ridotto all&#8217;85% della sua lunghezza. L&#8217;UTX-85 \u00e8 una scelta interessante per coloro che preferiscono un coltello EDC pi\u00f9 piccolo e apprezzano l&#8217;azione frontale ad alte prestazioni <strong>di Microtech<\/strong> e l&#8217;eccezionale qualit\u00e0 costruttiva.<\/p>\n<p>Questo modello \u00e8 dotato di una bilancia con manico in alluminio Cerakote OD Green. Lama del pugnale verde OD in acciaio inossidabile M390 con rivestimento Cerakote. Hardware Cerakote finito, clip da tasca e punta per rompere il vetro. La clip da tasca riporta il logo dell&#8217;artiglio Microtech, il numero di serie e la data di produzione.<\/p>\n<p>Paese di origine: Stati Uniti<br \/>\nLunghezza lama: 8 cm<br \/>\nLunghezza totale: 19 cm<br \/>\nMateriale manico: alluminio<br \/>\nMateriale lama: M390<br \/>\nStile della lama: pugnale a doppio taglio<br \/>\nTrattamento superficiale della lama: Cerakote<br \/>\nTipo di bordo: standard<br \/>\nModello\/modello: UTX-85<br \/>\nTipo di coltello: OTF automatico a doppia azione<br \/>\nTipo di blocco: anteriore<\/p>\n<p><iframe title=\"Microtech Combat Troodon Torture Test\" width=\"800\" height=\"450\" src=\"https:\/\/www.youtube.com\/embed\/xE9TeOFYEjg?feature=oembed\" frameborder=\"0\" allow=\"accelerometer; autoplay; clipboard-write; encrypted-media; gyroscope; picture-in-picture; web-share\" allowfullscreen><\/iframe><\/p>\n<p>&nbsp;<\/p>\n","protected":false},"excerpt":{"rendered":"<p><strong>Nel corso degli anni Microtech\u00ae Knives ha riempito i coltelli di passione e maestria fino a creare quasi opere d&#8217;arte che sono l&#8217;apice della funzionalit\u00e0. Tutte le parti sono prodotte negli Stati Uniti.<\/strong><br \/>\n<strong>Tutti i coltelli Microtech sono coperti da una garanzia a vita.<\/strong><\/p>\n<p><strong>Trasporto gratuito<\/strong><\/p>\n","protected":false},"featured_media":321324,"comment_status":"open","ping_status":"closed","template":"","meta":[],"pwb-brand":[3753],"product_brand":[],"product_cat":[3745,3748],"product_tag":[3755],"class_list":{"0":"post-321311","1":"product","2":"type-product","3":"status-publish","4":"has-post-thumbnail","6":"pwb-brand-microtecnologia-it","7":"product_cat-coltelli","8":"product_cat-coltelli-da-tiro","9":"product_tag-b2b-it","11":"first","12":"outofstock","13":"taxable","14":"shipping-taxable","15":"purchasable","16":"product-type-simple"},"brands":[{"id":3753,"name":"Microtecnologia","slug":"microtecnologia-it"}],"_links":{"self":[{"href":"https:\/\/www.moskito.cz\/it\/wp-json\/wp\/v2\/product\/321311","targetHints":{"allow":["GET"]}}],"collection":[{"href":"https:\/\/www.moskito.cz\/it\/wp-json\/wp\/v2\/product"}],"about":[{"href":"https:\/\/www.moskito.cz\/it\/wp-json\/wp\/v2\/types\/product"}],"replies":[{"embeddable":true,"href":"https:\/\/www.moskito.cz\/it\/wp-json\/wp\/v2\/comments?post=321311"}],"wp:featuredmedia":[{"embeddable":true,"href":"https:\/\/www.moskito.cz\/it\/wp-json\/wp\/v2\/media\/321324"}],"wp:attachment":[{"href":"https:\/\/www.moskito.cz\/it\/wp-json\/wp\/v2\/media?parent=321311"}],"wp:term":[{"taxonomy":"pwb-brand","embeddable":true,"href":"https:\/\/www.moskito.cz\/it\/wp-json\/wp\/v2\/pwb-brand?post=321311"},{"taxonomy":"product_brand","embeddable":true,"href":"https:\/\/www.moskito.cz\/it\/wp-json\/wp\/v2\/product_brand?post=321311"},{"taxonomy":"product_cat","embeddable":true,"href":"https:\/\/www.moskito.cz\/it\/wp-json\/wp\/v2\/product_cat?post=321311"},{"taxonomy":"product_tag","embeddable":true,"href":"https:\/\/www.moskito.cz\/it\/wp-json\/wp\/v2\/product_tag?post=321311"}],"curies":[{"name":"wp","href":"https:\/\/api.w.org\/{rel}","templated":true}]}}