{"id":321368,"date":"2023-10-10T13:35:15","date_gmt":"2024-03-19T17:33:09","guid":{"rendered":"https:\/\/www.moskito.cz\/produkt\/coltello-da-tiro-microtech-utx-70-bounty-hunter-stonewashed-hellhound-419-10bh\/"},"modified":"2025-05-07T11:06:22","modified_gmt":"2025-05-07T10:06:22","slug":"coltello-da-tiro-microtech-utx-70-bounty-hunter-stonewashed-hellhound-419-10bh","status":"publish","type":"product","link":"https:\/\/www.moskito.cz\/it\/produkt\/coltello-da-tiro-microtech-utx-70-bounty-hunter-stonewashed-hellhound-419-10bh\/","title":{"rendered":"Coltello da tiro Microtech UTX-70 Bounty Hunter Stonewashed Hellhound 419-10BH"},"content":{"rendered":"<p>Coltello da tiro <strong>Microtech<\/strong> UTX-70 Bounty Hunter Stonewashed Hellhound 419-10BH<\/p>\n<p><strong>L&#8217;UTX-70<\/strong> \u00e8 la combinazione perfetta di dimensioni compatte e grandi prestazioni. Con dimensioni Ultratech al 70% <strong>, l&#8217;UTX-70<\/strong> \u00e8 realizzato con gli stessi materiali, sulle stesse macchine e con la stessa ingegnosit\u00e0 del suo predecessore. L&#8217;UTX-70 \u00e8 il coltello perfetto per tutte le situazioni, qualunque sia il tuo compito di taglio, si adatter\u00e0 perfettamente al tuo stile di vita. Grazie all&#8217;apertura e chiusura rapida con una sola mano, il lavoro viene svolto in pochi secondi. Questa versione ha una lama apocalittica collassata scura e un manico verde apocalittico con hardware rosso, dando a questo modello il soprannome di Bounty Hunter aka Boba Fett. Ha anche un bellissimo logo Mythosaur sulla clip da tasca che era il simbolo del teschio dei Veri Mandaloriani. Dotato di una clip da tasca a doppia faccia e di dimensioni compatte, \u00e8 la scelta perfetta per l&#8217;uso e il trasporto quotidiano.<br \/>\nSpecifiche:<\/p>\n<p>Azione: doppia azione: fuoco automatico\/ritrazione automatica<br \/>\nLama: Spessore: <span id=\"cwos\" class=\"qv3Wpe\">0,2<\/span> cm<br \/>\nLunghezza lama: 6 cm<br \/>\nStile della lama: Mastino Infernale Tanto<br \/>\nTelaio: lega AL 6061-T6, rivestimento duro Mil-Spec verde apocalittico anodizzato<br \/>\nSpessore manico: 0,77 cm<br \/>\nLunghezza da chiuso: 8 cm<br \/>\nLunghezza totale: 14 cm<br \/>\nClip da tasca: acciaio inossidabile 301 completamente duro<br \/>\nTomaia standard: lega AL 6061-T6<br \/>\nGrilletto: acciaio inossidabile 303<br \/>\nPeso: 1,2 once<br \/>\nFabbricato negli Usa<\/p>\n<p><iframe title=\"Microtech Combat Troodon Torture Test\" width=\"800\" height=\"450\" src=\"https:\/\/www.youtube.com\/embed\/xE9TeOFYEjg?feature=oembed\" frameborder=\"0\" allow=\"accelerometer; autoplay; clipboard-write; encrypted-media; gyroscope; picture-in-picture; web-share\" allowfullscreen><\/iframe><\/p>\n<p>&nbsp;<\/p>\n","protected":false},"excerpt":{"rendered":"<p><strong>Negli anni Microtech\u00ae Knives ha riempito la coltelleria di passione e competenza,<\/strong><br \/>\n<strong>fino a quando non ne ha creato quasi delle opere d&#8217;arte, che sono l&#8217;apice della funzionalit\u00e0. Tutte le parti sono prodotte negli Stati Uniti.<\/strong><br \/>\n<strong>Tutti i coltelli Microtech sono coperti da una garanzia a vita.<\/strong><\/p>\n<p><strong>Trasporto gratuito.<\/strong><\/p>\n","protected":false},"featured_media":321379,"comment_status":"open","ping_status":"closed","template":"","meta":[],"pwb-brand":[3753],"product_brand":[],"product_cat":[3745,3748],"product_tag":[3755],"class_list":{"0":"post-321368","1":"product","2":"type-product","3":"status-publish","4":"has-post-thumbnail","6":"pwb-brand-microtecnologia-it","7":"product_cat-coltelli","8":"product_cat-coltelli-da-tiro","9":"product_tag-b2b-it","11":"first","12":"outofstock","13":"taxable","14":"shipping-taxable","15":"purchasable","16":"product-type-simple"},"brands":[{"id":3753,"name":"Microtecnologia","slug":"microtecnologia-it"}],"_links":{"self":[{"href":"https:\/\/www.moskito.cz\/it\/wp-json\/wp\/v2\/product\/321368","targetHints":{"allow":["GET"]}}],"collection":[{"href":"https:\/\/www.moskito.cz\/it\/wp-json\/wp\/v2\/product"}],"about":[{"href":"https:\/\/www.moskito.cz\/it\/wp-json\/wp\/v2\/types\/product"}],"replies":[{"embeddable":true,"href":"https:\/\/www.moskito.cz\/it\/wp-json\/wp\/v2\/comments?post=321368"}],"wp:featuredmedia":[{"embeddable":true,"href":"https:\/\/www.moskito.cz\/it\/wp-json\/wp\/v2\/media\/321379"}],"wp:attachment":[{"href":"https:\/\/www.moskito.cz\/it\/wp-json\/wp\/v2\/media?parent=321368"}],"wp:term":[{"taxonomy":"pwb-brand","embeddable":true,"href":"https:\/\/www.moskito.cz\/it\/wp-json\/wp\/v2\/pwb-brand?post=321368"},{"taxonomy":"product_brand","embeddable":true,"href":"https:\/\/www.moskito.cz\/it\/wp-json\/wp\/v2\/product_brand?post=321368"},{"taxonomy":"product_cat","embeddable":true,"href":"https:\/\/www.moskito.cz\/it\/wp-json\/wp\/v2\/product_cat?post=321368"},{"taxonomy":"product_tag","embeddable":true,"href":"https:\/\/www.moskito.cz\/it\/wp-json\/wp\/v2\/product_tag?post=321368"}],"curies":[{"name":"wp","href":"https:\/\/api.w.org\/{rel}","templated":true}]}}