{"id":321692,"date":"2024-03-19T20:21:31","date_gmt":"2024-03-19T19:24:57","guid":{"rendered":"https:\/\/www.moskito.cz\/produkt\/coltello-pieghevole-pro-tech-mordax-blade-show-texas-n-31-di-100\/"},"modified":"2025-05-07T11:06:30","modified_gmt":"2025-05-07T10:06:30","slug":"coltello-pieghevole-pro-tech-mordax-blade-show-texas-n-31-di-100","status":"publish","type":"product","link":"https:\/\/www.moskito.cz\/it\/produkt\/coltello-pieghevole-pro-tech-mordax-blade-show-texas-n-31-di-100\/","title":{"rendered":"Coltello pieghevole Pro-Tech Mordax-Blade Show Texas n. 31 di 100"},"content":{"rendered":"<p>Coltello pieghevole <strong>Pro-Tech Mordax<\/strong> -Blade Show Texas n. 31 di 100<\/p>\n<p><strong>Questo coltello \u00e8 stato realizzato solo per lo spettacolo del Texas con il numero di serie 31 di 100.<\/strong><\/p>\n<p>Questo Mordax di Pro-Tech presenta un design Ferrum Forge e presenta una lama drop point nera. La maniglia ha un telaio in alluminio nero fresato con punta in acciaio inossidabile nero. Bottone a mosaico.<\/p>\n<p>Coltelli Pro-Tech<br \/>\nL&#8217;arte dell&#8217;eccellenza manifatturiera moderna incontra l&#8217;artigianato del vecchio mondo. Pro-Tech Knives, LLC \u00e8 un&#8217;azienda di coltelli a conduzione familiare che produce coltelli di alta qualit\u00e0 di fabbricazione americana dal 1998. Ogni coltello Pro-Tech \u00e8 una miscela dei migliori materiali disponibili e un impegno per l&#8217;artigianato. I nostri coltelli sono realizzati utilizzando processi di produzione all&#8217;avanguardia che includono; Lavorazione CNC, elettroerosione a filo, taglio laser, ecc. I componenti high-tech sono assemblati e assemblati a mano da artigiani e donne dedicati e premurosi qui nella nostra fabbrica. Fatto in America! Pro-Tech produce alcuni dei migliori coltelli al mondo proprio qui nei cari vecchi Stati Uniti. La maggior parte dei componenti di ciascun coltello sono prodotti internamente presso Pro-Tech. Iniziamo con barre di alluminio, billette di Damasco forgiate a mano, lamiere di acciaio e titanio. Queste materie prime di prima qualit\u00e0 vengono accuratamente lavorate, rettificate, sbavate, rifinite, assemblate, levigate, ispezionate e confezionate proprio qui sotto lo stesso tetto. Produciamo piccoli lotti dei nostri coltelli in modo da poterci prendere il tempo per personalizzare individualmente a mano e rifinire ogni coltello a un livello raramente visto nei coltelli di fabbrica. I nostri modelli di coltelli di produzione offrono il miglior design, funzionalit\u00e0 e valore di qualsiasi coltello oggi sul mercato. I nostri coltelli artistici personalizzati sono opere d&#8217;arte uniche. Ciascuno dei nostri coltelli personalizzati in edizione limitata esemplifica un patrimonio di qualit\u00e0. Non importa quale dei nostri coltelli sceglierai, siamo sicuri che sarai molto soddisfatto del tuo acquisto.<\/p>\n<p>Peso 3,60 once<br \/>\nLunghezza totale: 21 centimetri<\/p>\n<p>Lunghezza lama: 8,75 cm<\/p>\n<p>Finitura superficiale della lama: rivestimento DLC<\/p>\n<p>Materiale lama: Magnacut<\/p>\n<p>Materiale manico: alluminio 6061-T6<\/p>\n<p>Colore manico: nero<\/p>\n<p>Utente: mano destra<\/p>\n<p>Clip da tasca: ribaltabile<\/p>\n<p>Tipo di coltello: manuale<\/p>\n<p><iframe title=\"Meet Pro-Tech Knives\" width=\"800\" height=\"450\" src=\"https:\/\/www.youtube.com\/embed\/0TueVbHVDY4?feature=oembed\" frameborder=\"0\" allow=\"accelerometer; autoplay; clipboard-write; encrypted-media; gyroscope; picture-in-picture; web-share\" allowfullscreen><\/iframe><\/p>\n<p>&nbsp;<\/p>\n","protected":false},"excerpt":{"rendered":"<p><strong>I nostri modelli di coltelli di produzione offrono il miglior design, funzionalit\u00e0 e valore di qualsiasi coltello oggi sul mercato. I nostri coltelli artistici personalizzati sono opere d&#8217;arte uniche. Ciascuno dei nostri coltelli personalizzati in edizione limitata esemplifica un patrimonio di qualit\u00e0. Non importa quale dei nostri coltelli sceglierai, siamo sicuri che sarai molto soddisfatto del tuo acquisto.<\/strong><\/p>\n<p><strong>Grazie per il tuo interesse per i nostri coltelli di qualit\u00e0.<\/strong><\/p>\n<p>Trasporto gratuito.<\/p>\n","protected":false},"featured_media":321653,"comment_status":"open","ping_status":"closed","template":"","meta":[],"pwb-brand":[3821],"product_brand":[],"product_cat":[3745,3749],"product_tag":[3755],"class_list":{"0":"post-321692","1":"product","2":"type-product","3":"status-publish","4":"has-post-thumbnail","6":"pwb-brand-per-la-tecnologia","7":"product_cat-coltelli","8":"product_cat-coltelli-di-chiusura","9":"product_tag-b2b-it","11":"first","12":"outofstock","13":"taxable","14":"shipping-taxable","15":"purchasable","16":"product-type-simple"},"brands":[{"id":3821,"name":"Per la tecnologia","slug":"per-la-tecnologia"}],"_links":{"self":[{"href":"https:\/\/www.moskito.cz\/it\/wp-json\/wp\/v2\/product\/321692","targetHints":{"allow":["GET"]}}],"collection":[{"href":"https:\/\/www.moskito.cz\/it\/wp-json\/wp\/v2\/product"}],"about":[{"href":"https:\/\/www.moskito.cz\/it\/wp-json\/wp\/v2\/types\/product"}],"replies":[{"embeddable":true,"href":"https:\/\/www.moskito.cz\/it\/wp-json\/wp\/v2\/comments?post=321692"}],"wp:featuredmedia":[{"embeddable":true,"href":"https:\/\/www.moskito.cz\/it\/wp-json\/wp\/v2\/media\/321653"}],"wp:attachment":[{"href":"https:\/\/www.moskito.cz\/it\/wp-json\/wp\/v2\/media?parent=321692"}],"wp:term":[{"taxonomy":"pwb-brand","embeddable":true,"href":"https:\/\/www.moskito.cz\/it\/wp-json\/wp\/v2\/pwb-brand?post=321692"},{"taxonomy":"product_brand","embeddable":true,"href":"https:\/\/www.moskito.cz\/it\/wp-json\/wp\/v2\/product_brand?post=321692"},{"taxonomy":"product_cat","embeddable":true,"href":"https:\/\/www.moskito.cz\/it\/wp-json\/wp\/v2\/product_cat?post=321692"},{"taxonomy":"product_tag","embeddable":true,"href":"https:\/\/www.moskito.cz\/it\/wp-json\/wp\/v2\/product_tag?post=321692"}],"curies":[{"name":"wp","href":"https:\/\/api.w.org\/{rel}","templated":true}]}}