{"id":321864,"date":"2024-03-19T22:06:29","date_gmt":"2024-03-19T21:08:27","guid":{"rendered":"https:\/\/www.moskito.cz\/produkt\/coltello-da-tiro-pro-tech-les-george-rockeye-lg303-d2\/"},"modified":"2025-05-07T11:06:35","modified_gmt":"2025-05-07T10:06:35","slug":"coltello-da-tiro-pro-tech-les-george-rockeye-lg303-d2","status":"publish","type":"product","link":"https:\/\/www.moskito.cz\/it\/produkt\/coltello-da-tiro-pro-tech-les-george-rockeye-lg303-d2\/","title":{"rendered":"Coltello da tiro Pro-Tech Les George Rockeye LG303-D2"},"content":{"rendered":"<p>Coltello da tiro <strong>Pro-Tech<\/strong> Les George Rockeye LG303-D2.<\/p>\n<p>Ogni coltello <strong>Pro-Tech<\/strong> \u00e8 una miscela dei migliori materiali disponibili e un impegno per l&#8217;artigianato. I coltelli <strong>Pro-Tech<\/strong> sono realizzati utilizzando processi di produzione all&#8217;avanguardia che includono; Lavorazione CNC, elettroerosione a filo, taglio laser, ecc. I componenti high-tech vengono assemblati e assemblati a mano da artigiani dedicati e meticolosi presso la loro struttura di Artesia, in California. Producono piccoli lotti dei loro coltelli in modo da potersi prendere il tempo per adattare e rifinire individualmente ogni coltello a mano a un livello raramente visto nei coltelli di fabbrica. I loro modelli di coltelli di produzione offrono il miglior design, funzionalit\u00e0 e valore di qualsiasi coltello oggi sul mercato. I loro coltelli automatici personalizzati sono opere d&#8217;arte uniche. Ciascuno dei coltelli personalizzati in edizione limitata esemplifica un patrimonio di qualit\u00e0. Non importa quale dei loro coltelli sceglierai, siamo sicuri che sarai molto soddisfatto del tuo acquisto.<\/p>\n<p>Pro-Tech Knives \u00e8 orgoglioso di essere la prima scelta delle forze dell&#8217;ordine e dei professionisti militari in tutto il mondo. I coltelli Pro-Tech sono costruiti per durare e durare. Il Rockeye AUTO \u00e8 il risultato di una collaborazione tra Les George e Pro-Tech e come tutti i loro coltelli ha una molla elicoidale dura. L&#8217;LG303-D2 \u00e8 dotato di una lama in acciaio per utensili CPM-D2 con falso cuneo superiore, smussatura del pollice e punta rinforzata per la massima efficienza di penetrazione senza compromettere l&#8217;integrit\u00e0. La finitura DLC nera sulla lama e sul manico \u00e8 estremamente resistente, rendendolo un componente ideale per le operazioni tattiche. La maniglia \u00e8 realizzata in alluminio aeronautico fresato per resistenza e leggerezza. \u00c8 ergonomica, velocissima e semplicemente una straordinaria lama a tutto tondo.<\/p>\n<p>Specifiche<br \/>\nLunghezza lama: 8,42 cm<br \/>\nLunghezza da chiuso: 12,5 cm<br \/>\nLunghezza totale: 21 centimetri<br \/>\nMateriale lama: acciaio per utensili CPM-D2<br \/>\nStile lama: punto di caduta<br \/>\nAffilatura della lama: piatta<br \/>\nFinitura lama: DLC nero<br \/>\nMateriale impugnatura: alluminio T6-6061, nero<br \/>\nMeccanismo di chiusura: pulsante<br \/>\nClip da tasca: acciaio inossidabile nero (pieghevole, usura corretta)<br \/>\nPeso: 4,5 once.<br \/>\nProgettista: Les George<br \/>\nFabbricato negli Usa<\/p>\n<p><iframe title=\"Meet Pro-Tech Knives\" width=\"800\" height=\"450\" src=\"https:\/\/www.youtube.com\/embed\/0TueVbHVDY4?feature=oembed\" frameborder=\"0\" allow=\"accelerometer; autoplay; clipboard-write; encrypted-media; gyroscope; picture-in-picture; web-share\" allowfullscreen><\/iframe><\/p>\n<p>&nbsp;<\/p>\n","protected":false},"excerpt":{"rendered":"<p><strong>I nostri modelli di coltelli di produzione offrono il miglior design, funzionalit\u00e0 e valore di qualsiasi coltello oggi sul mercato. I nostri coltelli artistici personalizzati sono opere d&#8217;arte uniche. Ciascuno dei nostri coltelli personalizzati in edizione limitata esemplifica un patrimonio di qualit\u00e0. Non importa quale dei nostri coltelli sceglierai, siamo sicuri che sarai molto soddisfatto del tuo acquisto.<\/strong><\/p>\n<p><strong>Grazie per il tuo interesse per i nostri coltelli di qualit\u00e0.<\/strong><\/p>\n<p>Trasporto gratuito.<\/p>\n","protected":false},"featured_media":321818,"comment_status":"open","ping_status":"closed","template":"","meta":[],"pwb-brand":[3821],"product_brand":[],"product_cat":[3745,3748],"product_tag":[3755],"class_list":{"0":"post-321864","1":"product","2":"type-product","3":"status-publish","4":"has-post-thumbnail","6":"pwb-brand-per-la-tecnologia","7":"product_cat-coltelli","8":"product_cat-coltelli-da-tiro","9":"product_tag-b2b-it","11":"first","12":"instock","13":"taxable","14":"shipping-taxable","15":"purchasable","16":"product-type-simple"},"brands":[{"id":3821,"name":"Per la tecnologia","slug":"per-la-tecnologia"}],"_links":{"self":[{"href":"https:\/\/www.moskito.cz\/it\/wp-json\/wp\/v2\/product\/321864","targetHints":{"allow":["GET"]}}],"collection":[{"href":"https:\/\/www.moskito.cz\/it\/wp-json\/wp\/v2\/product"}],"about":[{"href":"https:\/\/www.moskito.cz\/it\/wp-json\/wp\/v2\/types\/product"}],"replies":[{"embeddable":true,"href":"https:\/\/www.moskito.cz\/it\/wp-json\/wp\/v2\/comments?post=321864"}],"wp:featuredmedia":[{"embeddable":true,"href":"https:\/\/www.moskito.cz\/it\/wp-json\/wp\/v2\/media\/321818"}],"wp:attachment":[{"href":"https:\/\/www.moskito.cz\/it\/wp-json\/wp\/v2\/media?parent=321864"}],"wp:term":[{"taxonomy":"pwb-brand","embeddable":true,"href":"https:\/\/www.moskito.cz\/it\/wp-json\/wp\/v2\/pwb-brand?post=321864"},{"taxonomy":"product_brand","embeddable":true,"href":"https:\/\/www.moskito.cz\/it\/wp-json\/wp\/v2\/product_brand?post=321864"},{"taxonomy":"product_cat","embeddable":true,"href":"https:\/\/www.moskito.cz\/it\/wp-json\/wp\/v2\/product_cat?post=321864"},{"taxonomy":"product_tag","embeddable":true,"href":"https:\/\/www.moskito.cz\/it\/wp-json\/wp\/v2\/product_tag?post=321864"}],"curies":[{"name":"wp","href":"https:\/\/api.w.org\/{rel}","templated":true}]}}