{"id":322081,"date":"2022-04-26T14:54:00","date_gmt":"2024-03-20T10:21:31","guid":{"rendered":"https:\/\/www.moskito.cz\/produkt\/coltello-da-tiro-beltrame-imitazione-baionetta-in-corno-di-bufalo\/"},"modified":"2025-05-07T11:06:45","modified_gmt":"2025-05-07T10:06:45","slug":"coltello-da-tiro-beltrame-imitazione-baionetta-in-corno-di-bufalo","status":"publish","type":"product","link":"https:\/\/www.moskito.cz\/it\/produkt\/coltello-da-tiro-beltrame-imitazione-baionetta-in-corno-di-bufalo\/","title":{"rendered":"Coltello da tiro Beltrame Imitazione baionetta in corno di bufalo"},"content":{"rendered":"<p>Coltello da tiro <strong>Beltrame<\/strong> Imitazione baionetta in corno di bufalo.<\/p>\n<p>Classico stiletto italiano Imit. Baionetta 28 cm, tradizionale coltello a molla italiano. I coltelli Frank Beltrame Stiletto realizzati a mano secondo i principi dell&#8217;artigianato italiano sono diventati famosi in tutto il mondo per la loro estrema leggerezza e durata. Per le sue caratteristiche, il pugnale italiano \u00e8 adatto all&#8217;utilizzo in qualsiasi ambiente, dalla caccia al campeggio. Costruzione solida e durevole, robusta molla di apertura della lama \u00e8 il segno distintivo delle classiche cinture a molla italiane Frank Beltrame.<\/p>\n<p>Il manico, rivestito con una fodera che imita il corno di bufalo (finto corno), conferisce un aspetto esclusivo. Con una finitura in nichel lucido, offre una presa comoda e sicura. La sicurezza d&#8217;uso \u00e8 esaltata dalla forma ergonomica dell&#8217;impugnatura, che impedisce alla mano di scivolare durante il lavoro. Rivetti in ottone.<\/p>\n<p>Lama &#8211; estremamente affilata con profilo Spear Point, spessore 3,5 mm con falsa lama corta per aumentare le propriet\u00e0 di penetrazione. Realizzato in acciaio inossidabile AISI 420 MA5M facilmente rettificabile, caratterizzato da un&#8217;elevata resistenza alla corrosione. Acciaio temprato 56 HRC. Un tipo di lama comune derivato dalla molatura piana fornisce buone propriet\u00e0 di taglio e penetrazione. La protezione in acciaio protegge la mano da scivolamenti indesiderati e consente alla lama di piegarsi quando viene premuta.<\/p>\n<p>Blocco: impedisce la piegatura o l&#8217;apertura accidentale della lama. L&#8217;apertura del coltello automatico avviene tramite un pulsante fisso situato sull&#8217;impugnatura.<\/p>\n<p>Molla &#8211; particolare attenzione \u00e8 posta al design della molla (acciaio inox): la lama deve essere aperta entro pochi centesimi di secondo (caratteristica dei coltelli Stiletto). Il componente Beltrame produce un suono caratteristico (click) all&#8217;apertura della lama, che lo distingue dagli altri coltelli a molla.<\/p>\n<p>Specifiche:<br \/>\nCodice prodotto: FB 28\/81B<br \/>\nNome: classico pugnale italiano ad ago imitazione corno di bufalo baionetta 28<br \/>\nTipo di acciaio: AISI 420 MA5M<br \/>\nDurezza della lama Rockwell: 56 HRC<br \/>\nLunghezza lama: 12 cm\/4,72&#8243;<br \/>\nSpessore lama: 0,35 cm \/ 1,13 &#8221;<br \/>\nLunghezza totale: 28 cm \/ 11,02&#8243;<br \/>\nPeso: 134 g \/ 4,73 once<br \/>\nLama: liscia<br \/>\nTipo di lama: punta di lancia<br \/>\nBlocco coltello: s\u00ec<br \/>\nTipo di manico: imitazione corno di toro<br \/>\nProduttore: F.LLI Beltrame, Italia<\/p>\n<p>I coltelli Beltrame sono prodotti in Italia dal 1953. L&#8217;azienda \u00e8 stata fondata da Frank Beltram. Il segreto per realizzare questi coltelli Stiletto fa parte della storia di Maniago, che viene tramandata di padre in figlio. Da bambino, Frank aiutava nella fabbrica di suo padre, dove in seguito inizi\u00f2 a lavorare come apprendista di suo padre. Inoltre, ha frequentato una scuola di coltelleria tradizionale, dove ha imparato tutto sui diversi materiali, sulle ultime tecnologie di lavorazione e sui diversi stili di design. Nel 1958 Frank e la sua famiglia iniziarono a produrre coltelli automatici. Un anno dopo la morte del padre di Frank per infarto mentre lavorava in fabbrica, Frank fond\u00f2 l&#8217;azienda Beltrame. Negli anni successivi continua lo studio e la ricerca sui coltelli, sui materiali adatti e sul design. Dopo poco tempo apparvero sul mercato imitazioni economiche provenienti da Taiwan, i tradizionali coltelli Stiletto italiani. Quindi Frank dovette affrontare un nuovo problema. Fortunatamente la qualit\u00e0 di questi coltelli economici parla da sola, ogni collezionista sa che non c&#8217;\u00e8 modo di paragonarli ad un vero pugnale Beltrame. I coltelli Beltrame hanno conquistato il riconoscimento dei clienti pi\u00f9 esigenti del mondo grazie alla passione di Frank per questi coltelli. Nella produzione dei coltelli sfrutta la sua pluriennale esperienza acquisita in tenera et\u00e0. Nel 2005 i coltelli Beltrame hanno ricevuto il certificato di qualit\u00e0 Maniago, con il quale hanno superato gli standard qualitativi europei. Ci\u00f2 significa che questi coltelli vengono testati ogni anno per la qualit\u00e0 dei materiali.<\/p>\n","protected":false},"excerpt":{"rendered":"<p>I coltelli Beltrame sono prodotti in Italia dal 1953. L&#8217;azienda \u00e8 stata fondata da Frank Beltram. Il segreto per realizzare questi coltelli Stiletto fa parte della storia di Maniago, che viene tramandata di padre in figlio.<br \/>\n<strong>Fatto in Italia.<\/strong><\/p>\n","protected":false},"featured_media":322082,"comment_status":"open","ping_status":"closed","template":"","meta":[],"pwb-brand":[3780],"product_brand":[],"product_cat":[3745,3748],"product_tag":[3755],"class_list":{"0":"post-322081","1":"product","2":"type-product","3":"status-publish","4":"has-post-thumbnail","6":"pwb-brand-beltrame-it","7":"product_cat-coltelli","8":"product_cat-coltelli-da-tiro","9":"product_tag-b2b-it","11":"first","12":"outofstock","13":"taxable","14":"shipping-taxable","15":"purchasable","16":"product-type-simple"},"brands":[{"id":3780,"name":"Beltrame","slug":"beltrame-it"}],"_links":{"self":[{"href":"https:\/\/www.moskito.cz\/it\/wp-json\/wp\/v2\/product\/322081","targetHints":{"allow":["GET"]}}],"collection":[{"href":"https:\/\/www.moskito.cz\/it\/wp-json\/wp\/v2\/product"}],"about":[{"href":"https:\/\/www.moskito.cz\/it\/wp-json\/wp\/v2\/types\/product"}],"replies":[{"embeddable":true,"href":"https:\/\/www.moskito.cz\/it\/wp-json\/wp\/v2\/comments?post=322081"}],"wp:featuredmedia":[{"embeddable":true,"href":"https:\/\/www.moskito.cz\/it\/wp-json\/wp\/v2\/media\/322082"}],"wp:attachment":[{"href":"https:\/\/www.moskito.cz\/it\/wp-json\/wp\/v2\/media?parent=322081"}],"wp:term":[{"taxonomy":"pwb-brand","embeddable":true,"href":"https:\/\/www.moskito.cz\/it\/wp-json\/wp\/v2\/pwb-brand?post=322081"},{"taxonomy":"product_brand","embeddable":true,"href":"https:\/\/www.moskito.cz\/it\/wp-json\/wp\/v2\/product_brand?post=322081"},{"taxonomy":"product_cat","embeddable":true,"href":"https:\/\/www.moskito.cz\/it\/wp-json\/wp\/v2\/product_cat?post=322081"},{"taxonomy":"product_tag","embeddable":true,"href":"https:\/\/www.moskito.cz\/it\/wp-json\/wp\/v2\/product_tag?post=322081"}],"curies":[{"name":"wp","href":"https:\/\/api.w.org\/{rel}","templated":true}]}}