{"id":322107,"date":"2022-04-16T15:43:58","date_gmt":"2024-03-20T10:27:49","guid":{"rendered":"https:\/\/www.moskito.cz\/produkt\/coltello-da-tiro-a-baionetta-beltrame-stiletto-in-corno-di-cervo\/"},"modified":"2025-05-07T11:06:46","modified_gmt":"2025-05-07T10:06:46","slug":"coltello-da-tiro-a-baionetta-beltrame-stiletto-in-corno-di-cervo","status":"publish","type":"product","link":"https:\/\/www.moskito.cz\/it\/produkt\/coltello-da-tiro-a-baionetta-beltrame-stiletto-in-corno-di-cervo\/","title":{"rendered":"Coltello pieghevole Beltrame Stiletto Stag Horn Bayonet 23 cm"},"content":{"rendered":"<div class=\"flex-1 overflow-hidden @container\/thread\">\n<div class=\"h-full\">\n<div class=\"react-scroll-to-bottom--css-quzxw-79elbk h-full\">\n<div class=\"react-scroll-to-bottom--css-quzxw-1n7m0yu\">\n<div class=\"flex flex-col text-sm md:pb-9\">\n<article class=\"w-full scroll-mb-[var(--thread-trailing-height,150px)] text-token-text-primary focus-visible:outline-2 focus-visible:outline-offset-[-4px]\" dir=\"auto\" data-testid=\"conversation-turn-53\" data-scroll-anchor=\"true\">\n<div class=\"m-auto text-base py-[18px] px-3 md:px-4 w-full md:px-5 lg:px-4 xl:px-5\">\n<div class=\"mx-auto flex flex-1 gap-4 text-base md:gap-5 lg:gap-6 md:max-w-3xl\">\n<div class=\"group\/conversation-turn relative flex w-full min-w-0 flex-col agent-turn\">\n<div class=\"flex-col gap-1 md:gap-3\">\n<div class=\"flex max-w-full flex-col flex-grow\">\n<div class=\"min-h-8 text-message flex w-full flex-col items-end gap-2 whitespace-normal break-words text-start [.text-message+&amp;]:mt-5\" dir=\"auto\" data-message-author-role=\"assistant\" data-message-id=\"7ad10b18-7fff-4e25-8f39-a6de18e1e608\" data-message-model-slug=\"gpt-4o-mini\">\n<div class=\"flex w-full flex-col gap-1 empty:hidden first:pt-[3px]\">\n<div class=\"markdown prose w-full break-words dark:prose-invert light\">\n<h3 data-pm-slice=\"1 1 []\">\u2694\ufe0f <strong>Coltello a baionetta Beltrame Stiletto in corno di cervo, 23 cm \u2013 Classico dal design naturale<\/strong><\/h3>\n<p><strong>Il coltello chiudibile Beltrame Stiletto Stag Horn Bayonet da 23 cm<\/strong> rappresenta <strong>uno stiletto tradizionale italiano<\/strong> che coniuga <strong>eleganza, qualit\u00e0 e funzionalit\u00e0<\/strong> . L&#8217;impugnatura in vero <strong>corno di cervo<\/strong> conferisce al coltello un aspetto naturale unico, mentre la lama <strong>a baionetta<\/strong> assicura <strong>un taglio preciso e una lunga durata<\/strong> . Questo modello \u00e8 ideale per i collezionisti, ma anche per l&#8217;uso quotidiano.  <\/p>\n<div>\n<hr>\n<\/div>\n<h3>\u2728 <strong>Caratteristiche principali<\/strong><\/h3>\n<p>\ud83d\udd2a <strong>Lama<\/strong> : <strong>acciaio inossidabile 440A<\/strong> : elevata resistenza alla corrosione e facile affilatura.<br \/>\n\ud83d\udccf <strong>Lunghezza lama<\/strong> : <strong>10 cm<\/strong> \u2013 ideale per l&#8217;uso quotidiano.<br \/>\n\ud83d\udcd0 <strong>Lunghezza totale<\/strong> : <strong>23 cm<\/strong> \u2013 compatto ma sufficientemente efficace.<br \/>\n\u2696\ufe0f <strong>Peso<\/strong> : <strong>circa 150 g<\/strong> &#8211; coltello leggero e maneggevole.<br \/>\n\ud83d\udd04 <strong>Meccanismo<\/strong> : <strong>Pop-up con chiusura di sicurezza<\/strong> : apertura istantanea con una sola pressione.<br \/>\n\ud83d\udd17 <strong>Sicurezza<\/strong> : <strong>Sicurezza posteriore<\/strong> &#8211; bloccaggio sicuro della lama.<br \/>\n\ud83c\udf3f <strong>Manico<\/strong> : <strong>corno di cervo<\/strong> &#8211; materiale naturale autentico, ogni pezzo \u00e8 originale.<\/p>\n<div>\n<hr>\n<\/div>\n<h3>\ud83d\udccc <strong>Utilizzo<\/strong><\/h3>\n<p>\u2705 <strong>Oggetto da collezione<\/strong> : design tradizionale italiano e materiali esclusivi.<br \/>\n\u2705 <strong>Elegante coltellino tascabile<\/strong> , adatto all&#8217;uso quotidiano.<br \/>\n\u2705 <strong>Un regalo elegante<\/strong> che conquister\u00e0 ogni amante dei coltelli e degli oggetti classici.<\/p>\n<div>\n<hr>\n<\/div>\n<h3>\ud83d\udd27 <strong>Manutenzione e rettifica<\/strong><\/h3>\n<p>\ud83e\uddfc <strong>Pulizia<\/strong> : pulire la lama dopo l&#8217;uso e applicare regolarmente olio al giunto del meccanismo.<br \/>\n\ud83e\ude92 <strong>Affilatura<\/strong> : utilizzare temperamatite diamantate o in ceramica di alta qualit\u00e0.<br \/>\n\ud83c\udf21\ufe0f <strong>Conservazione<\/strong> : conservare in un luogo asciutto, le corna di cervo possono essere sensibili all&#8217;umidit\u00e0 estrema.<\/p>\n<div>\n<hr>\n<\/div>\n<h3>\u2705 <strong>Benefici<\/strong><\/h3>\n<p>\u2714\ufe0f <strong>Manico in vero corno di cervo<\/strong> : aspetto unico ed estetica naturale.<br \/>\n\u2714\ufe0f <strong>Meccanismo di accensione rapido<\/strong> : risposta immediata con un solo pulsante.<br \/>\n\u2714\ufe0f <strong>Dimensioni compatte<\/strong> : comodo da trasportare e maneggiare.<br \/>\n\u2714\ufe0f <strong>Lama a baionetta tradizionale<\/strong> : taglio preciso con design elegante.<\/p>\n<div>\n<hr>\n<\/div>\n<h3>\u274c <strong>Svantaggi<\/strong><\/h3>\n<p>\u2757 <strong>Prezzo pi\u00f9 elevato<\/strong> : corrisponde alla qualit\u00e0 dei materiali e alla lavorazione artigianale.<br \/>\n\u2757 <strong>Le corna di cervo richiedono cure<\/strong> : possono essere sensibili alle condizioni estreme.<br \/>\n\u2757 <strong>Non adatto a lavori pesanti<\/strong> : \u00e8 pi\u00f9 un modello elegante e da collezione che uno strumento da lavoro.<\/p>\n<div>\n<hr>\n<\/div>\n<h3>\ud83d\udd1a <strong>Conclusion<\/strong><\/h3>\n<p><strong>Il coltello a baionetta Beltrame Stiletto Stag Horn da 23 cm<\/strong> \u00e8 <strong>un classico coltello italiano<\/strong> che piacer\u00e0 non solo ai collezionisti, ma anche a coloro che cercano <strong>un coltello pieghevole elegante, di alta qualit\u00e0 e affidabile<\/strong> . <strong>Se desideri aggiungere alla tua collezione un pezzo di eleganza tradizionale, questo modello \u00e8 la scelta ideale.<\/strong><\/p>\n<p>\ud83d\udce2 <strong>Ordina subito e amplia la tua collezione con un autentico stiletto italiano!<\/strong> \ud83d\uded2<\/p>\n<\/div>\n<\/div>\n<\/div>\n<\/div>\n<div class=\"pr-2 lg:pr-0\"><\/div>\n<\/div>\n<\/div>\n<\/div>\n<\/div>\n<\/article>\n<\/div>\n<\/div>\n<\/div>\n<\/div>\n<\/div>\n<div class=\"md:pt-0 dark:border-white\/20 md:border-transparent md:dark:border-transparent w-full\">\n<div>\n<div class=\"m-auto text-base px-3 md:px-4 w-full md:px-5 lg:px-4 xl:px-5\">\n<div class=\"mx-auto flex flex-1 gap-4 text-base md:gap-5 lg:gap-6 md:max-w-3xl\">\n<div class=\"flex justify-center\"><\/div>\n<\/div>\n<\/div>\n<\/div>\n<\/div>\n","protected":false},"excerpt":{"rendered":"<p><strong>Il coltello a baionetta Beltrame Stiletto Stag Horn da 23 cm \u00e8 un classico coltello italiano che piacer\u00e0 non solo ai collezionisti, ma anche a chi cerca un coltello pieghevole elegante, di alta qualit\u00e0 e affidabile. Se desideri aggiungere alla tua collezione un pezzo di eleganza tradizionale, questo modello \u00e8 la scelta ideale. <\/strong><\/p>\n","protected":false},"featured_media":322112,"comment_status":"open","ping_status":"closed","template":"","meta":[],"pwb-brand":[3780],"product_brand":[],"product_cat":[3745,3748],"product_tag":[3755],"class_list":{"0":"post-322107","1":"product","2":"type-product","3":"status-publish","4":"has-post-thumbnail","6":"pwb-brand-beltrame-it","7":"product_cat-coltelli","8":"product_cat-coltelli-da-tiro","9":"product_tag-b2b-it","11":"first","12":"outofstock","13":"taxable","14":"shipping-taxable","15":"purchasable","16":"product-type-simple"},"brands":[{"id":3780,"name":"Beltrame","slug":"beltrame-it"}],"_links":{"self":[{"href":"https:\/\/www.moskito.cz\/it\/wp-json\/wp\/v2\/product\/322107","targetHints":{"allow":["GET"]}}],"collection":[{"href":"https:\/\/www.moskito.cz\/it\/wp-json\/wp\/v2\/product"}],"about":[{"href":"https:\/\/www.moskito.cz\/it\/wp-json\/wp\/v2\/types\/product"}],"replies":[{"embeddable":true,"href":"https:\/\/www.moskito.cz\/it\/wp-json\/wp\/v2\/comments?post=322107"}],"wp:featuredmedia":[{"embeddable":true,"href":"https:\/\/www.moskito.cz\/it\/wp-json\/wp\/v2\/media\/322112"}],"wp:attachment":[{"href":"https:\/\/www.moskito.cz\/it\/wp-json\/wp\/v2\/media?parent=322107"}],"wp:term":[{"taxonomy":"pwb-brand","embeddable":true,"href":"https:\/\/www.moskito.cz\/it\/wp-json\/wp\/v2\/pwb-brand?post=322107"},{"taxonomy":"product_brand","embeddable":true,"href":"https:\/\/www.moskito.cz\/it\/wp-json\/wp\/v2\/product_brand?post=322107"},{"taxonomy":"product_cat","embeddable":true,"href":"https:\/\/www.moskito.cz\/it\/wp-json\/wp\/v2\/product_cat?post=322107"},{"taxonomy":"product_tag","embeddable":true,"href":"https:\/\/www.moskito.cz\/it\/wp-json\/wp\/v2\/product_tag?post=322107"}],"curies":[{"name":"wp","href":"https:\/\/api.w.org\/{rel}","templated":true}]}}