{"id":322156,"date":"2020-12-08T21:17:07","date_gmt":"2024-03-20T10:31:04","guid":{"rendered":"https:\/\/www.moskito.cz\/produkt\/coltello-da-tiro-in-plastica-beltrame-stiletto\/"},"modified":"2025-10-25T05:20:21","modified_gmt":"2025-10-25T04:20:21","slug":"coltello-da-tiro-in-plastica-beltrame-stiletto","status":"publish","type":"product","link":"https:\/\/www.moskito.cz\/it\/produkt\/coltello-da-tiro-in-plastica-beltrame-stiletto\/","title":{"rendered":"Coltello da tiro in plastica Beltrame Stiletto"},"content":{"rendered":"<p>Coltello da tiro in plastica <strong>Beltrame<\/strong> Stiletto.<\/p>\n<p>Coltello classico italiano Stiletto Black Dagger Coltello tradizionale italiano da 28 cm. I coltelli Frank Beltrame Stiletto, completamente realizzati a mano secondo i principi dell&#8217;artigianato italiano, sono famosi in tutto il mondo per la loro estrema leggerezza e durata. Per le sue caratteristiche, il pugnale italiano \u00e8 adatto all&#8217;utilizzo in qualsiasi ambiente, dalla caccia al campeggio. Costruzione solida e durevole, robusta molla di apertura della lama \u00e8 il segno distintivo delle classiche cinture a molla italiane Frank Beltrame.<\/p>\n<p>Molla &#8211; il produttore presta particolare attenzione al design della molla (acciaio inossidabile): la lama deve essere aperta entro pochi centesimi di secondo (caratteristica dei coltelli Stiletto). Il componente Beltrame produce un suono caratteristico (click) all&#8217;apertura della lama, che lo distingue dagli altri coltelli a molla. In questo esemplare il momento della potenza tira piacevolmente con la mano all&#8217;apertura, mostrando la potenza che giace dormiente nelle molle del Beltrame.<\/p>\n<p>Blocco: impedisce la piegatura o l&#8217;apertura accidentale della lama. L&#8217;apertura del coltello automatico avviene tramite un pulsante fisso situato sull&#8217;impugnatura.<\/p>\n<p>Lama &#8211; lama estremamente affilata e precisa con profilo a pugnale, spessore 3,5 mm, realizzata in acciaio inossidabile AISI 420 MA5M, facile da affilare, caratterizzata da un&#8217;elevata resistenza alla corrosione. Acciaio temprato 56 HRC. Un tipo di lama comune derivato dalla molatura piana fornisce buone propriet\u00e0 di taglio e penetrazione.<\/p>\n<p>Maniglia: rivestita con rivestimenti in polimero duro nero, rifinita con nichel lucido, offre una presa comoda e sicura. La parte interna della maniglia \u00e8 rifinita con inserti in ottone che ne aumentano il valore estetico. La sicurezza d&#8217;uso \u00e8 esaltata dalla forma ergonomica dell&#8217;impugnatura, che impedisce alla mano di scivolare durante il lavoro. Rivetti in ottone.<\/p>\n<p>Specifiche:<br \/>\nCodice prodotto: FB 28\/37<br \/>\nNome: classico stiletto italiano nero pugnale 28<br \/>\nTipo di acciaio: AISI 420 MA5M<br \/>\nDurezza della lama Rockwell: 56 HRC<br \/>\nLunghezza lama: 12 cm\/4,72&#8243;<br \/>\nSpessore lama: 0,35 cm \/ 1,13 &#8221;<br \/>\nLunghezza totale: 28 cm \/ 11,02&#8243;<br \/>\nPeso: 125 g \/ 4,19 once<br \/>\nLama: liscia<br \/>\nTipo di lama: pugnale (pugnale)<br \/>\nBlocco coltello: s\u00ec<br \/>\nTipo di manico: plastica<br \/>\nProduttore: F.LLI Beltrame, Italia<\/p>\n<p>I coltelli Beltrame sono prodotti in Italia dal 1953. L&#8217;azienda \u00e8 stata fondata da Frank Beltram. Il segreto per realizzare questi coltelli Stiletto fa parte della storia di Maniago, che viene tramandata di padre in figlio. Da bambino, Frank aiutava nella fabbrica di suo padre, dove in seguito inizi\u00f2 a lavorare come apprendista di suo padre. Inoltre, ha frequentato una scuola di coltelleria tradizionale, dove ha imparato tutto sui diversi materiali, sulle ultime tecnologie di lavorazione e sui diversi stili di design. Nel 1958 Frank e la sua famiglia iniziarono a produrre coltelli automatici. Un anno dopo la morte del padre di Frank per infarto mentre lavorava in fabbrica, Frank fond\u00f2 l&#8217;azienda Beltrame. Negli anni successivi continua lo studio e la ricerca sui coltelli, sui materiali adatti e sul design. Dopo poco tempo apparvero sul mercato imitazioni economiche provenienti da Taiwan, i tradizionali coltelli Stiletto italiani. Quindi Frank dovette affrontare un nuovo problema. Fortunatamente la qualit\u00e0 di questi coltelli economici parla da sola, ogni collezionista sa che non c&#8217;\u00e8 modo di paragonarli ad un vero pugnale Beltrame. I coltelli Beltrame hanno conquistato il riconoscimento dei clienti pi\u00f9 esigenti del mondo grazie alla passione di Frank per questi coltelli. Nella produzione dei coltelli sfrutta la sua pluriennale esperienza acquisita in tenera et\u00e0. Nel 2005 i coltelli Beltrame hanno ricevuto il certificato di qualit\u00e0 Maniago, con il quale hanno superato gli standard qualitativi europei. Ci\u00f2 significa che questi coltelli vengono testati ogni anno per la qualit\u00e0 dei materiali.<\/p>\n<p>Il supporto girevole in acciaio inossidabile o alpacca viene utilizzato per sbloccare la lama, anch&#8217;esso in acciaio inossidabile AISI 420 inossidabile MA5M HRC 56. L&#8217;apertura avviene tramite il pulsante situato al centro della maniglia.<\/p>\n<p>Descrizione<br \/>\nIl supporto girevole in acciaio inossidabile o alpacca viene utilizzato per sbloccare la lama, anch&#8217;esso in acciaio inossidabile AISI 420 inossidabile MA5M HRC 56. L&#8217;apertura avviene tramite il pulsante situato al centro della maniglia.<br \/>\nI manici possono essere in plastica colorata bianco, nero rosso, blu e verde, corno scuro, corno biondo e corno brasiliano, palissandro, cocobolo, legno d&#8217;ulivo, legno serpente, cervo, osso, abalone e madreperla.<br \/>\nLe camicie sono in ottone e la molla \u00e8 in acciaio inossidabile assemblata e piegata manualmente da Frank Beltrame, mai da una macchina.<br \/>\nI rivetti sulle maniglie sono in ottone<br \/>\nIl modello Classic \u00e8 interamente assemblato a mano con precisione e accuratezza e presenta una finitura artigianale.<\/p>\n","protected":false},"excerpt":{"rendered":"<p>I coltelli Beltrame sono prodotti in Italia dal 1953. L&#8217;azienda \u00e8 stata fondata da Frank Beltram. Il segreto per realizzare questi coltelli Stiletto fa parte della storia di Maniago, che viene tramandata di padre in figlio.<br \/>\n<strong>Fatto in Italia.<\/strong><\/p>\n","protected":false},"featured_media":256958,"comment_status":"open","ping_status":"closed","template":"","meta":[],"pwb-brand":[3780],"product_brand":[],"product_cat":[3745,3748],"product_tag":[3755],"class_list":{"0":"post-322156","1":"product","2":"type-product","3":"status-publish","4":"has-post-thumbnail","6":"pwb-brand-beltrame-it","7":"product_cat-coltelli","8":"product_cat-coltelli-da-tiro","9":"product_tag-b2b-it","11":"first","12":"outofstock","13":"taxable","14":"shipping-taxable","15":"purchasable","16":"product-type-simple"},"brands":[{"id":3780,"name":"Beltrame","slug":"beltrame-it"}],"_links":{"self":[{"href":"https:\/\/www.moskito.cz\/it\/wp-json\/wp\/v2\/product\/322156","targetHints":{"allow":["GET"]}}],"collection":[{"href":"https:\/\/www.moskito.cz\/it\/wp-json\/wp\/v2\/product"}],"about":[{"href":"https:\/\/www.moskito.cz\/it\/wp-json\/wp\/v2\/types\/product"}],"replies":[{"embeddable":true,"href":"https:\/\/www.moskito.cz\/it\/wp-json\/wp\/v2\/comments?post=322156"}],"wp:featuredmedia":[{"embeddable":true,"href":"https:\/\/www.moskito.cz\/it\/wp-json\/wp\/v2\/media\/256958"}],"wp:attachment":[{"href":"https:\/\/www.moskito.cz\/it\/wp-json\/wp\/v2\/media?parent=322156"}],"wp:term":[{"taxonomy":"pwb-brand","embeddable":true,"href":"https:\/\/www.moskito.cz\/it\/wp-json\/wp\/v2\/pwb-brand?post=322156"},{"taxonomy":"product_brand","embeddable":true,"href":"https:\/\/www.moskito.cz\/it\/wp-json\/wp\/v2\/product_brand?post=322156"},{"taxonomy":"product_cat","embeddable":true,"href":"https:\/\/www.moskito.cz\/it\/wp-json\/wp\/v2\/product_cat?post=322156"},{"taxonomy":"product_tag","embeddable":true,"href":"https:\/\/www.moskito.cz\/it\/wp-json\/wp\/v2\/product_tag?post=322156"}],"curies":[{"name":"wp","href":"https:\/\/api.w.org\/{rel}","templated":true}]}}