{"id":322284,"date":"2023-04-04T21:07:51","date_gmt":"2024-03-20T10:33:54","guid":{"rendered":"https:\/\/www.moskito.cz\/produkt\/andre-de-villiers-scavenger-coltello-pieghevole-con-lama-sabbiata-e-perline-lucide\/"},"modified":"2025-05-07T11:07:01","modified_gmt":"2025-05-07T10:07:01","slug":"andre-de-villiers-scavenger-coltello-pieghevole-con-lama-sabbiata-e-perline-lucide","status":"publish","type":"product","link":"https:\/\/www.moskito.cz\/it\/produkt\/andre-de-villiers-scavenger-coltello-pieghevole-con-lama-sabbiata-e-perline-lucide\/","title":{"rendered":"Andre De Villiers SCAVENGER Coltello pieghevole con lama sabbiata e perline lucide"},"content":{"rendered":"<p><strong>Andre De Villiers<\/strong> SCAVENGER Coltello pieghevole con lama sabbiata e perline lucide<\/p>\n<p>Per quanto riguarda i coltelli pieghevoli, non c&#8217;\u00e8 molto da paragonare alla pinna integrale Scavenger di Andre De Villiers e Rike Knives. \u00c8 davvero diverso da qualsiasi altra cosa abbiamo indossato, per diverse ragioni, ognuna delle quali ha a che fare con il suo aspetto intimidatorio. Non abbiamo mai visto un design complessivo cos\u00ec intricato, con un tema unico eseguito in modo cos\u00ec perfetto. Il dorso del coltello \u00e8 stato progettato per imitare la struttura scheletrica delle vertebre impilate, e questo si ripercuote anche nell&#8217;esclusiva clip per tasca in osso. Questo coltello \u00e8 incredibile nella mano, ha una qualit\u00e0 costruttiva estremamente solida e si apre con autorit\u00e0; Scavenger \u00e8 qui per fare una dichiarazione!<\/p>\n<p>Generalmente quando si vedono coltelli come questo si tende a sacrificare la qualit\u00e0 a favore dell&#8217;estetica, ma con lo Scavenger non \u00e8 cos\u00ec al 100%. Questo coltello \u00e8 un vero pezzo ADV costruito per resistere e avere un bell&#8217;aspetto nel farlo. Quando Andre stava cercando un produttore per questo design, aveva alcune opzioni diverse e ha deciso di scegliere Rike Knives perch\u00e9 erano in grado di fornire esattamente la qualit\u00e0 che stava cercando. Andre non voleva un componente di produzione standard qui, voleva un coltello che rivaleggiasse con la sua tecnologia media in termini di qualit\u00e0 e doveva essere integrale. Questo progetto \u00e8 arrivato da molto, molto tempo e pensiamo che Rike l&#8217;abbia messo fuori gioco con questo. \u00c8 un design unico superbamente realizzato per essere un versatile EDC o coltello tattico su cui puoi fare affidamento al 100% per la tua vita.<\/p>\n<p>Specifiche:<br \/>\nMateriale lama: M390<\/p>\n<p>Trattamento superficiale della lama: Satinato<\/p>\n<p>Meccanismo di bloccaggio: blocco del telaio<\/p>\n<p>Meccanismo di apertura: Fin<\/p>\n<p>Progettista: Andr\u00e9 de Villiers<\/p>\n<p>Peso: 178 g<\/p>\n<p>Lunghezza totale:: 25 cm<\/p>\n<p>Lunghezza lama:: 11 cm<\/p>\n<p>Lunghezza piegata:: 14 cm<\/p>\n<p>Spessore lama: 0,45 cm<\/p>\n<p>Paese di origine:: Sud Africa<\/p>\n<p>&nbsp;<\/p>\n","protected":false},"excerpt":{"rendered":"<p><strong>Il coltello AdV Savage ha un&#8217;apertura liscia con blocco del telaio in titanio.<\/strong><\/p>\n","protected":false},"featured_media":322292,"comment_status":"open","ping_status":"closed","template":"","meta":[],"pwb-brand":[3825],"product_brand":[],"product_cat":[3745,3749],"product_tag":[3755],"class_list":{"0":"post-322284","1":"product","2":"type-product","3":"status-publish","4":"has-post-thumbnail","6":"pwb-brand-andre-de-villiers-it","7":"product_cat-coltelli","8":"product_cat-coltelli-di-chiusura","9":"product_tag-b2b-it","11":"first","12":"instock","13":"taxable","14":"shipping-taxable","15":"purchasable","16":"product-type-simple"},"brands":[{"id":3825,"name":"Andr\u00e9 De Villiers","slug":"andre-de-villiers-it"}],"_links":{"self":[{"href":"https:\/\/www.moskito.cz\/it\/wp-json\/wp\/v2\/product\/322284","targetHints":{"allow":["GET"]}}],"collection":[{"href":"https:\/\/www.moskito.cz\/it\/wp-json\/wp\/v2\/product"}],"about":[{"href":"https:\/\/www.moskito.cz\/it\/wp-json\/wp\/v2\/types\/product"}],"replies":[{"embeddable":true,"href":"https:\/\/www.moskito.cz\/it\/wp-json\/wp\/v2\/comments?post=322284"}],"wp:featuredmedia":[{"embeddable":true,"href":"https:\/\/www.moskito.cz\/it\/wp-json\/wp\/v2\/media\/322292"}],"wp:attachment":[{"href":"https:\/\/www.moskito.cz\/it\/wp-json\/wp\/v2\/media?parent=322284"}],"wp:term":[{"taxonomy":"pwb-brand","embeddable":true,"href":"https:\/\/www.moskito.cz\/it\/wp-json\/wp\/v2\/pwb-brand?post=322284"},{"taxonomy":"product_brand","embeddable":true,"href":"https:\/\/www.moskito.cz\/it\/wp-json\/wp\/v2\/product_brand?post=322284"},{"taxonomy":"product_cat","embeddable":true,"href":"https:\/\/www.moskito.cz\/it\/wp-json\/wp\/v2\/product_cat?post=322284"},{"taxonomy":"product_tag","embeddable":true,"href":"https:\/\/www.moskito.cz\/it\/wp-json\/wp\/v2\/product_tag?post=322284"}],"curies":[{"name":"wp","href":"https:\/\/api.w.org\/{rel}","templated":true}]}}